{"id":6721,"date":"2024-11-24T14:18:44","date_gmt":"2024-11-24T14:18:44","guid":{"rendered":"https:\/\/filatelia.cuentista.es\/product\/sello-argentina-1943-feria-del-libro-argentino-5c-azul-nuevo"},"modified":"2024-11-24T14:18:47","modified_gmt":"2024-11-24T14:18:47","slug":"sello-argentina-1943-feria-del-libro-argentino-5c-azul-nuevo","status":"publish","type":"product","link":"https:\/\/filatelia.cuentista.es\/en\/product\/sello-argentina-1943-feria-del-libro-argentino-5c-azul-nuevo","title":{"rendered":"Sello Argentina 1943 &#8211; Feria del Libro Argentino- 5c Azul Nuevo"},"content":{"rendered":"<p>Books Fair &#8211; Books and Argentine flag<\/p>\n<p><img class=\"size-full\"><img class=\"size-full\"><\/p>\n<p>Pa\u00eds:<\/p>\n<p>Argentina<\/p>\n<p>C\u00f3digo de cat\u00e1logo:<\/p>\n<p>Michel AR 474<\/p>\n<p>Stamp Number AR 507<\/p>\n<p>Yvert et Tellier AR 428<\/p>\n<p>Stanley Gibbons AR 723<\/p>\n<p>Gz (Cefiloza) AR 567<\/p>\n<p>G\u00f6tig and Jalil AR 895<\/p>\n<p>Temas:<\/p>\n<p>Banderas | Libros<\/p>\n<p>Fecha emisi\u00f3n:<\/p>\n<p>1943-04-01<\/p>\n<p>Tama\u00f1o:<\/p>\n<p>24 x 30 mm<\/p>\n<p>Colores:<\/p>\n<p>Azul mate<\/p>\n<p>Marca de agua:<\/p>\n<p>Sol de rayos rectos RA normal\/invertido<\/p>\n<p>Formato:<\/p>\n<p>Sello<\/p>\n<p>Emisi\u00f3n:<\/p>\n<p>Conmemorativo<\/p>\n<p>Perforaci\u00f3n:<\/p>\n<p>13<\/p>\n<p>Impresi\u00f3n:<\/p>\n<p>Litograf\u00eda offset<\/p>\n<p>Papel:<\/p>\n<p>Italian, vertically grained<\/p>\n<p>Valor facial:<\/p>\n<p>5 \u00a2 &#8211; Centavo Argentino<\/p>\n<p>Tiraje:<\/p>\n<p>20.000.000<\/p>\n<p><a href=\"https:\/\/colnect.com\/stamps\/stamp\/128865\">https:\/\/colnect.com\/stamps\/stamp\/128865<\/a><\/p>","protected":false},"excerpt":{"rendered":"<p>Books Fair &#8211; Books and Argentine flag Pa\u00eds: Argentina C\u00f3digo de cat\u00e1logo: Michel AR 474 Stamp Number AR 507 Yvert et Tellier AR 428 Stanley Gibbons AR 723 Gz (Cefiloza) AR 567 G\u00f6tig and Jalil AR 895 Temas: Banderas | Libros Fecha emisi\u00f3n: 1943-04-01 Tama\u00f1o: 24 x 30 mm Colores: Azul mate Marca de agua: &hellip;<\/p>\n<p class=\"read-more\"> <a class=\"thunk-readmore button\" href=\"https:\/\/filatelia.cuentista.es\/en\/product\/sello-argentina-1943-feria-del-libro-argentino-5c-azul-nuevo\"> <span class=\"screen-reader-text\">Sello Argentina 1943 &#8211; Feria del Libro Argentino- 5c Azul Nuevo<\/span>Read More<\/a><\/p>","protected":false},"featured_media":6720,"comment_status":"open","ping_status":"closed","template":"","meta":{"_acf_changed":false},"product_brand":[],"product_cat":[1568,21],"product_tag":[],"class_list":{"0":"post-6721","1":"product","2":"type-product","3":"status-publish","4":"has-post-thumbnail","6":"product_cat-argentina","7":"product_cat-sellos-nuevos","8":"thunk-woo-product-list","9":"opn-qv-enable","10":"open-woo-hover-zoom","11":"open-single-product-tab-horizontal","12":"open-shadow-","13":"open-shadow-hover-","15":"first","16":"instock","17":"shipping-taxable","18":"purchasable","19":"product-type-simple"},"acf":[],"jetpack_sharing_enabled":true,"_links":{"self":[{"href":"https:\/\/filatelia.cuentista.es\/en\/wp-json\/wp\/v2\/product\/6721","targetHints":{"allow":["GET"]}}],"collection":[{"href":"https:\/\/filatelia.cuentista.es\/en\/wp-json\/wp\/v2\/product"}],"about":[{"href":"https:\/\/filatelia.cuentista.es\/en\/wp-json\/wp\/v2\/types\/product"}],"replies":[{"embeddable":true,"href":"https:\/\/filatelia.cuentista.es\/en\/wp-json\/wp\/v2\/comments?post=6721"}],"wp:featuredmedia":[{"embeddable":true,"href":"https:\/\/filatelia.cuentista.es\/en\/wp-json\/wp\/v2\/media\/6720"}],"wp:attachment":[{"href":"https:\/\/filatelia.cuentista.es\/en\/wp-json\/wp\/v2\/media?parent=6721"}],"wp:term":[{"taxonomy":"product_brand","embeddable":true,"href":"https:\/\/filatelia.cuentista.es\/en\/wp-json\/wp\/v2\/product_brand?post=6721"},{"taxonomy":"product_cat","embeddable":true,"href":"https:\/\/filatelia.cuentista.es\/en\/wp-json\/wp\/v2\/product_cat?post=6721"},{"taxonomy":"product_tag","embeddable":true,"href":"https:\/\/filatelia.cuentista.es\/en\/wp-json\/wp\/v2\/product_tag?post=6721"}],"curies":[{"name":"wp","href":"https:\/\/api.w.org\/{rel}","templated":true}]}}