{"id":6717,"date":"2024-11-24T13:10:22","date_gmt":"2024-11-24T13:10:22","guid":{"rendered":"https:\/\/filatelia.cuentista.es\/product\/sello-argentina-1965-base-conjuntq-antonio-matienzo-11-pesos-aereo-naranja-nuevo"},"modified":"2024-11-24T13:10:26","modified_gmt":"2024-11-24T13:10:26","slug":"sello-argentina-1965-base-conjuntq-antonio-matienzo-11-pesos-aereo-naranja-nuevo","status":"publish","type":"product","link":"https:\/\/filatelia.cuentista.es\/en\/product\/sello-argentina-1965-base-conjuntq-antonio-matienzo-11-pesos-aereo-naranja-nuevo","title":{"rendered":"Sello Argentina 1965 &#8211; Bas\u00e9 Conjuntq Antonio Matienzo &#8211; 11 Pesos A\u00e9reo Naranja Nuevo"},"content":{"rendered":"<p>Base \u00abTeniente Matienzo\u00bb<\/p>\n<p><img class=\"size-full\"><img class=\"size-full\"><\/p>\n<p>Pa\u00eds:<\/p>\n<p>Argentina<\/p>\n<p>Serie:<\/p>\n<p>Argentina in the Antarctic &#8211; 1965<\/p>\n<p>C\u00f3digo de cat\u00e1logo:<\/p>\n<p>Michel AR 858<\/p>\n<p>Stamp Number AR C95<\/p>\n<p>Yvert et Tellier AR PA103<\/p>\n<p>Stanley Gibbons AR 1128<\/p>\n<p>Gz (Cefiloza) AR Ae131<\/p>\n<p>G\u00f6tig and Jalil AR 1294<\/p>\n<p>Tiene variantes menores: 1<\/p>\n<p>Temas:<\/p>\n<p>Aviaci\u00f3n | Aviones | Glaciares<\/p>\n<p>Fecha emisi\u00f3n:<\/p>\n<p>1965-02-27<\/p>\n<p>Tama\u00f1o:<\/p>\n<p>37 x 27 mm<\/p>\n<p>Colores:<\/p>\n<p>Bermell\u00f3n<\/p>\n<p>Marca de agua:<\/p>\n<p>Sol redondo RA (9&#215;8,5 mm) normal\/invertido<\/p>\n<p>Impresores\/Imprentas:<\/p>\n<p>Casa de Moneda S.E., Buenos Aires<\/p>\n<p>Formato:<\/p>\n<p>Sello<\/p>\n<p>Emisi\u00f3n:<\/p>\n<p>Correo A\u00e9reo<\/p>\n<p>Perforaci\u00f3n:<\/p>\n<p>peine13\u00bd<\/p>\n<p>Impresi\u00f3n:<\/p>\n<p>Fotograbado<\/p>\n<p>Papel:<\/p>\n<p>National, horizontally laid<\/p>\n<p>Valor facial:<\/p>\n<p>11 m$n &#8211; Peso Moneda Nacional Argentino<\/p>\n<p>Tiraje:<\/p>\n<p>1.000.000<\/p>\n<p><a href=\"https:\/\/colnect.com\/stamps\/stamp\/383161\">https:\/\/colnect.com\/stamps\/stamp\/383161<\/a><\/p>","protected":false},"excerpt":{"rendered":"<p>Base \u00abTeniente Matienzo\u00bb Pa\u00eds: Argentina Serie: Argentina in the Antarctic &#8211; 1965 C\u00f3digo de cat\u00e1logo: Michel AR 858 Stamp Number AR C95 Yvert et Tellier AR PA103 Stanley Gibbons AR 1128 Gz (Cefiloza) AR Ae131 G\u00f6tig and Jalil AR 1294 Tiene variantes menores: 1 Temas: Aviaci\u00f3n | Aviones | Glaciares Fecha emisi\u00f3n: 1965-02-27 Tama\u00f1o: 37 &hellip;<\/p>\n<p class=\"read-more\"> <a class=\"thunk-readmore button\" href=\"https:\/\/filatelia.cuentista.es\/en\/product\/sello-argentina-1965-base-conjuntq-antonio-matienzo-11-pesos-aereo-naranja-nuevo\"> <span class=\"screen-reader-text\">Sello Argentina 1965 &#8211; Bas\u00e9 Conjuntq Antonio Matienzo &#8211; 11 Pesos A\u00e9reo Naranja Nuevo<\/span>Read More<\/a><\/p>","protected":false},"featured_media":6716,"comment_status":"open","ping_status":"closed","template":"","meta":{"_acf_changed":false},"product_brand":[],"product_cat":[1568,815,21],"product_tag":[],"class_list":{"0":"post-6717","1":"product","2":"type-product","3":"status-publish","4":"has-post-thumbnail","6":"product_cat-argentina","7":"product_cat-correo-aereo","8":"product_cat-sellos-nuevos","9":"thunk-woo-product-list","10":"opn-qv-enable","11":"open-woo-hover-zoom","12":"open-single-product-tab-horizontal","13":"open-shadow-","14":"open-shadow-hover-","16":"first","17":"instock","18":"shipping-taxable","19":"purchasable","20":"product-type-simple"},"acf":[],"jetpack_sharing_enabled":true,"_links":{"self":[{"href":"https:\/\/filatelia.cuentista.es\/en\/wp-json\/wp\/v2\/product\/6717","targetHints":{"allow":["GET"]}}],"collection":[{"href":"https:\/\/filatelia.cuentista.es\/en\/wp-json\/wp\/v2\/product"}],"about":[{"href":"https:\/\/filatelia.cuentista.es\/en\/wp-json\/wp\/v2\/types\/product"}],"replies":[{"embeddable":true,"href":"https:\/\/filatelia.cuentista.es\/en\/wp-json\/wp\/v2\/comments?post=6717"}],"wp:featuredmedia":[{"embeddable":true,"href":"https:\/\/filatelia.cuentista.es\/en\/wp-json\/wp\/v2\/media\/6716"}],"wp:attachment":[{"href":"https:\/\/filatelia.cuentista.es\/en\/wp-json\/wp\/v2\/media?parent=6717"}],"wp:term":[{"taxonomy":"product_brand","embeddable":true,"href":"https:\/\/filatelia.cuentista.es\/en\/wp-json\/wp\/v2\/product_brand?post=6717"},{"taxonomy":"product_cat","embeddable":true,"href":"https:\/\/filatelia.cuentista.es\/en\/wp-json\/wp\/v2\/product_cat?post=6717"},{"taxonomy":"product_tag","embeddable":true,"href":"https:\/\/filatelia.cuentista.es\/en\/wp-json\/wp\/v2\/product_tag?post=6717"}],"curies":[{"name":"wp","href":"https:\/\/api.w.org\/{rel}","templated":true}]}}