{"id":6713,"date":"2024-11-24T12:58:31","date_gmt":"2024-11-24T12:58:31","guid":{"rendered":"https:\/\/filatelia.cuentista.es\/product\/sello-argentina-1960-pumas-sobreimpreso-s-oficial-50c-marron-claro-nuevo"},"modified":"2025-01-11T15:05:52","modified_gmt":"2025-01-11T15:05:52","slug":"sello-argentina-1960-pumas-sobreimpreso-s-oficial-50c-marron-claro-nuevo","status":"publish","type":"product","link":"https:\/\/filatelia.cuentista.es\/en\/product\/sello-argentina-1960-pumas-sobreimpreso-s-oficial-50c-marron-claro-nuevo","title":{"rendered":"Sello Argentina 1960 &#8211; Pumas sobreimpreso S. Oficial &#8211; 50c Marr\u00f3n Claro Nuevo"},"content":{"rendered":"<p>Coguar (Felis concolor), ovpt.<\/p>\n<p><img class=\"size-full\"><img class=\"size-full\"><\/p>\n<p>Pa\u00eds:<\/p>\n<p>Argentina<\/p>\n<p>Serie:<\/p>\n<p>Official<\/p>\n<p>C\u00f3digo de cat\u00e1logo:<\/p>\n<p>Gz (Cefiloza) AR O615C<\/p>\n<p>Sobreimpreso:<\/p>\n<p>Click para ver sobreimpresiones y recargos<\/p>\n<p>Variante menor de #363403<\/p>\n<p>Temas:<\/p>\n<p>Animales (Fauna) | Felinos | Mam\u00edferos | Pumas<\/p>\n<p>Fecha emisi\u00f3n:<\/p>\n<p>1960<\/p>\n<p>Tama\u00f1o:<\/p>\n<p>30 x 24 mm<\/p>\n<p>Colores:<\/p>\n<p>Ocre Amarillo<\/p>\n<p>Marca de agua:<\/p>\n<p>Sol redondo RA (9&#215;8,5 mm) de lado a izquierda\/derecha<\/p>\n<p>Formato:<\/p>\n<p>Sello<\/p>\n<p>Emisi\u00f3n:<\/p>\n<p>Oficial<\/p>\n<p>Perforaci\u00f3n:<\/p>\n<p>peine13 x 13\u00bc<\/p>\n<p>Impresi\u00f3n:<\/p>\n<p>Litograf\u00eda offset<\/p>\n<p>Papel:<\/p>\n<p>National, vertically laid<\/p>\n<p>Valor facial:<\/p>\n<p>50 \u00a2 &#8211; Centavo Argentino<\/p>\n<p><a href=\"https:\/\/colnect.com\/stamps\/stamp\/689148\">https:\/\/colnect.com\/stamps\/stamp\/689148<\/a><\/p>","protected":false},"excerpt":{"rendered":"<p>Coguar (Felis concolor), ovpt. Pa\u00eds: Argentina Serie: Official C\u00f3digo de cat\u00e1logo: Gz (Cefiloza) AR O615C Sobreimpreso: Click para ver sobreimpresiones y recargos Variante menor de #363403 Temas: Animales (Fauna) | Felinos | Mam\u00edferos | Pumas Fecha emisi\u00f3n: 1960 Tama\u00f1o: 30 x 24 mm Colores: Ocre Amarillo Marca de agua: Sol redondo RA (9&#215;8,5 mm) de &hellip;<\/p>\n<p class=\"read-more\"> <a class=\"thunk-readmore button\" href=\"https:\/\/filatelia.cuentista.es\/en\/product\/sello-argentina-1960-pumas-sobreimpreso-s-oficial-50c-marron-claro-nuevo\"> <span class=\"screen-reader-text\">Sello Argentina 1960 &#8211; Pumas sobreimpreso S. Oficial &#8211; 50c Marr\u00f3n Claro Nuevo<\/span>Read More<\/a><\/p>","protected":false},"featured_media":6712,"comment_status":"open","ping_status":"closed","template":"","meta":{"_acf_changed":false},"product_brand":[],"product_cat":[1568,1545,21],"product_tag":[1139],"class_list":{"0":"post-6713","1":"product","2":"type-product","3":"status-publish","4":"has-post-thumbnail","6":"product_cat-argentina","7":"product_cat-sobreimpreso","8":"product_cat-sellos-nuevos","9":"product_tag-animal","10":"thunk-woo-product-list","11":"opn-qv-enable","12":"open-woo-hover-zoom","13":"open-single-product-tab-horizontal","14":"open-shadow-","15":"open-shadow-hover-","17":"first","18":"instock","19":"shipping-taxable","20":"purchasable","21":"product-type-simple"},"acf":[],"jetpack_sharing_enabled":true,"_links":{"self":[{"href":"https:\/\/filatelia.cuentista.es\/en\/wp-json\/wp\/v2\/product\/6713","targetHints":{"allow":["GET"]}}],"collection":[{"href":"https:\/\/filatelia.cuentista.es\/en\/wp-json\/wp\/v2\/product"}],"about":[{"href":"https:\/\/filatelia.cuentista.es\/en\/wp-json\/wp\/v2\/types\/product"}],"replies":[{"embeddable":true,"href":"https:\/\/filatelia.cuentista.es\/en\/wp-json\/wp\/v2\/comments?post=6713"}],"wp:featuredmedia":[{"embeddable":true,"href":"https:\/\/filatelia.cuentista.es\/en\/wp-json\/wp\/v2\/media\/6712"}],"wp:attachment":[{"href":"https:\/\/filatelia.cuentista.es\/en\/wp-json\/wp\/v2\/media?parent=6713"}],"wp:term":[{"taxonomy":"product_brand","embeddable":true,"href":"https:\/\/filatelia.cuentista.es\/en\/wp-json\/wp\/v2\/product_brand?post=6713"},{"taxonomy":"product_cat","embeddable":true,"href":"https:\/\/filatelia.cuentista.es\/en\/wp-json\/wp\/v2\/product_cat?post=6713"},{"taxonomy":"product_tag","embeddable":true,"href":"https:\/\/filatelia.cuentista.es\/en\/wp-json\/wp\/v2\/product_tag?post=6713"}],"curies":[{"name":"wp","href":"https:\/\/api.w.org\/{rel}","templated":true}]}}