{"id":6709,"date":"2024-11-24T12:50:16","date_gmt":"2024-11-24T12:50:16","guid":{"rendered":"https:\/\/filatelia.cuentista.es\/product\/sello-argentina-1993-coprinus-atramentarius-025-usado"},"modified":"2024-11-24T12:50:20","modified_gmt":"2024-11-24T12:50:20","slug":"sello-argentina-1993-coprinus-atramentarius-025-usado","status":"publish","type":"product","link":"https:\/\/filatelia.cuentista.es\/en\/product\/sello-argentina-1993-coprinus-atramentarius-025-usado","title":{"rendered":"Sello Argentina 1993 &#8211; Coprinus atramentarius &#8211; 0,25 $ Usado"},"content":{"rendered":"<p>Coprinus atramentarius<\/p>\n<p><img class=\"size-full\"><\/p>\n<p>Pa\u00eds:<\/p>\n<p>Argentina<\/p>\n<p>Serie:<\/p>\n<p>Mushrooms &amp; Fungi<\/p>\n<p>C\u00f3digo de cat\u00e1logo:<\/p>\n<p>Michel AR 2181<\/p>\n<p>Stamp Number AR 1749<\/p>\n<p>Yvert et Tellier AR 1823<\/p>\n<p>Stanley Gibbons AR 2280<\/p>\n<p>Gz (Cefiloza) AR 2155<\/p>\n<p>G\u00f6tig and Jalil AR 2592<\/p>\n<p>Tiene variantes menores: 5<\/p>\n<p>Temas:<\/p>\n<p>Setas<\/p>\n<p>Fecha emisi\u00f3n:<\/p>\n<p>1993-08-17<\/p>\n<p>Tama\u00f1o:<\/p>\n<p>27 x 38.5 mm<\/p>\n<p>Colores:<\/p>\n<p>Multicolor<\/p>\n<p>Marca de agua:<\/p>\n<p>Sin Marca de agua<\/p>\n<p>Dise\u00f1adores:<\/p>\n<p>Carlos A. Quaglia<\/p>\n<p>Impresores\/Imprentas:<\/p>\n<p>Casa de Moneda S.E., Buenos Aires<\/p>\n<p>Formato:<\/p>\n<p>Sello<\/p>\n<p>Emisi\u00f3n:<\/p>\n<p>Definitivo<\/p>\n<p>Perforaci\u00f3n:<\/p>\n<p>peine13\u00bd<\/p>\n<p>Impresi\u00f3n:<\/p>\n<p>Fotograbado<\/p>\n<p>Papel:<\/p>\n<p>fluorescent FFo (strong at front, strong &amp; dark at back), plain<\/p>\n<p>Goma:<\/p>\n<p>Ordinaria<\/p>\n<p>Valor facial:<\/p>\n<p>0,25 $ &#8211; Peso Argentino<\/p>\n<p><a href=\"https:\/\/colnect.com\/stamps\/stamp\/405769\">https:\/\/colnect.com\/stamps\/stamp\/405769<\/a><\/p>","protected":false},"excerpt":{"rendered":"<p>Coprinus atramentarius Pa\u00eds: Argentina Serie: Mushrooms &amp; Fungi C\u00f3digo de cat\u00e1logo: Michel AR 2181 Stamp Number AR 1749 Yvert et Tellier AR 1823 Stanley Gibbons AR 2280 Gz (Cefiloza) AR 2155 G\u00f6tig and Jalil AR 2592 Tiene variantes menores: 5 Temas: Setas Fecha emisi\u00f3n: 1993-08-17 Tama\u00f1o: 27 x 38.5 mm Colores: Multicolor Marca de agua: &hellip;<\/p>\n<p class=\"read-more\"> <a class=\"thunk-readmore button\" href=\"https:\/\/filatelia.cuentista.es\/en\/product\/sello-argentina-1993-coprinus-atramentarius-025-usado\"> <span class=\"screen-reader-text\">Sello Argentina 1993 &#8211; Coprinus atramentarius &#8211; 0,25 $ Usado<\/span>Read More<\/a><\/p>","protected":false},"featured_media":6708,"comment_status":"open","ping_status":"closed","template":"","meta":{"_acf_changed":false},"product_brand":[],"product_cat":[1568,20],"product_tag":[],"class_list":{"0":"post-6709","1":"product","2":"type-product","3":"status-publish","4":"has-post-thumbnail","6":"product_cat-argentina","7":"product_cat-sellos-usados","8":"thunk-woo-product-list","9":"opn-qv-enable","10":"open-woo-hover-zoom","11":"open-single-product-tab-horizontal","12":"open-shadow-","13":"open-shadow-hover-","15":"first","16":"instock","17":"shipping-taxable","18":"purchasable","19":"product-type-simple"},"acf":[],"jetpack_sharing_enabled":true,"_links":{"self":[{"href":"https:\/\/filatelia.cuentista.es\/en\/wp-json\/wp\/v2\/product\/6709","targetHints":{"allow":["GET"]}}],"collection":[{"href":"https:\/\/filatelia.cuentista.es\/en\/wp-json\/wp\/v2\/product"}],"about":[{"href":"https:\/\/filatelia.cuentista.es\/en\/wp-json\/wp\/v2\/types\/product"}],"replies":[{"embeddable":true,"href":"https:\/\/filatelia.cuentista.es\/en\/wp-json\/wp\/v2\/comments?post=6709"}],"wp:featuredmedia":[{"embeddable":true,"href":"https:\/\/filatelia.cuentista.es\/en\/wp-json\/wp\/v2\/media\/6708"}],"wp:attachment":[{"href":"https:\/\/filatelia.cuentista.es\/en\/wp-json\/wp\/v2\/media?parent=6709"}],"wp:term":[{"taxonomy":"product_brand","embeddable":true,"href":"https:\/\/filatelia.cuentista.es\/en\/wp-json\/wp\/v2\/product_brand?post=6709"},{"taxonomy":"product_cat","embeddable":true,"href":"https:\/\/filatelia.cuentista.es\/en\/wp-json\/wp\/v2\/product_cat?post=6709"},{"taxonomy":"product_tag","embeddable":true,"href":"https:\/\/filatelia.cuentista.es\/en\/wp-json\/wp\/v2\/product_tag?post=6709"}],"curies":[{"name":"wp","href":"https:\/\/api.w.org\/{rel}","templated":true}]}}