{"id":6707,"date":"2024-11-24T12:45:03","date_gmt":"2024-11-24T12:45:03","guid":{"rendered":"https:\/\/filatelia.cuentista.es\/product\/sello-argentina-1964-islas-del-sur-4-pesos-usado"},"modified":"2024-11-24T12:45:07","modified_gmt":"2024-11-24T12:45:07","slug":"sello-argentina-1964-islas-del-sur-4-pesos-usado","status":"publish","type":"product","link":"https:\/\/filatelia.cuentista.es\/en\/product\/sello-argentina-1964-islas-del-sur-4-pesos-usado","title":{"rendered":"Sello Argentina 1964 &#8211; Islas del sur &#8211; 4 Pesos Usado"},"content":{"rendered":"<p>Argentina Map<\/p>\n<p><img class=\"size-full\"><img class=\"size-full\"><\/p>\n<p>Pa\u00eds:<\/p>\n<p>Argentina<\/p>\n<p>Serie:<\/p>\n<p>Argentina in the Antarctic &#8211; 1964<\/p>\n<p>C\u00f3digo de cat\u00e1logo:<\/p>\n<p>Michel AR 835<\/p>\n<p>Stamp Number AR 758<\/p>\n<p>Yvert et Tellier AR 683<\/p>\n<p>Stanley Gibbons AR 1106<\/p>\n<p>Gz (Cefiloza) AR 867<\/p>\n<p>G\u00f6tig and Jalil AR 1273<\/p>\n<p>Tiene variantes menores: 3<\/p>\n<p>Temas:<\/p>\n<p>Aniversarios y Jubileos | Mapas<\/p>\n<p>Fecha emisi\u00f3n:<\/p>\n<p>1964-02-22<\/p>\n<p>Tama\u00f1o:<\/p>\n<p>34 x 44 mm<\/p>\n<p>Colores:<\/p>\n<p>Multicolor<\/p>\n<p>Marca de agua:<\/p>\n<p>Sol redondo RA (9&#215;8,5 mm) normal\/invertido<\/p>\n<p>Impresores\/Imprentas:<\/p>\n<p>Casa de Moneda S.E., Buenos Aires<\/p>\n<p>Formato:<\/p>\n<p>Sello<\/p>\n<p>Emisi\u00f3n:<\/p>\n<p>Conmemorativo<\/p>\n<p>Perforaci\u00f3n:<\/p>\n<p>peine13\u00bd<\/p>\n<p>Impresi\u00f3n:<\/p>\n<p>Litograf\u00eda offset<\/p>\n<p>Papel:<\/p>\n<p>National, vertically grained<\/p>\n<p>Valor facial:<\/p>\n<p>4 m$n &#8211; Peso Moneda Nacional Argentino<\/p>\n<p>Tiraje:<\/p>\n<p>2.000.000<\/p>\n<p><a href=\"https:\/\/colnect.com\/stamps\/stamp\/383133\">https:\/\/colnect.com\/stamps\/stamp\/383133<\/a><\/p>","protected":false},"excerpt":{"rendered":"<p>Argentina Map Pa\u00eds: Argentina Serie: Argentina in the Antarctic &#8211; 1964 C\u00f3digo de cat\u00e1logo: Michel AR 835 Stamp Number AR 758 Yvert et Tellier AR 683 Stanley Gibbons AR 1106 Gz (Cefiloza) AR 867 G\u00f6tig and Jalil AR 1273 Tiene variantes menores: 3 Temas: Aniversarios y Jubileos | Mapas Fecha emisi\u00f3n: 1964-02-22 Tama\u00f1o: 34 x &hellip;<\/p>\n<p class=\"read-more\"> <a class=\"thunk-readmore button\" href=\"https:\/\/filatelia.cuentista.es\/en\/product\/sello-argentina-1964-islas-del-sur-4-pesos-usado\"> <span class=\"screen-reader-text\">Sello Argentina 1964 &#8211; Islas del sur &#8211; 4 Pesos Usado<\/span>Read More<\/a><\/p>","protected":false},"featured_media":6706,"comment_status":"open","ping_status":"closed","template":"","meta":{"_acf_changed":false},"product_brand":[],"product_cat":[1568],"product_tag":[],"class_list":{"0":"post-6707","1":"product","2":"type-product","3":"status-publish","4":"has-post-thumbnail","6":"product_cat-argentina","7":"thunk-woo-product-list","8":"opn-qv-enable","9":"open-woo-hover-zoom","10":"open-single-product-tab-horizontal","11":"open-shadow-","12":"open-shadow-hover-","14":"first","15":"instock","16":"shipping-taxable","17":"purchasable","18":"product-type-simple"},"acf":[],"jetpack_sharing_enabled":true,"_links":{"self":[{"href":"https:\/\/filatelia.cuentista.es\/en\/wp-json\/wp\/v2\/product\/6707","targetHints":{"allow":["GET"]}}],"collection":[{"href":"https:\/\/filatelia.cuentista.es\/en\/wp-json\/wp\/v2\/product"}],"about":[{"href":"https:\/\/filatelia.cuentista.es\/en\/wp-json\/wp\/v2\/types\/product"}],"replies":[{"embeddable":true,"href":"https:\/\/filatelia.cuentista.es\/en\/wp-json\/wp\/v2\/comments?post=6707"}],"wp:featuredmedia":[{"embeddable":true,"href":"https:\/\/filatelia.cuentista.es\/en\/wp-json\/wp\/v2\/media\/6706"}],"wp:attachment":[{"href":"https:\/\/filatelia.cuentista.es\/en\/wp-json\/wp\/v2\/media?parent=6707"}],"wp:term":[{"taxonomy":"product_brand","embeddable":true,"href":"https:\/\/filatelia.cuentista.es\/en\/wp-json\/wp\/v2\/product_brand?post=6707"},{"taxonomy":"product_cat","embeddable":true,"href":"https:\/\/filatelia.cuentista.es\/en\/wp-json\/wp\/v2\/product_cat?post=6707"},{"taxonomy":"product_tag","embeddable":true,"href":"https:\/\/filatelia.cuentista.es\/en\/wp-json\/wp\/v2\/product_tag?post=6707"}],"curies":[{"name":"wp","href":"https:\/\/api.w.org\/{rel}","templated":true}]}}