{"id":6703,"date":"2024-11-24T10:48:00","date_gmt":"2024-11-24T10:48:00","guid":{"rendered":"https:\/\/filatelia.cuentista.es\/product\/sello-argentina-1969-constantino-gaito-6-pesos-gris-usado"},"modified":"2024-11-24T10:48:04","modified_gmt":"2024-11-24T10:48:04","slug":"sello-argentina-1969-constantino-gaito-6-pesos-gris-usado","status":"publish","type":"product","link":"https:\/\/filatelia.cuentista.es\/en\/product\/sello-argentina-1969-constantino-gaito-6-pesos-gris-usado","title":{"rendered":"Sello Argentina 1969 &#8211; Constantino Gaito &#8211; 6 Pesos Gris Usado"},"content":{"rendered":"<p>Constantino Gaito (1880-1945)<\/p>\n<p><img class=\"size-full\"><img class=\"size-full\"><\/p>\n<p>Pa\u00eds:<\/p>\n<p>Argentina<\/p>\n<p>Serie:<\/p>\n<p>Argentine Musicians<\/p>\n<p>C\u00f3digo de cat\u00e1logo:<\/p>\n<p>Michel AR 1042<\/p>\n<p>Stamp Number AR 910<\/p>\n<p>Yvert et Tellier AR 855<\/p>\n<p>Stanley Gibbons AR 1272<\/p>\n<p>Gz (Cefiloza) AR 1045<\/p>\n<p>G\u00f6tig and Jalil AR 1501<\/p>\n<p>Temas:<\/p>\n<p>Compositores | Hombres | Maestros | M\u00fasica | M\u00fasicos | Personajes Famosos<\/p>\n<p>Fecha emisi\u00f3n:<\/p>\n<p>1969-12-06<\/p>\n<p>Tama\u00f1o:<\/p>\n<p>34.5 x 45 mm<\/p>\n<p>Colores:<\/p>\n<p>Aguamarina<\/p>\n<p>Marca de agua:<\/p>\n<p>Casa de Moneda de lado a izquierda\/derecha<\/p>\n<p>Dise\u00f1adores:<\/p>\n<p>Horacio Romulo Alvarez Boero<\/p>\n<p>Impresores\/Imprentas:<\/p>\n<p>Casa de Moneda S.E., Buenos Aires<\/p>\n<p>Formato:<\/p>\n<p>Sello<\/p>\n<p>Emisi\u00f3n:<\/p>\n<p>Conmemorativo<\/p>\n<p>Perforaci\u00f3n:<\/p>\n<p>peine13\u00bd<\/p>\n<p>Impresi\u00f3n:<\/p>\n<p>Litograf\u00eda offset<\/p>\n<p>Valor facial:<\/p>\n<p>6 m$n &#8211; Peso Moneda Nacional Argentino<\/p>\n<p>Tiraje:<\/p>\n<p>600.000<\/p>\n<p><a href=\"https:\/\/colnect.com\/stamps\/stamp\/383758\">https:\/\/colnect.com\/stamps\/stamp\/383758<\/a><\/p>","protected":false},"excerpt":{"rendered":"<p>Constantino Gaito (1880-1945) Pa\u00eds: Argentina Serie: Argentine Musicians C\u00f3digo de cat\u00e1logo: Michel AR 1042 Stamp Number AR 910 Yvert et Tellier AR 855 Stanley Gibbons AR 1272 Gz (Cefiloza) AR 1045 G\u00f6tig and Jalil AR 1501 Temas: Compositores | Hombres | Maestros | M\u00fasica | M\u00fasicos | Personajes Famosos Fecha emisi\u00f3n: 1969-12-06 Tama\u00f1o: 34.5 x &hellip;<\/p>\n<p class=\"read-more\"> <a class=\"thunk-readmore button\" href=\"https:\/\/filatelia.cuentista.es\/en\/product\/sello-argentina-1969-constantino-gaito-6-pesos-gris-usado\"> <span class=\"screen-reader-text\">Sello Argentina 1969 &#8211; Constantino Gaito &#8211; 6 Pesos Gris Usado<\/span>Read More<\/a><\/p>","protected":false},"featured_media":6702,"comment_status":"open","ping_status":"closed","template":"","meta":{"_acf_changed":false},"product_brand":[],"product_cat":[1568,20],"product_tag":[],"class_list":{"0":"post-6703","1":"product","2":"type-product","3":"status-publish","4":"has-post-thumbnail","6":"product_cat-argentina","7":"product_cat-sellos-usados","8":"thunk-woo-product-list","9":"opn-qv-enable","10":"open-woo-hover-zoom","11":"open-single-product-tab-horizontal","12":"open-shadow-","13":"open-shadow-hover-","15":"first","16":"instock","17":"shipping-taxable","18":"product-type-simple"},"acf":[],"jetpack_sharing_enabled":true,"_links":{"self":[{"href":"https:\/\/filatelia.cuentista.es\/en\/wp-json\/wp\/v2\/product\/6703","targetHints":{"allow":["GET"]}}],"collection":[{"href":"https:\/\/filatelia.cuentista.es\/en\/wp-json\/wp\/v2\/product"}],"about":[{"href":"https:\/\/filatelia.cuentista.es\/en\/wp-json\/wp\/v2\/types\/product"}],"replies":[{"embeddable":true,"href":"https:\/\/filatelia.cuentista.es\/en\/wp-json\/wp\/v2\/comments?post=6703"}],"wp:featuredmedia":[{"embeddable":true,"href":"https:\/\/filatelia.cuentista.es\/en\/wp-json\/wp\/v2\/media\/6702"}],"wp:attachment":[{"href":"https:\/\/filatelia.cuentista.es\/en\/wp-json\/wp\/v2\/media?parent=6703"}],"wp:term":[{"taxonomy":"product_brand","embeddable":true,"href":"https:\/\/filatelia.cuentista.es\/en\/wp-json\/wp\/v2\/product_brand?post=6703"},{"taxonomy":"product_cat","embeddable":true,"href":"https:\/\/filatelia.cuentista.es\/en\/wp-json\/wp\/v2\/product_cat?post=6703"},{"taxonomy":"product_tag","embeddable":true,"href":"https:\/\/filatelia.cuentista.es\/en\/wp-json\/wp\/v2\/product_tag?post=6703"}],"curies":[{"name":"wp","href":"https:\/\/api.w.org\/{rel}","templated":true}]}}