{"id":6699,"date":"2024-11-24T04:31:02","date_gmt":"2024-11-24T04:31:02","guid":{"rendered":"https:\/\/filatelia.cuentista.es\/product\/sello-argentina-1942-palacio-correos-y-telegrafos-35c-azul-nuevo"},"modified":"2024-11-24T04:31:05","modified_gmt":"2024-11-24T04:31:05","slug":"sello-argentina-1942-palacio-correos-y-telegrafos-35c-azul-nuevo","status":"publish","type":"product","link":"https:\/\/filatelia.cuentista.es\/en\/product\/sello-argentina-1942-palacio-correos-y-telegrafos-35c-azul-nuevo","title":{"rendered":"Sello Argentina 1942 &#8211; Palacio Correos y tel\u00e9grafos- 35c Azul Nuevo"},"content":{"rendered":"<p>Post Office Building, Buenos Aires<\/p>\n<p><img class=\"size-full\"><img class=\"size-full\"><\/p>\n<p>Pa\u00eds:<\/p>\n<p>Argentina<\/p>\n<p>Serie:<\/p>\n<p>Main Post Office, Buenos Aires<\/p>\n<p>C\u00f3digo de cat\u00e1logo:<\/p>\n<p>Michel AR 468<\/p>\n<p>Stamp Number AR 503<\/p>\n<p>Yvert et Tellier AR 419<\/p>\n<p>Stanley Gibbons AR 717<\/p>\n<p>Gz (Cefiloza) AR 563<\/p>\n<p>G\u00f6tig and Jalil AR 885<\/p>\n<p>Variantes:<\/p>\n<p>Click para ver variantes<\/p>\n<p>Temas:<\/p>\n<p>Arquitectura | Edificios | Oficinas de Correos<\/p>\n<p>Fecha emisi\u00f3n:<\/p>\n<p>1942-10-05<\/p>\n<p>Tama\u00f1o:<\/p>\n<p>30 x 24 mm<\/p>\n<p>Colores:<\/p>\n<p>Azul marino<\/p>\n<p>Marca de agua:<\/p>\n<p>Sol de rayos rectos RA de lado a izquierda\/derecha<\/p>\n<p>Formato:<\/p>\n<p>Sello<\/p>\n<p>Emisi\u00f3n:<\/p>\n<p>Definitivo<\/p>\n<p>Perforaci\u00f3n:<\/p>\n<p>13 x 13\u00bd<\/p>\n<p>Impresi\u00f3n:<\/p>\n<p>Litograf\u00eda offset<\/p>\n<p>Papel:<\/p>\n<p>Italian, horizontally grained<\/p>\n<p>Valor facial:<\/p>\n<p>35 \u00a2 &#8211; Centavo Argentino<\/p>\n<p>Tiraje:<\/p>\n<p>2.000.000<\/p>\n<p><a href=\"https:\/\/colnect.com\/stamps\/stamp\/213175\">https:\/\/colnect.com\/stamps\/stamp\/213175<\/a><\/p>","protected":false},"excerpt":{"rendered":"<p>Post Office Building, Buenos Aires Pa\u00eds: Argentina Serie: Main Post Office, Buenos Aires C\u00f3digo de cat\u00e1logo: Michel AR 468 Stamp Number AR 503 Yvert et Tellier AR 419 Stanley Gibbons AR 717 Gz (Cefiloza) AR 563 G\u00f6tig and Jalil AR 885 Variantes: Click para ver variantes Temas: Arquitectura | Edificios | Oficinas de Correos Fecha &hellip;<\/p>\n<p class=\"read-more\"> <a class=\"thunk-readmore button\" href=\"https:\/\/filatelia.cuentista.es\/en\/product\/sello-argentina-1942-palacio-correos-y-telegrafos-35c-azul-nuevo\"> <span class=\"screen-reader-text\">Sello Argentina 1942 &#8211; Palacio Correos y tel\u00e9grafos- 35c Azul Nuevo<\/span>Read More<\/a><\/p>","protected":false},"featured_media":6698,"comment_status":"open","ping_status":"closed","template":"","meta":{"_acf_changed":false},"product_brand":[],"product_cat":[1568,21],"product_tag":[],"class_list":{"0":"post-6699","1":"product","2":"type-product","3":"status-publish","4":"has-post-thumbnail","6":"product_cat-argentina","7":"product_cat-sellos-nuevos","8":"thunk-woo-product-list","9":"opn-qv-enable","10":"open-woo-hover-zoom","11":"open-single-product-tab-horizontal","12":"open-shadow-","13":"open-shadow-hover-","15":"first","16":"instock","17":"shipping-taxable","18":"purchasable","19":"product-type-simple"},"acf":[],"jetpack_sharing_enabled":true,"_links":{"self":[{"href":"https:\/\/filatelia.cuentista.es\/en\/wp-json\/wp\/v2\/product\/6699","targetHints":{"allow":["GET"]}}],"collection":[{"href":"https:\/\/filatelia.cuentista.es\/en\/wp-json\/wp\/v2\/product"}],"about":[{"href":"https:\/\/filatelia.cuentista.es\/en\/wp-json\/wp\/v2\/types\/product"}],"replies":[{"embeddable":true,"href":"https:\/\/filatelia.cuentista.es\/en\/wp-json\/wp\/v2\/comments?post=6699"}],"wp:featuredmedia":[{"embeddable":true,"href":"https:\/\/filatelia.cuentista.es\/en\/wp-json\/wp\/v2\/media\/6698"}],"wp:attachment":[{"href":"https:\/\/filatelia.cuentista.es\/en\/wp-json\/wp\/v2\/media?parent=6699"}],"wp:term":[{"taxonomy":"product_brand","embeddable":true,"href":"https:\/\/filatelia.cuentista.es\/en\/wp-json\/wp\/v2\/product_brand?post=6699"},{"taxonomy":"product_cat","embeddable":true,"href":"https:\/\/filatelia.cuentista.es\/en\/wp-json\/wp\/v2\/product_cat?post=6699"},{"taxonomy":"product_tag","embeddable":true,"href":"https:\/\/filatelia.cuentista.es\/en\/wp-json\/wp\/v2\/product_tag?post=6699"}],"curies":[{"name":"wp","href":"https:\/\/api.w.org\/{rel}","templated":true}]}}