{"id":6691,"date":"2024-11-23T22:21:43","date_gmt":"2024-11-23T22:21:43","guid":{"rendered":"https:\/\/filatelia.cuentista.es\/product\/sello-argentina-1977-valle-de-la-luna-300-pesos"},"modified":"2024-11-23T22:21:46","modified_gmt":"2024-11-23T22:21:46","slug":"sello-argentina-1977-valle-de-la-luna-300-pesos","status":"publish","type":"product","link":"https:\/\/filatelia.cuentista.es\/en\/product\/sello-argentina-1977-valle-de-la-luna-300-pesos","title":{"rendered":"Sello Argentina 1977 &#8211; Valle de la Luna &#8211; 300 Pesos"},"content":{"rendered":"<p>\u00abMoon Valley\u00bb Ischigualasto, San Juan &#8211; Fluo<\/p>\n<p><img class=\"size-full\"><\/p>\n<p>Pa\u00eds:<\/p>\n<p>Argentina<\/p>\n<p>Serie:<\/p>\n<p>Personalities and Landscapes &#8211; New currency<\/p>\n<p>C\u00f3digo de cat\u00e1logo:<\/p>\n<p>Michel AR 1288xX<\/p>\n<p>Stamp Number AR 1108<\/p>\n<p>Yvert et Tellier AR 1075a<\/p>\n<p>Stanley Gibbons AR 1474a<\/p>\n<p>Gz (Cefiloza) AR 1293A<\/p>\n<p>G\u00f6tig and Jalil AR 1761A<\/p>\n<p>Variantes:<\/p>\n<p>Click para ver variantes<\/p>\n<p>Temas:<\/p>\n<p>Monta\u00f1as | Paisajes | Rocas | UNESCO &#8211; Patrimonio de la Humanidad<\/p>\n<p>Fecha emisi\u00f3n:<\/p>\n<p>1977-09<\/p>\n<p>Tama\u00f1o:<\/p>\n<p>34.5 x 45 mm<\/p>\n<p>Colores:<\/p>\n<p>Multicolor<\/p>\n<p>Marca de agua:<\/p>\n<p>Sin Marca de agua<\/p>\n<p>Impresores\/Imprentas:<\/p>\n<p>Casa de Moneda S.E., Buenos Aires<\/p>\n<p>Formato:<\/p>\n<p>Sello<\/p>\n<p>Emisi\u00f3n:<\/p>\n<p>Definitivo<\/p>\n<p>Perforaci\u00f3n:<\/p>\n<p>peine13\u00bd<\/p>\n<p>Impresi\u00f3n:<\/p>\n<p>Litograf\u00eda offset<\/p>\n<p>Papel:<\/p>\n<p>Fluorescent FN (strong at front, neutral at back), vertically laid<\/p>\n<p>Valor facial:<\/p>\n<p>300 $L &#8211; Peso Ley Argentino<\/p>\n<p><a href=\"https:\/\/colnect.com\/stamps\/stamp\/152070\">https:\/\/colnect.com\/stamps\/stamp\/152070<\/a><\/p>","protected":false},"excerpt":{"rendered":"<p>\u00abMoon Valley\u00bb Ischigualasto, San Juan &#8211; Fluo Pa\u00eds: Argentina Serie: Personalities and Landscapes &#8211; New currency C\u00f3digo de cat\u00e1logo: Michel AR 1288xX Stamp Number AR 1108 Yvert et Tellier AR 1075a Stanley Gibbons AR 1474a Gz (Cefiloza) AR 1293A G\u00f6tig and Jalil AR 1761A Variantes: Click para ver variantes Temas: Monta\u00f1as | Paisajes | Rocas &hellip;<\/p>\n<p class=\"read-more\"> <a class=\"thunk-readmore button\" href=\"https:\/\/filatelia.cuentista.es\/en\/product\/sello-argentina-1977-valle-de-la-luna-300-pesos\"> <span class=\"screen-reader-text\">Sello Argentina 1977 &#8211; Valle de la Luna &#8211; 300 Pesos<\/span>Read More<\/a><\/p>","protected":false},"featured_media":6690,"comment_status":"open","ping_status":"closed","template":"","meta":{"_acf_changed":false},"product_brand":[],"product_cat":[1568,20],"product_tag":[],"class_list":{"0":"post-6691","1":"product","2":"type-product","3":"status-publish","4":"has-post-thumbnail","6":"product_cat-argentina","7":"product_cat-sellos-usados","8":"thunk-woo-product-list","9":"opn-qv-enable","10":"open-woo-hover-zoom","11":"open-single-product-tab-horizontal","12":"open-shadow-","13":"open-shadow-hover-","15":"first","16":"instock","17":"shipping-taxable","18":"purchasable","19":"product-type-simple"},"acf":[],"jetpack_sharing_enabled":true,"_links":{"self":[{"href":"https:\/\/filatelia.cuentista.es\/en\/wp-json\/wp\/v2\/product\/6691","targetHints":{"allow":["GET"]}}],"collection":[{"href":"https:\/\/filatelia.cuentista.es\/en\/wp-json\/wp\/v2\/product"}],"about":[{"href":"https:\/\/filatelia.cuentista.es\/en\/wp-json\/wp\/v2\/types\/product"}],"replies":[{"embeddable":true,"href":"https:\/\/filatelia.cuentista.es\/en\/wp-json\/wp\/v2\/comments?post=6691"}],"wp:featuredmedia":[{"embeddable":true,"href":"https:\/\/filatelia.cuentista.es\/en\/wp-json\/wp\/v2\/media\/6690"}],"wp:attachment":[{"href":"https:\/\/filatelia.cuentista.es\/en\/wp-json\/wp\/v2\/media?parent=6691"}],"wp:term":[{"taxonomy":"product_brand","embeddable":true,"href":"https:\/\/filatelia.cuentista.es\/en\/wp-json\/wp\/v2\/product_brand?post=6691"},{"taxonomy":"product_cat","embeddable":true,"href":"https:\/\/filatelia.cuentista.es\/en\/wp-json\/wp\/v2\/product_cat?post=6691"},{"taxonomy":"product_tag","embeddable":true,"href":"https:\/\/filatelia.cuentista.es\/en\/wp-json\/wp\/v2\/product_tag?post=6691"}],"curies":[{"name":"wp","href":"https:\/\/api.w.org\/{rel}","templated":true}]}}