{"id":6689,"date":"2024-11-23T22:17:43","date_gmt":"2024-11-23T22:17:43","guid":{"rendered":"https:\/\/filatelia.cuentista.es\/product\/sello-argentina-1962-riqueza-austral-560-a-pesos-sobreimpreso-s-5-aereo"},"modified":"2024-11-23T22:17:47","modified_gmt":"2024-11-23T22:17:47","slug":"sello-argentina-1962-riqueza-austral-560-a-pesos-sobreimpreso-s-5-aereo","status":"publish","type":"product","link":"https:\/\/filatelia.cuentista.es\/en\/product\/sello-argentina-1962-riqueza-austral-560-a-pesos-sobreimpreso-s-5-aereo","title":{"rendered":"Sello Argentina 1962 &#8211; Riqueza Austral &#8211; 5,60 a pesos sobreimpreso s\/5$ A\u00e9reo"},"content":{"rendered":"<p>Overprint \u00abA\u00e9reo 5,60 pesos\u00bb<\/p>\n<p><img class=\"size-full\"><img class=\"size-full\"><\/p>\n<p>Pa\u00eds:<\/p>\n<p>Argentina<\/p>\n<p>Serie:<\/p>\n<p>Aereo<\/p>\n<p>C\u00f3digo de cat\u00e1logo:<\/p>\n<p>Michel AR 803<\/p>\n<p>Stamp Number AR C82<\/p>\n<p>Yvert et Tellier AR PA86<\/p>\n<p>Stanley Gibbons AR 1065<\/p>\n<p>Gz (Cefiloza) AR Ae112<\/p>\n<p>G\u00f6tig and Jalil AR 1240<\/p>\n<p>Tiene variantes menores: 3<\/p>\n<p>Temas:<\/p>\n<p>Animales (Fauna) | Monta\u00f1as | Ovejas | Paisajes<\/p>\n<p>Fecha emisi\u00f3n:<\/p>\n<p>1962-10-31<\/p>\n<p>Tama\u00f1o:<\/p>\n<p>37 x 27 mm<\/p>\n<p>Colores:<\/p>\n<p>Marr\u00f3n<\/p>\n<p>Marca de agua:<\/p>\n<p>Sol redondo RA (9&#215;8,5 mm) de lado a izquierda\/derecha<\/p>\n<p>Impresores\/Imprentas:<\/p>\n<p>Casa de Moneda S.E., Buenos Aires<\/p>\n<p>Formato:<\/p>\n<p>Sello<\/p>\n<p>Emisi\u00f3n:<\/p>\n<p>Correo A\u00e9reo<\/p>\n<p>Perforaci\u00f3n:<\/p>\n<p>peine13\u00bd<\/p>\n<p>Impresi\u00f3n:<\/p>\n<p>Fotograbado<\/p>\n<p>Papel:<\/p>\n<p>National, horizontally fine grained \u00abcerrado\u00bb<\/p>\n<p>Valor facial:<\/p>\n<p>5,60 m$n &#8211; Peso Moneda Nacional Argentino<\/p>\n<p>Tiraje:<\/p>\n<p>10.000<\/p>\n<p>Puntuaci\u00f3n:<\/p>\n<p>33% Precisi\u00f3n: Alta<\/p>\n<p><a href=\"https:\/\/colnect.com\/stamps\/stamp\/632599\">https:\/\/colnect.com\/stamps\/stamp\/632599<\/a><\/p>","protected":false},"excerpt":{"rendered":"<p>Overprint \u00abA\u00e9reo 5,60 pesos\u00bb Pa\u00eds: Argentina Serie: Aereo C\u00f3digo de cat\u00e1logo: Michel AR 803 Stamp Number AR C82 Yvert et Tellier AR PA86 Stanley Gibbons AR 1065 Gz (Cefiloza) AR Ae112 G\u00f6tig and Jalil AR 1240 Tiene variantes menores: 3 Temas: Animales (Fauna) | Monta\u00f1as | Ovejas | Paisajes Fecha emisi\u00f3n: 1962-10-31 Tama\u00f1o: 37 x &hellip;<\/p>\n<p class=\"read-more\"> <a class=\"thunk-readmore button\" href=\"https:\/\/filatelia.cuentista.es\/en\/product\/sello-argentina-1962-riqueza-austral-560-a-pesos-sobreimpreso-s-5-aereo\"> <span class=\"screen-reader-text\">Sello Argentina 1962 &#8211; Riqueza Austral &#8211; 5,60 a pesos sobreimpreso s\/5$ A\u00e9reo<\/span>Read More<\/a><\/p>","protected":false},"featured_media":6688,"comment_status":"open","ping_status":"closed","template":"","meta":{"_acf_changed":false},"product_brand":[],"product_cat":[1568,815,21],"product_tag":[],"class_list":{"0":"post-6689","1":"product","2":"type-product","3":"status-publish","4":"has-post-thumbnail","6":"product_cat-argentina","7":"product_cat-correo-aereo","8":"product_cat-sellos-nuevos","9":"thunk-woo-product-list","10":"opn-qv-enable","11":"open-woo-hover-zoom","12":"open-single-product-tab-horizontal","13":"open-shadow-","14":"open-shadow-hover-","16":"first","17":"instock","18":"shipping-taxable","19":"purchasable","20":"product-type-simple"},"acf":[],"jetpack_sharing_enabled":true,"_links":{"self":[{"href":"https:\/\/filatelia.cuentista.es\/en\/wp-json\/wp\/v2\/product\/6689","targetHints":{"allow":["GET"]}}],"collection":[{"href":"https:\/\/filatelia.cuentista.es\/en\/wp-json\/wp\/v2\/product"}],"about":[{"href":"https:\/\/filatelia.cuentista.es\/en\/wp-json\/wp\/v2\/types\/product"}],"replies":[{"embeddable":true,"href":"https:\/\/filatelia.cuentista.es\/en\/wp-json\/wp\/v2\/comments?post=6689"}],"wp:featuredmedia":[{"embeddable":true,"href":"https:\/\/filatelia.cuentista.es\/en\/wp-json\/wp\/v2\/media\/6688"}],"wp:attachment":[{"href":"https:\/\/filatelia.cuentista.es\/en\/wp-json\/wp\/v2\/media?parent=6689"}],"wp:term":[{"taxonomy":"product_brand","embeddable":true,"href":"https:\/\/filatelia.cuentista.es\/en\/wp-json\/wp\/v2\/product_brand?post=6689"},{"taxonomy":"product_cat","embeddable":true,"href":"https:\/\/filatelia.cuentista.es\/en\/wp-json\/wp\/v2\/product_cat?post=6689"},{"taxonomy":"product_tag","embeddable":true,"href":"https:\/\/filatelia.cuentista.es\/en\/wp-json\/wp\/v2\/product_tag?post=6689"}],"curies":[{"name":"wp","href":"https:\/\/api.w.org\/{rel}","templated":true}]}}