{"id":6679,"date":"2024-11-23T21:31:22","date_gmt":"2024-11-23T21:31:22","guid":{"rendered":"https:\/\/filatelia.cuentista.es\/product\/sello-argentina-1986-lapacho-negro-010-australes-sobreimpreso-1a-usado"},"modified":"2024-11-23T21:31:26","modified_gmt":"2024-11-23T21:31:26","slug":"sello-argentina-1986-lapacho-negro-010-australes-sobreimpreso-1a-usado","status":"publish","type":"product","link":"https:\/\/filatelia.cuentista.es\/en\/product\/sello-argentina-1986-lapacho-negro-010-australes-sobreimpreso-1a-usado","title":{"rendered":"Sello Argentina 1986 &#8211; Lapacho Negro &#8211; 0,10 Australes sobreimpreso 1$a Usado"},"content":{"rendered":"<p>Lapacho negro (Tabebuia ipe), ovpt. wiith new value<\/p>\n<p><img class=\"size-full\"><\/p>\n<p>Pa\u00eds:<\/p>\n<p>Argentina<\/p>\n<p>Serie:<\/p>\n<p>Flowers &#8211; Austral<\/p>\n<p>C\u00f3digo de cat\u00e1logo:<\/p>\n<p>Gz (Cefiloza) AR 1816A<\/p>\n<p>Sobreimpreso:<\/p>\n<p>Click para ver sobreimpresiones y recargos<\/p>\n<p>Variante menor de #497988<\/p>\n<p>Temas:<\/p>\n<p>Flores | Plantas (Flora)<\/p>\n<p>Fecha emisi\u00f3n:<\/p>\n<p>1986-11-04<\/p>\n<p>Tama\u00f1o:<\/p>\n<p>27 x 38.5 mm<\/p>\n<p>Colores:<\/p>\n<p>Multicolor<\/p>\n<p>Dise\u00f1adores:<\/p>\n<p>Julio Miguel Fouret<\/p>\n<p>Formato:<\/p>\n<p>Sello<\/p>\n<p>Emisi\u00f3n:<\/p>\n<p>Definitivo<\/p>\n<p>Perforaci\u00f3n:<\/p>\n<p>peine13\u00bd<\/p>\n<p>Impresi\u00f3n:<\/p>\n<p>Fotograbado<\/p>\n<p>Papel:<\/p>\n<p>fluorescent 2FFo (very strong at front, strong &amp; dark at back)<\/p>\n<p>Valor facial:<\/p>\n<p>0,10 \u20b3 &#8211; Austral Argentino<\/p>\n<p>Descripci\u00f3n:<\/p>\n<p>0,10 A on 1,00 $a. The back side is slightly dark under UV lamp<\/p>\n<p><a href=\"https:\/\/colnect.com\/stamps\/stamp\/1335302\">https:\/\/colnect.com\/stamps\/stamp\/1335302<\/a><\/p>","protected":false},"excerpt":{"rendered":"<p>Lapacho negro (Tabebuia ipe), ovpt. wiith new value Pa\u00eds: Argentina Serie: Flowers &#8211; Austral C\u00f3digo de cat\u00e1logo: Gz (Cefiloza) AR 1816A Sobreimpreso: Click para ver sobreimpresiones y recargos Variante menor de #497988 Temas: Flores | Plantas (Flora) Fecha emisi\u00f3n: 1986-11-04 Tama\u00f1o: 27 x 38.5 mm Colores: Multicolor Dise\u00f1adores: Julio Miguel Fouret Formato: Sello Emisi\u00f3n: Definitivo &hellip;<\/p>\n<p class=\"read-more\"> <a class=\"thunk-readmore button\" href=\"https:\/\/filatelia.cuentista.es\/en\/product\/sello-argentina-1986-lapacho-negro-010-australes-sobreimpreso-1a-usado\"> <span class=\"screen-reader-text\">Sello Argentina 1986 &#8211; Lapacho Negro &#8211; 0,10 Australes sobreimpreso 1$a Usado<\/span>Read More<\/a><\/p>","protected":false},"featured_media":6678,"comment_status":"open","ping_status":"closed","template":"","meta":{"_acf_changed":false},"product_brand":[],"product_cat":[1568,20],"product_tag":[],"class_list":{"0":"post-6679","1":"product","2":"type-product","3":"status-publish","4":"has-post-thumbnail","6":"product_cat-argentina","7":"product_cat-sellos-usados","8":"thunk-woo-product-list","9":"opn-qv-enable","10":"open-woo-hover-zoom","11":"open-single-product-tab-horizontal","12":"open-shadow-","13":"open-shadow-hover-","15":"first","16":"instock","17":"shipping-taxable","18":"purchasable","19":"product-type-simple"},"acf":[],"jetpack_sharing_enabled":true,"_links":{"self":[{"href":"https:\/\/filatelia.cuentista.es\/en\/wp-json\/wp\/v2\/product\/6679","targetHints":{"allow":["GET"]}}],"collection":[{"href":"https:\/\/filatelia.cuentista.es\/en\/wp-json\/wp\/v2\/product"}],"about":[{"href":"https:\/\/filatelia.cuentista.es\/en\/wp-json\/wp\/v2\/types\/product"}],"replies":[{"embeddable":true,"href":"https:\/\/filatelia.cuentista.es\/en\/wp-json\/wp\/v2\/comments?post=6679"}],"wp:featuredmedia":[{"embeddable":true,"href":"https:\/\/filatelia.cuentista.es\/en\/wp-json\/wp\/v2\/media\/6678"}],"wp:attachment":[{"href":"https:\/\/filatelia.cuentista.es\/en\/wp-json\/wp\/v2\/media?parent=6679"}],"wp:term":[{"taxonomy":"product_brand","embeddable":true,"href":"https:\/\/filatelia.cuentista.es\/en\/wp-json\/wp\/v2\/product_brand?post=6679"},{"taxonomy":"product_cat","embeddable":true,"href":"https:\/\/filatelia.cuentista.es\/en\/wp-json\/wp\/v2\/product_cat?post=6679"},{"taxonomy":"product_tag","embeddable":true,"href":"https:\/\/filatelia.cuentista.es\/en\/wp-json\/wp\/v2\/product_tag?post=6679"}],"curies":[{"name":"wp","href":"https:\/\/api.w.org\/{rel}","templated":true}]}}