{"id":6673,"date":"2024-11-23T21:13:05","date_gmt":"2024-11-23T21:13:05","guid":{"rendered":"https:\/\/filatelia.cuentista.es\/product\/sello-argentina-1983-flores-camalote-040-a-nuevo"},"modified":"2024-11-23T21:13:09","modified_gmt":"2024-11-23T21:13:09","slug":"sello-argentina-1983-flores-camalote-040-a-nuevo","status":"publish","type":"product","link":"https:\/\/filatelia.cuentista.es\/en\/product\/sello-argentina-1983-flores-camalote-040-a-nuevo","title":{"rendered":"Sello Argentina 1983 &#8211; Flores : Camalote &#8211; 0,40 $a Nuevo"},"content":{"rendered":"<p>Camalote Aguapey (Eichhornia crassipes) &#8211; Phosphor<\/p>\n<p><img class=\"size-full\"><\/p>\n<p>Pa\u00eds:<\/p>\n<p>Argentina<\/p>\n<p>Serie:<\/p>\n<p>Flowers &#8211; Peso Argentino<\/p>\n<p>C\u00f3digo de cat\u00e1logo:<\/p>\n<p>Michel AR 1662y<\/p>\n<p>Stamp Number AR 1433<\/p>\n<p>Yvert et Tellier AR 1388<\/p>\n<p>Stanley Gibbons AR 1823<\/p>\n<p>Gz (Cefiloza) AR 1633<\/p>\n<p>G\u00f6tig and Jalil AR 2103<\/p>\n<p>Tiene variantes menores: 1<\/p>\n<p>Temas:<\/p>\n<p>Flores | Plantas (Flora)<\/p>\n<p>Fecha emisi\u00f3n:<\/p>\n<p>1983-11-26<\/p>\n<p>Tama\u00f1o:<\/p>\n<p>27 x 38.5 mm<\/p>\n<p>Colores:<\/p>\n<p>Multicolor<\/p>\n<p>Dise\u00f1adores:<\/p>\n<p>Julio Miguel Fouret<\/p>\n<p>Formato:<\/p>\n<p>Sello<\/p>\n<p>Emisi\u00f3n:<\/p>\n<p>Definitivo<\/p>\n<p>Perforaci\u00f3n:<\/p>\n<p>peine13\u00bd<\/p>\n<p>Impresi\u00f3n:<\/p>\n<p>Fotograbado<\/p>\n<p>Papel:<\/p>\n<p>phosphorescent (strong), white, thin, translucent, semi-matte<\/p>\n<p>Valor facial:<\/p>\n<p>0,40 $a &#8211; Peso Argentino<\/p>\n<p>Puntuaci\u00f3n:<\/p>\n<p>14% Precisi\u00f3n: Muy alto<\/p>\n<p>Descripci\u00f3n:<\/p>\n<p>The drawing is glossy, the rest matte<\/p>\n<p><a href=\"https:\/\/colnect.com\/stamps\/stamp\/778129\">https:\/\/colnect.com\/stamps\/stamp\/778129<\/a><\/p>","protected":false},"excerpt":{"rendered":"<p>Camalote Aguapey (Eichhornia crassipes) &#8211; Phosphor Pa\u00eds: Argentina Serie: Flowers &#8211; Peso Argentino C\u00f3digo de cat\u00e1logo: Michel AR 1662y Stamp Number AR 1433 Yvert et Tellier AR 1388 Stanley Gibbons AR 1823 Gz (Cefiloza) AR 1633 G\u00f6tig and Jalil AR 2103 Tiene variantes menores: 1 Temas: Flores | Plantas (Flora) Fecha emisi\u00f3n: 1983-11-26 Tama\u00f1o: 27 &hellip;<\/p>\n<p class=\"read-more\"> <a class=\"thunk-readmore button\" href=\"https:\/\/filatelia.cuentista.es\/en\/product\/sello-argentina-1983-flores-camalote-040-a-nuevo\"> <span class=\"screen-reader-text\">Sello Argentina 1983 &#8211; Flores : Camalote &#8211; 0,40 $a Nuevo<\/span>Read More<\/a><\/p>","protected":false},"featured_media":6672,"comment_status":"open","ping_status":"closed","template":"","meta":{"_acf_changed":false},"product_brand":[],"product_cat":[1568,21],"product_tag":[],"class_list":{"0":"post-6673","1":"product","2":"type-product","3":"status-publish","4":"has-post-thumbnail","6":"product_cat-argentina","7":"product_cat-sellos-nuevos","8":"thunk-woo-product-list","9":"opn-qv-enable","10":"open-woo-hover-zoom","11":"open-single-product-tab-horizontal","12":"open-shadow-","13":"open-shadow-hover-","15":"first","16":"instock","17":"shipping-taxable","18":"purchasable","19":"product-type-simple"},"acf":[],"jetpack_sharing_enabled":true,"_links":{"self":[{"href":"https:\/\/filatelia.cuentista.es\/en\/wp-json\/wp\/v2\/product\/6673","targetHints":{"allow":["GET"]}}],"collection":[{"href":"https:\/\/filatelia.cuentista.es\/en\/wp-json\/wp\/v2\/product"}],"about":[{"href":"https:\/\/filatelia.cuentista.es\/en\/wp-json\/wp\/v2\/types\/product"}],"replies":[{"embeddable":true,"href":"https:\/\/filatelia.cuentista.es\/en\/wp-json\/wp\/v2\/comments?post=6673"}],"wp:featuredmedia":[{"embeddable":true,"href":"https:\/\/filatelia.cuentista.es\/en\/wp-json\/wp\/v2\/media\/6672"}],"wp:attachment":[{"href":"https:\/\/filatelia.cuentista.es\/en\/wp-json\/wp\/v2\/media?parent=6673"}],"wp:term":[{"taxonomy":"product_brand","embeddable":true,"href":"https:\/\/filatelia.cuentista.es\/en\/wp-json\/wp\/v2\/product_brand?post=6673"},{"taxonomy":"product_cat","embeddable":true,"href":"https:\/\/filatelia.cuentista.es\/en\/wp-json\/wp\/v2\/product_cat?post=6673"},{"taxonomy":"product_tag","embeddable":true,"href":"https:\/\/filatelia.cuentista.es\/en\/wp-json\/wp\/v2\/product_tag?post=6673"}],"curies":[{"name":"wp","href":"https:\/\/api.w.org\/{rel}","templated":true}]}}