{"id":6647,"date":"2024-11-18T20:57:04","date_gmt":"2024-11-18T20:57:04","guid":{"rendered":"https:\/\/filatelia.cuentista.es\/product\/sello-chile-1931-bulnes-20-centavos-marron-usado"},"modified":"2024-11-18T20:57:09","modified_gmt":"2024-11-18T20:57:09","slug":"sello-chile-1931-bulnes-20-centavos-marron-usado","status":"publish","type":"product","link":"https:\/\/filatelia.cuentista.es\/en\/product\/sello-chile-1931-bulnes-20-centavos-marron-usado","title":{"rendered":"Sello Chile 1931 &#8211; Bulnes &#8211; 20 Centavos Marr\u00f3n Usado"},"content":{"rendered":"<p>Manuel Bulnes Prieto (1799-1866)<\/p>\n<p><img class=\"size-full\"><img class=\"size-full\"><\/p>\n<p>Pa\u00eds:<\/p>\n<p>Chile<\/p>\n<p>Serie:<\/p>\n<p>Personalidades (definitivos)<\/p>\n<p>C\u00f3digo de cat\u00e1logo:<\/p>\n<p>Michel CL 186<\/p>\n<p>Stamp Number CL 181<\/p>\n<p>Yvert et Tellier CL 152<\/p>\n<p>Stanley Gibbons CL 232<\/p>\n<p>Chilean Philatelic Society CL 216<\/p>\n<p>Sobreimpreso:<\/p>\n<p>Click para ver sobreimpresiones y recargos<\/p>\n<p>Temas:<\/p>\n<p>Hombres | Jefes de Estado | Personajes Famosos | Pol\u00edticos<\/p>\n<p>Fecha emisi\u00f3n:<\/p>\n<p>1931-08-12<\/p>\n<p>Tama\u00f1o:<\/p>\n<p>24 x 28 mm<\/p>\n<p>Colores:<\/p>\n<p>Lila Marr\u00f3n<\/p>\n<p>Marca de agua:<\/p>\n<p>Estrella peque\u00f1a en escudo M\u00faltiple [Up]<\/p>\n<p>Impresores\/Imprentas:<\/p>\n<p>Talleres de Especies Valoradas<\/p>\n<p>Formato:<\/p>\n<p>Sello<\/p>\n<p>Emisi\u00f3n:<\/p>\n<p>Definitivo<\/p>\n<p>Perforaci\u00f3n:<\/p>\n<p>13\u00bd x 14\u00bd<\/p>\n<p>Impresi\u00f3n:<\/p>\n<p>Litograf\u00eda<\/p>\n<p>Papel:<\/p>\n<p>thin to thick<\/p>\n<p>Valor facial:<\/p>\n<p>20 c &#8211; Centavos Chilenos<\/p>\n<p>Puntuaci\u00f3n:<\/p>\n<p>3% Precisi\u00f3n: Muy alto<\/p>\n<p>Descripci\u00f3n:<\/p>\n<p>Impreso en hojas de 100 (10&#215;10).<\/p>\n<p>Existe con marca de agua invertida (punta inferior del escudo apuntando hacia arriba).<\/p>\n<p>VG 333 (thich paper)<\/p>\n<p>VG 334 (Papel fino)<\/p>\n<p><a href=\"https:\/\/colnect.com\/stamps\/stamp\/224981\">https:\/\/colnect.com\/stamps\/stamp\/224981<\/a><\/p>\n","protected":false},"excerpt":{"rendered":"<p>Manuel Bulnes Prieto (1799-1866) Pa\u00eds: Chile Serie: Personalidades (definitivos) C\u00f3digo de cat\u00e1logo: Michel CL 186 Stamp Number CL 181 Yvert et Tellier CL 152 Stanley Gibbons CL 232 Chilean Philatelic Society CL 216 Sobreimpreso: Click para ver sobreimpresiones y recargos Temas: Hombres | Jefes de Estado | Personajes Famosos | Pol\u00edticos Fecha emisi\u00f3n: 1931-08-12 Tama\u00f1o: &hellip;<\/p>\n<p class=\"read-more\"> <a class=\"thunk-readmore button\" href=\"https:\/\/filatelia.cuentista.es\/en\/product\/sello-chile-1931-bulnes-20-centavos-marron-usado\"> <span class=\"screen-reader-text\">Sello Chile 1931 &#8211; Bulnes &#8211; 20 Centavos Marr\u00f3n Usado<\/span>Read More<\/a><\/p>","protected":false},"featured_media":6646,"comment_status":"open","ping_status":"closed","template":"","meta":{"_acf_changed":false},"product_brand":[],"product_cat":[1573,20],"product_tag":[],"class_list":{"0":"post-6647","1":"product","2":"type-product","3":"status-publish","4":"has-post-thumbnail","6":"product_cat-chile","7":"product_cat-sellos-usados","8":"thunk-woo-product-list","9":"opn-qv-enable","10":"open-woo-hover-zoom","11":"open-single-product-tab-horizontal","12":"open-shadow-","13":"open-shadow-hover-","15":"first","16":"instock","17":"shipping-taxable","18":"purchasable","19":"product-type-simple"},"acf":[],"jetpack_sharing_enabled":true,"_links":{"self":[{"href":"https:\/\/filatelia.cuentista.es\/en\/wp-json\/wp\/v2\/product\/6647","targetHints":{"allow":["GET"]}}],"collection":[{"href":"https:\/\/filatelia.cuentista.es\/en\/wp-json\/wp\/v2\/product"}],"about":[{"href":"https:\/\/filatelia.cuentista.es\/en\/wp-json\/wp\/v2\/types\/product"}],"replies":[{"embeddable":true,"href":"https:\/\/filatelia.cuentista.es\/en\/wp-json\/wp\/v2\/comments?post=6647"}],"wp:featuredmedia":[{"embeddable":true,"href":"https:\/\/filatelia.cuentista.es\/en\/wp-json\/wp\/v2\/media\/6646"}],"wp:attachment":[{"href":"https:\/\/filatelia.cuentista.es\/en\/wp-json\/wp\/v2\/media?parent=6647"}],"wp:term":[{"taxonomy":"product_brand","embeddable":true,"href":"https:\/\/filatelia.cuentista.es\/en\/wp-json\/wp\/v2\/product_brand?post=6647"},{"taxonomy":"product_cat","embeddable":true,"href":"https:\/\/filatelia.cuentista.es\/en\/wp-json\/wp\/v2\/product_cat?post=6647"},{"taxonomy":"product_tag","embeddable":true,"href":"https:\/\/filatelia.cuentista.es\/en\/wp-json\/wp\/v2\/product_tag?post=6647"}],"curies":[{"name":"wp","href":"https:\/\/api.w.org\/{rel}","templated":true}]}}