{"id":6641,"date":"2024-11-17T21:21:49","date_gmt":"2024-11-17T21:21:49","guid":{"rendered":"https:\/\/filatelia.cuentista.es\/product\/sello-argentina-aves-tucan-50c-usado"},"modified":"2024-11-17T21:22:26","modified_gmt":"2024-11-17T21:22:26","slug":"sello-argentina-aves-tucan-50c-usado","status":"publish","type":"product","link":"https:\/\/filatelia.cuentista.es\/en\/product\/sello-argentina-aves-tucan-50c-usado","title":{"rendered":"Sello Argentina 1995 &#8211; Aves : Tuc\u00e1n &#8211; 50c Usado"},"content":{"rendered":"<p>Toco Toucan (Ramphastos toco)<\/p>\n<p><img class=\"size-full\"><img class=\"size-full\"><\/p>\n<p>Pa\u00eds:<\/p>\n<p>Argentina<\/p>\n<p>Serie:<\/p>\n<p>Argentine fauna<\/p>\n<p>C\u00f3digo de cat\u00e1logo:<\/p>\n<p>Michel AR 2254A<\/p>\n<p>Stamp Number AR 1890<\/p>\n<p>Yvert et Tellier AR 1880<\/p>\n<p>Stanley Gibbons AR 2427<\/p>\n<p>Gz (Cefiloza) AR 2220<\/p>\n<p>G\u00f6tig and Jalil AR 2723<\/p>\n<p>Variantes:<\/p>\n<p>Click para ver variantes<\/p>\n<p>Tiene variantes menores: 5<\/p>\n<p>Temas:<\/p>\n<p>Animales (Fauna) | Animales Estilizados | Aves | Tucanes<\/p>\n<p>Fecha emisi\u00f3n:<\/p>\n<p>1995-09-01<\/p>\n<p>Tama\u00f1o:<\/p>\n<p>30.5 x 24 mm<\/p>\n<p>Colores:<\/p>\n<p>Multicolor<\/p>\n<p>Formato:<\/p>\n<p>Sello<\/p>\n<p>Emisi\u00f3n:<\/p>\n<p>Definitivo<\/p>\n<p>Perforaci\u00f3n:<\/p>\n<p>peine13\u00bc<\/p>\n<p>Impresi\u00f3n:<\/p>\n<p>Litograf\u00eda offset<\/p>\n<p>Papel:<\/p>\n<p>ordinary, horizontally laid, semi glossy<\/p>\n<p>Goma:<\/p>\n<p>Verde<\/p>\n<p>Valor facial:<\/p>\n<p>50 \u00a2 &#8211; Centavo Argentino<\/p>\n<p>Tiraje:<\/p>\n<p>4.000.000<\/p>\n<p>Puntuaci\u00f3n:<\/p>\n<p>13% Precisi\u00f3n: Muy alto<\/p>\n<p>Art\u00edculos relacionados:<\/p>\n<p>Producto Filat\u00e9lico (relacionado): Todos contra el HIV &#8211; All against HIV (Argentina, Argentina)<\/p>\n<p>Producto Filat\u00e9lico (relacionado): Esperanza SIDA &#8211; Hope AIDS (Argentina, Argentina)<\/p>\n<p>Descripci\u00f3n:<\/p>\n<p>Pico del tuc\u00e1n largo<\/p>\n<p><a href=\"https:\/\/colnect.com\/stamps\/stamp\/793697\">https:\/\/colnect.com\/stamps\/stamp\/793697<\/a><\/p>","protected":false},"excerpt":{"rendered":"<p>Toco Toucan (Ramphastos toco) Pa\u00eds: Argentina Serie: Argentine fauna C\u00f3digo de cat\u00e1logo: Michel AR 2254A Stamp Number AR 1890 Yvert et Tellier AR 1880 Stanley Gibbons AR 2427 Gz (Cefiloza) AR 2220 G\u00f6tig and Jalil AR 2723 Variantes: Click para ver variantes Tiene variantes menores: 5 Temas: Animales (Fauna) | Animales Estilizados | Aves | &hellip;<\/p>\n<p class=\"read-more\"> <a class=\"thunk-readmore button\" href=\"https:\/\/filatelia.cuentista.es\/en\/product\/sello-argentina-aves-tucan-50c-usado\"> <span class=\"screen-reader-text\">Sello Argentina 1995 &#8211; Aves : Tuc\u00e1n &#8211; 50c Usado<\/span>Read More<\/a><\/p>","protected":false},"featured_media":6640,"comment_status":"open","ping_status":"closed","template":"","meta":{"_acf_changed":false},"product_brand":[],"product_cat":[1568,20],"product_tag":[],"class_list":{"0":"post-6641","1":"product","2":"type-product","3":"status-publish","4":"has-post-thumbnail","6":"product_cat-argentina","7":"product_cat-sellos-usados","8":"thunk-woo-product-list","9":"opn-qv-enable","10":"open-woo-hover-zoom","11":"open-single-product-tab-horizontal","12":"open-shadow-","13":"open-shadow-hover-","15":"first","16":"instock","17":"shipping-taxable","18":"purchasable","19":"product-type-simple"},"acf":[],"jetpack_sharing_enabled":true,"_links":{"self":[{"href":"https:\/\/filatelia.cuentista.es\/en\/wp-json\/wp\/v2\/product\/6641","targetHints":{"allow":["GET"]}}],"collection":[{"href":"https:\/\/filatelia.cuentista.es\/en\/wp-json\/wp\/v2\/product"}],"about":[{"href":"https:\/\/filatelia.cuentista.es\/en\/wp-json\/wp\/v2\/types\/product"}],"replies":[{"embeddable":true,"href":"https:\/\/filatelia.cuentista.es\/en\/wp-json\/wp\/v2\/comments?post=6641"}],"wp:featuredmedia":[{"embeddable":true,"href":"https:\/\/filatelia.cuentista.es\/en\/wp-json\/wp\/v2\/media\/6640"}],"wp:attachment":[{"href":"https:\/\/filatelia.cuentista.es\/en\/wp-json\/wp\/v2\/media?parent=6641"}],"wp:term":[{"taxonomy":"product_brand","embeddable":true,"href":"https:\/\/filatelia.cuentista.es\/en\/wp-json\/wp\/v2\/product_brand?post=6641"},{"taxonomy":"product_cat","embeddable":true,"href":"https:\/\/filatelia.cuentista.es\/en\/wp-json\/wp\/v2\/product_cat?post=6641"},{"taxonomy":"product_tag","embeddable":true,"href":"https:\/\/filatelia.cuentista.es\/en\/wp-json\/wp\/v2\/product_tag?post=6641"}],"curies":[{"name":"wp","href":"https:\/\/api.w.org\/{rel}","templated":true}]}}