{"id":6639,"date":"2024-11-17T21:17:47","date_gmt":"2024-11-17T21:17:47","guid":{"rendered":"https:\/\/filatelia.cuentista.es\/product\/sello-argentina-1989-flores-virreina-20-australes-nuevo"},"modified":"2024-11-17T21:17:52","modified_gmt":"2024-11-17T21:17:52","slug":"sello-argentina-1989-flores-virreina-20-australes-nuevo","status":"publish","type":"product","link":"https:\/\/filatelia.cuentista.es\/en\/product\/sello-argentina-1989-flores-virreina-20-australes-nuevo","title":{"rendered":"Sello Argentina 1989 &#8211; Flores : Virreina &#8211; 20 Australes Nuevo"},"content":{"rendered":"<p>Virrenya (Mutisia retusa)<\/p>\n<p><img class=\"size-full\"><\/p>\n<p>Pa\u00eds:<\/p>\n<p>Argentina<\/p>\n<p>Serie:<\/p>\n<p>Flowers &#8211; Austral<\/p>\n<p>C\u00f3digo de cat\u00e1logo:<\/p>\n<p>Michel AR 1980<\/p>\n<p>Stamp Number AR 1684<\/p>\n<p>Yvert et Tellier AR 1682<\/p>\n<p>Stanley Gibbons AR 1942b<\/p>\n<p>Gz (Cefiloza) AR 1967a<\/p>\n<p>G\u00f6tig and Jalil AR 2223<\/p>\n<p>Tiene variantes menores: 6<\/p>\n<p>Temas:<\/p>\n<p>Flores | Plantas (Flora)<\/p>\n<p>Fecha emisi\u00f3n:<\/p>\n<p>1989-08-01<\/p>\n<p>Tama\u00f1o:<\/p>\n<p>27 x 38.5 mm<\/p>\n<p>Colores:<\/p>\n<p>Multicolor<\/p>\n<p>Dise\u00f1adores:<\/p>\n<p>Julio Miguel Fouret<\/p>\n<p>Formato:<\/p>\n<p>Sello<\/p>\n<p>Emisi\u00f3n:<\/p>\n<p>Definitivo<\/p>\n<p>Perforaci\u00f3n:<\/p>\n<p>peine13\u00bd<\/p>\n<p>Impresi\u00f3n:<\/p>\n<p>Fotograbado<\/p>\n<p>Papel:<\/p>\n<p>fluorescent 2FF (very strong at front, strong at back), translucent, very white<\/p>\n<p>Valor facial:<\/p>\n<p>20 \u20b3 &#8211; Austral Argentino<\/p>\n<p><a href=\"https:\/\/colnect.com\/stamps\/stamp\/1335315\">https:\/\/colnect.com\/stamps\/stamp\/1335315<\/a><\/p>","protected":false},"excerpt":{"rendered":"<p>Virrenya (Mutisia retusa) Pa\u00eds: Argentina Serie: Flowers &#8211; Austral C\u00f3digo de cat\u00e1logo: Michel AR 1980 Stamp Number AR 1684 Yvert et Tellier AR 1682 Stanley Gibbons AR 1942b Gz (Cefiloza) AR 1967a G\u00f6tig and Jalil AR 2223 Tiene variantes menores: 6 Temas: Flores | Plantas (Flora) Fecha emisi\u00f3n: 1989-08-01 Tama\u00f1o: 27 x 38.5 mm Colores: &hellip;<\/p>\n<p class=\"read-more\"> <a class=\"thunk-readmore button\" href=\"https:\/\/filatelia.cuentista.es\/en\/product\/sello-argentina-1989-flores-virreina-20-australes-nuevo\"> <span class=\"screen-reader-text\">Sello Argentina 1989 &#8211; Flores : Virreina &#8211; 20 Australes Nuevo<\/span>Read More<\/a><\/p>","protected":false},"featured_media":6638,"comment_status":"open","ping_status":"closed","template":"","meta":{"_acf_changed":false},"product_brand":[],"product_cat":[1568,21],"product_tag":[],"class_list":{"0":"post-6639","1":"product","2":"type-product","3":"status-publish","4":"has-post-thumbnail","6":"product_cat-argentina","7":"product_cat-sellos-nuevos","8":"thunk-woo-product-list","9":"opn-qv-enable","10":"open-woo-hover-zoom","11":"open-single-product-tab-horizontal","12":"open-shadow-","13":"open-shadow-hover-","15":"first","16":"instock","17":"sale","18":"shipping-taxable","19":"purchasable","20":"product-type-simple"},"acf":[],"jetpack_sharing_enabled":true,"_links":{"self":[{"href":"https:\/\/filatelia.cuentista.es\/en\/wp-json\/wp\/v2\/product\/6639","targetHints":{"allow":["GET"]}}],"collection":[{"href":"https:\/\/filatelia.cuentista.es\/en\/wp-json\/wp\/v2\/product"}],"about":[{"href":"https:\/\/filatelia.cuentista.es\/en\/wp-json\/wp\/v2\/types\/product"}],"replies":[{"embeddable":true,"href":"https:\/\/filatelia.cuentista.es\/en\/wp-json\/wp\/v2\/comments?post=6639"}],"wp:featuredmedia":[{"embeddable":true,"href":"https:\/\/filatelia.cuentista.es\/en\/wp-json\/wp\/v2\/media\/6638"}],"wp:attachment":[{"href":"https:\/\/filatelia.cuentista.es\/en\/wp-json\/wp\/v2\/media?parent=6639"}],"wp:term":[{"taxonomy":"product_brand","embeddable":true,"href":"https:\/\/filatelia.cuentista.es\/en\/wp-json\/wp\/v2\/product_brand?post=6639"},{"taxonomy":"product_cat","embeddable":true,"href":"https:\/\/filatelia.cuentista.es\/en\/wp-json\/wp\/v2\/product_cat?post=6639"},{"taxonomy":"product_tag","embeddable":true,"href":"https:\/\/filatelia.cuentista.es\/en\/wp-json\/wp\/v2\/product_tag?post=6639"}],"curies":[{"name":"wp","href":"https:\/\/api.w.org\/{rel}","templated":true}]}}