{"id":6633,"date":"2024-11-17T21:00:47","date_gmt":"2024-11-17T21:00:47","guid":{"rendered":"https:\/\/filatelia.cuentista.es\/product\/sello-argentina-1987-pedro-l-zani-20-pesos-nuevo"},"modified":"2024-11-17T21:00:52","modified_gmt":"2024-11-17T21:00:52","slug":"sello-argentina-1987-pedro-l-zani-20-pesos-nuevo","status":"publish","type":"product","link":"https:\/\/filatelia.cuentista.es\/en\/product\/sello-argentina-1987-pedro-l-zani-20-pesos-nuevo","title":{"rendered":"Sello Argentina 1987 &#8211; Pedro L. Zani &#8211; 20 Pesos Nuevo"},"content":{"rendered":"<p>Pedro L. Zanni (1891-1942) &amp; Fokker C. IV.<\/p>\n<p><img class=\"size-full\"><img class=\"size-full\"><\/p>\n<p>Pa\u00eds:<\/p>\n<p>Argentina<\/p>\n<p>Serie:<\/p>\n<p>Aviation Week &#8211; 1967<\/p>\n<p>C\u00f3digo de cat\u00e1logo:<\/p>\n<p>Michel AR 977<\/p>\n<p>Stamp Number AR 846<\/p>\n<p>Yvert et Tellier AR 800<\/p>\n<p>Stanley Gibbons AR 1210<\/p>\n<p>Gz (Cefiloza) AR 990<\/p>\n<p>G\u00f6tig and Jalil AR 1423<\/p>\n<p>Tiene variantes menores: 1<\/p>\n<p>Temas:<\/p>\n<p>Aviaci\u00f3n | Aviones | Mapas | Personajes Famosos | Pilotos<\/p>\n<p>Fecha emisi\u00f3n:<\/p>\n<p>1967-10-21<\/p>\n<p>Tama\u00f1o:<\/p>\n<p>37 x 27 mm<\/p>\n<p>Colores:<\/p>\n<p>Multicolor<\/p>\n<p>Marca de agua:<\/p>\n<p>Sol redondo RA (9&#215;8,5 mm) normal\/invertido<\/p>\n<p>Dise\u00f1adores:<\/p>\n<p>Hector Viola<\/p>\n<p>Impresores\/Imprentas:<\/p>\n<p>Casa de Moneda S.E., Buenos Aires<\/p>\n<p>Formato:<\/p>\n<p>Sello<\/p>\n<p>Emisi\u00f3n:<\/p>\n<p>Conmemorativo<\/p>\n<p>Perforaci\u00f3n:<\/p>\n<p>peine13\u00bd<\/p>\n<p>Impresi\u00f3n:<\/p>\n<p>Litograf\u00eda offset<\/p>\n<p>Papel:<\/p>\n<p>National, vertically grained<\/p>\n<p>Valor facial:<\/p>\n<p>20 m$n &#8211; Peso Moneda Nacional Argentino<\/p>\n<p>Tiraje:<\/p>\n<p>2.000.000<\/p>\n<p><a href=\"https:\/\/colnect.com\/stamps\/stamp\/212302\">https:\/\/colnect.com\/stamps\/stamp\/212302<\/a><\/p>","protected":false},"excerpt":{"rendered":"<p>Pedro L. Zanni (1891-1942) &amp; Fokker C. IV. Pa\u00eds: Argentina Serie: Aviation Week &#8211; 1967 C\u00f3digo de cat\u00e1logo: Michel AR 977 Stamp Number AR 846 Yvert et Tellier AR 800 Stanley Gibbons AR 1210 Gz (Cefiloza) AR 990 G\u00f6tig and Jalil AR 1423 Tiene variantes menores: 1 Temas: Aviaci\u00f3n | Aviones | Mapas | Personajes &hellip;<\/p>\n<p class=\"read-more\"> <a class=\"thunk-readmore button\" href=\"https:\/\/filatelia.cuentista.es\/en\/product\/sello-argentina-1987-pedro-l-zani-20-pesos-nuevo\"> <span class=\"screen-reader-text\">Sello Argentina 1987 &#8211; Pedro L. Zani &#8211; 20 Pesos Nuevo<\/span>Read More<\/a><\/p>","protected":false},"featured_media":6632,"comment_status":"open","ping_status":"closed","template":"","meta":{"_acf_changed":false},"product_brand":[],"product_cat":[1568,21],"product_tag":[],"class_list":{"0":"post-6633","1":"product","2":"type-product","3":"status-publish","4":"has-post-thumbnail","6":"product_cat-argentina","7":"product_cat-sellos-nuevos","8":"thunk-woo-product-list","9":"opn-qv-enable","10":"open-woo-hover-zoom","11":"open-single-product-tab-horizontal","12":"open-shadow-","13":"open-shadow-hover-","15":"first","16":"instock","17":"shipping-taxable","18":"purchasable","19":"product-type-simple"},"acf":[],"jetpack_sharing_enabled":true,"_links":{"self":[{"href":"https:\/\/filatelia.cuentista.es\/en\/wp-json\/wp\/v2\/product\/6633","targetHints":{"allow":["GET"]}}],"collection":[{"href":"https:\/\/filatelia.cuentista.es\/en\/wp-json\/wp\/v2\/product"}],"about":[{"href":"https:\/\/filatelia.cuentista.es\/en\/wp-json\/wp\/v2\/types\/product"}],"replies":[{"embeddable":true,"href":"https:\/\/filatelia.cuentista.es\/en\/wp-json\/wp\/v2\/comments?post=6633"}],"wp:featuredmedia":[{"embeddable":true,"href":"https:\/\/filatelia.cuentista.es\/en\/wp-json\/wp\/v2\/media\/6632"}],"wp:attachment":[{"href":"https:\/\/filatelia.cuentista.es\/en\/wp-json\/wp\/v2\/media?parent=6633"}],"wp:term":[{"taxonomy":"product_brand","embeddable":true,"href":"https:\/\/filatelia.cuentista.es\/en\/wp-json\/wp\/v2\/product_brand?post=6633"},{"taxonomy":"product_cat","embeddable":true,"href":"https:\/\/filatelia.cuentista.es\/en\/wp-json\/wp\/v2\/product_cat?post=6633"},{"taxonomy":"product_tag","embeddable":true,"href":"https:\/\/filatelia.cuentista.es\/en\/wp-json\/wp\/v2\/product_tag?post=6633"}],"curies":[{"name":"wp","href":"https:\/\/api.w.org\/{rel}","templated":true}]}}