{"id":6627,"date":"2024-11-17T20:47:26","date_gmt":"2024-11-17T20:47:26","guid":{"rendered":"https:\/\/filatelia.cuentista.es\/product\/sello-argentina-1982-flores-guaran-amarillo-5000-pesos-usado"},"modified":"2024-11-17T20:47:40","modified_gmt":"2024-11-17T20:47:40","slug":"sello-argentina-1982-flores-guaran-amarillo-5000-pesos-usado","status":"publish","type":"product","link":"https:\/\/filatelia.cuentista.es\/en\/product\/sello-argentina-1982-flores-guaran-amarillo-5000-pesos-usado","title":{"rendered":"Sello Argentina 1982 &#8211; Flores : Guar\u00e1n Amarillo &#8211; 5000 Pesos Usado"},"content":{"rendered":"<p>Guaran Amarillo &#8211; Guaranday (Tecoma stans) &#8211; Fluo<\/p>\n<p><img class=\"size-full\"><\/p>\n<p>Pa\u00eds:<\/p>\n<p>Argentina<\/p>\n<p>Serie:<\/p>\n<p>Flowers &#8211; Peso ley<\/p>\n<p>C\u00f3digo de cat\u00e1logo:<\/p>\n<p>Michel AR 1563x<\/p>\n<p>Stamp Number AR 1352<\/p>\n<p>Yvert et Tellier AR 1292<\/p>\n<p>Stanley Gibbons AR 1751<\/p>\n<p>Gz (Cefiloza) AR 1560<\/p>\n<p>G\u00f6tig and Jalil AR 2033<\/p>\n<p>Sobreimpreso:<\/p>\n<p>Click para ver sobreimpresiones y recargos<\/p>\n<p>Tiene variantes menores: 2<\/p>\n<p>Temas:<\/p>\n<p>Flores | Plantas (Flora)<\/p>\n<p>Fecha emisi\u00f3n:<\/p>\n<p>1982-05-22<\/p>\n<p>Tama\u00f1o:<\/p>\n<p>27 x 38.5 mm<\/p>\n<p>Colores:<\/p>\n<p>Multicolor<\/p>\n<p>Dise\u00f1adores:<\/p>\n<p>Julio Miguel Fouret<\/p>\n<p>Formato:<\/p>\n<p>Sello<\/p>\n<p>Emisi\u00f3n:<\/p>\n<p>Definitivo<\/p>\n<p>Perforaci\u00f3n:<\/p>\n<p>peine13\u00bd<\/p>\n<p>Impresi\u00f3n:<\/p>\n<p>Fotograbado<\/p>\n<p>Papel:<\/p>\n<p>fluorescent FN (strong at front, neutral at back), glossy<\/p>\n<p>Valor facial:<\/p>\n<p>5.000 $L &#8211; Peso Ley Argentino<\/p>\n<p><a href=\"https:\/\/colnect.com\/stamps\/stamp\/176088\">https:\/\/colnect.com\/stamps\/stamp\/176088<\/a><\/p>","protected":false},"excerpt":{"rendered":"<p>Guaran Amarillo &#8211; Guaranday (Tecoma stans) &#8211; Fluo Pa\u00eds: Argentina Serie: Flowers &#8211; Peso ley C\u00f3digo de cat\u00e1logo: Michel AR 1563x Stamp Number AR 1352 Yvert et Tellier AR 1292 Stanley Gibbons AR 1751 Gz (Cefiloza) AR 1560 G\u00f6tig and Jalil AR 2033 Sobreimpreso: Click para ver sobreimpresiones y recargos Tiene variantes menores: 2 Temas: &hellip;<\/p>\n<p class=\"read-more\"> <a class=\"thunk-readmore button\" href=\"https:\/\/filatelia.cuentista.es\/en\/product\/sello-argentina-1982-flores-guaran-amarillo-5000-pesos-usado\"> <span class=\"screen-reader-text\">Sello Argentina 1982 &#8211; Flores : Guar\u00e1n Amarillo &#8211; 5000 Pesos Usado<\/span>Read More<\/a><\/p>","protected":false},"featured_media":6626,"comment_status":"open","ping_status":"closed","template":"","meta":{"_acf_changed":false},"product_brand":[],"product_cat":[1568,20],"product_tag":[],"class_list":{"0":"post-6627","1":"product","2":"type-product","3":"status-publish","4":"has-post-thumbnail","6":"product_cat-argentina","7":"product_cat-sellos-usados","8":"thunk-woo-product-list","9":"opn-qv-enable","10":"open-woo-hover-zoom","11":"open-single-product-tab-horizontal","12":"open-shadow-","13":"open-shadow-hover-","15":"first","16":"instock","17":"shipping-taxable","18":"purchasable","19":"product-type-simple"},"acf":[],"jetpack_sharing_enabled":true,"_links":{"self":[{"href":"https:\/\/filatelia.cuentista.es\/en\/wp-json\/wp\/v2\/product\/6627","targetHints":{"allow":["GET"]}}],"collection":[{"href":"https:\/\/filatelia.cuentista.es\/en\/wp-json\/wp\/v2\/product"}],"about":[{"href":"https:\/\/filatelia.cuentista.es\/en\/wp-json\/wp\/v2\/types\/product"}],"replies":[{"embeddable":true,"href":"https:\/\/filatelia.cuentista.es\/en\/wp-json\/wp\/v2\/comments?post=6627"}],"wp:featuredmedia":[{"embeddable":true,"href":"https:\/\/filatelia.cuentista.es\/en\/wp-json\/wp\/v2\/media\/6626"}],"wp:attachment":[{"href":"https:\/\/filatelia.cuentista.es\/en\/wp-json\/wp\/v2\/media?parent=6627"}],"wp:term":[{"taxonomy":"product_brand","embeddable":true,"href":"https:\/\/filatelia.cuentista.es\/en\/wp-json\/wp\/v2\/product_brand?post=6627"},{"taxonomy":"product_cat","embeddable":true,"href":"https:\/\/filatelia.cuentista.es\/en\/wp-json\/wp\/v2\/product_cat?post=6627"},{"taxonomy":"product_tag","embeddable":true,"href":"https:\/\/filatelia.cuentista.es\/en\/wp-json\/wp\/v2\/product_tag?post=6627"}],"curies":[{"name":"wp","href":"https:\/\/api.w.org\/{rel}","templated":true}]}}