{"id":6623,"date":"2024-11-17T20:38:43","date_gmt":"2024-11-17T20:38:43","guid":{"rendered":"https:\/\/filatelia.cuentista.es\/product\/sello-argentina-1989-flores-notro-ciruelillo-500-australes-usado"},"modified":"2024-11-17T20:38:48","modified_gmt":"2024-11-17T20:38:48","slug":"sello-argentina-1989-flores-notro-ciruelillo-500-australes-usado","status":"publish","type":"product","link":"https:\/\/filatelia.cuentista.es\/en\/product\/sello-argentina-1989-flores-notro-ciruelillo-500-australes-usado","title":{"rendered":"Sello Argentina 1989 &#8211; Flores : Notro\/Ciruelillo &#8211; 500 Australes Usado"},"content":{"rendered":"<p>Notro-Ciruelillo (Embothrium coccineum)<\/p>\n<p><img class=\"size-full\"><\/p>\n<p>Pa\u00eds:<\/p>\n<p>Argentina<\/p>\n<p>Serie:<\/p>\n<p>Flowers &#8211; Austral<\/p>\n<p>C\u00f3digo de cat\u00e1logo:<\/p>\n<p>Michel AR 1983<\/p>\n<p>Stamp Number AR 1688<\/p>\n<p>Yvert et Tellier AR 1689<\/p>\n<p>Stanley Gibbons AR 1943b<\/p>\n<p>Gz (Cefiloza) AR 1971<\/p>\n<p>G\u00f6tig and Jalil AR 2227<\/p>\n<p>Tiene variantes menores: 8<\/p>\n<p>Temas:<\/p>\n<p>Flores | Plantas (Flora)<\/p>\n<p>Fecha emisi\u00f3n:<\/p>\n<p>1989-08-18<\/p>\n<p>Tama\u00f1o:<\/p>\n<p>27 x 38.5 mm<\/p>\n<p>Colores:<\/p>\n<p>Multicolor<\/p>\n<p>Dise\u00f1adores:<\/p>\n<p>Julio Miguel Fouret<\/p>\n<p>Formato:<\/p>\n<p>Sello<\/p>\n<p>Emisi\u00f3n:<\/p>\n<p>Definitivo<\/p>\n<p>Perforaci\u00f3n:<\/p>\n<p>peine13\u00bd<\/p>\n<p>Impresi\u00f3n:<\/p>\n<p>Fotograbado<\/p>\n<p>Papel:<\/p>\n<p>fluorescent 2FF (very strong at front, strong at back), translucent, very white<\/p>\n<p>Valor facial:<\/p>\n<p>500 \u20b3 &#8211; Austral Argentino<\/p>\n<p>Puntuaci\u00f3n:<\/p>\n<p>21% Precisi\u00f3n: Muy alto<\/p>\n<p>Descripci\u00f3n:<\/p>\n<p>Colores claros<\/p>\n<p><a href=\"https:\/\/colnect.com\/stamps\/stamp\/1335324\">https:\/\/colnect.com\/stamps\/stamp\/1335324<\/a><\/p>","protected":false},"excerpt":{"rendered":"<p>Notro-Ciruelillo (Embothrium coccineum) Pa\u00eds: Argentina Serie: Flowers &#8211; Austral C\u00f3digo de cat\u00e1logo: Michel AR 1983 Stamp Number AR 1688 Yvert et Tellier AR 1689 Stanley Gibbons AR 1943b Gz (Cefiloza) AR 1971 G\u00f6tig and Jalil AR 2227 Tiene variantes menores: 8 Temas: Flores | Plantas (Flora) Fecha emisi\u00f3n: 1989-08-18 Tama\u00f1o: 27 x 38.5 mm Colores: &hellip;<\/p>\n<p class=\"read-more\"> <a class=\"thunk-readmore button\" href=\"https:\/\/filatelia.cuentista.es\/en\/product\/sello-argentina-1989-flores-notro-ciruelillo-500-australes-usado\"> <span class=\"screen-reader-text\">Sello Argentina 1989 &#8211; Flores : Notro\/Ciruelillo &#8211; 500 Australes Usado<\/span>Read More<\/a><\/p>","protected":false},"featured_media":6622,"comment_status":"open","ping_status":"closed","template":"","meta":{"_acf_changed":false},"product_brand":[],"product_cat":[1568,20],"product_tag":[],"class_list":{"0":"post-6623","1":"product","2":"type-product","3":"status-publish","4":"has-post-thumbnail","6":"product_cat-argentina","7":"product_cat-sellos-usados","8":"thunk-woo-product-list","9":"opn-qv-enable","10":"open-woo-hover-zoom","11":"open-single-product-tab-horizontal","12":"open-shadow-","13":"open-shadow-hover-","15":"first","16":"instock","17":"shipping-taxable","18":"purchasable","19":"product-type-simple"},"acf":[],"jetpack_sharing_enabled":true,"_links":{"self":[{"href":"https:\/\/filatelia.cuentista.es\/en\/wp-json\/wp\/v2\/product\/6623","targetHints":{"allow":["GET"]}}],"collection":[{"href":"https:\/\/filatelia.cuentista.es\/en\/wp-json\/wp\/v2\/product"}],"about":[{"href":"https:\/\/filatelia.cuentista.es\/en\/wp-json\/wp\/v2\/types\/product"}],"replies":[{"embeddable":true,"href":"https:\/\/filatelia.cuentista.es\/en\/wp-json\/wp\/v2\/comments?post=6623"}],"wp:featuredmedia":[{"embeddable":true,"href":"https:\/\/filatelia.cuentista.es\/en\/wp-json\/wp\/v2\/media\/6622"}],"wp:attachment":[{"href":"https:\/\/filatelia.cuentista.es\/en\/wp-json\/wp\/v2\/media?parent=6623"}],"wp:term":[{"taxonomy":"product_brand","embeddable":true,"href":"https:\/\/filatelia.cuentista.es\/en\/wp-json\/wp\/v2\/product_brand?post=6623"},{"taxonomy":"product_cat","embeddable":true,"href":"https:\/\/filatelia.cuentista.es\/en\/wp-json\/wp\/v2\/product_cat?post=6623"},{"taxonomy":"product_tag","embeddable":true,"href":"https:\/\/filatelia.cuentista.es\/en\/wp-json\/wp\/v2\/product_tag?post=6623"}],"curies":[{"name":"wp","href":"https:\/\/api.w.org\/{rel}","templated":true}]}}