{"id":6617,"date":"2024-11-17T18:43:58","date_gmt":"2024-11-17T18:43:58","guid":{"rendered":"https:\/\/filatelia.cuentista.es\/product\/sello-argentina-1961-llama-20c-marron-nuevo"},"modified":"2024-11-30T21:30:44","modified_gmt":"2024-11-30T21:30:44","slug":"sello-argentina-1961-llama-20c-marron-nuevo","status":"publish","type":"product","link":"https:\/\/filatelia.cuentista.es\/en\/product\/sello-argentina-1961-llama-20c-marron-nuevo","title":{"rendered":"Sello Argentina 1961 &#8211; Llama &#8211; 20c Marr\u00f3n Nuevo"},"content":{"rendered":"<p>Llama (Lama glama)<\/p>\n<p><img class=\"size-full\"><img class=\"size-full\"><\/p>\n<p>Pa\u00eds:<\/p>\n<p>Argentina<\/p>\n<p>Serie:<\/p>\n<p>Personalities and Landscapes &#8211; Offset<\/p>\n<p>C\u00f3digo de cat\u00e1logo:<\/p>\n<p>Michel AR 763<\/p>\n<p>Stamp Number AR 686<\/p>\n<p>Yvert et Tellier AR 602A<\/p>\n<p>Stanley Gibbons AR 947<\/p>\n<p>Gz (Cefiloza) AR 780<\/p>\n<p>G\u00f6tig and Jalil AR 1124<\/p>\n<p>Sobreimpreso:<\/p>\n<p>Click para ver sobreimpresiones y recargos<\/p>\n<p>Tiene variantes menores: 7<\/p>\n<p>Temas:<\/p>\n<p>Animales (Fauna) | Camellos | Mam\u00edferos| Paisajes<\/p>\n<p>Fecha emisi\u00f3n:<\/p>\n<p>1961-03-15<\/p>\n<p>Tama\u00f1o:<\/p>\n<p>30 x 24 mm<\/p>\n<p>Colores:<\/p>\n<p>Lila marr\u00f3n claro<\/p>\n<p>Marca de agua:<\/p>\n<p>Sol redondo RA (9&#215;8,5 mm) de lado a izquierda\/derecha<\/p>\n<p>Formato:<\/p>\n<p>Sello<\/p>\n<p>Emisi\u00f3n:<\/p>\n<p>Definitivo<\/p>\n<p>Perforaci\u00f3n:<\/p>\n<p>peine13 x 13\u00bc<\/p>\n<p>Impresi\u00f3n:<\/p>\n<p>Litograf\u00eda offset<\/p>\n<p>Papel:<\/p>\n<p>National, horizontally fine grained \u00abcerrado\u00bb<\/p>\n<p>Valor facial:<\/p>\n<p>20 \u00a2 &#8211; Centavo Argentino<\/p>\n<p>Puntuaci\u00f3n:<\/p>\n<p>8% Precisi\u00f3n: Muy alto<\/p>\n<p>Descripci\u00f3n:<\/p>\n<p>Tonos de color. Dark brown lilac<\/p>\n<p><a href=\"https:\/\/colnect.com\/stamps\/stamp\/653625\">https:\/\/colnect.com\/stamps\/stamp\/653625<\/a><\/p>","protected":false},"excerpt":{"rendered":"<p>Llama (Lama glama) Pa\u00eds: Argentina Serie: Personalities and Landscapes &#8211; Offset C\u00f3digo de cat\u00e1logo: Michel AR 763 Stamp Number AR 686 Yvert et Tellier AR 602A Stanley Gibbons AR 947 Gz (Cefiloza) AR 780 G\u00f6tig and Jalil AR 1124 Sobreimpreso: Click para ver sobreimpresiones y recargos Tiene variantes menores: 7 Temas: Animales (Fauna) | Camellos &hellip;<\/p>\n<p class=\"read-more\"> <a class=\"thunk-readmore button\" href=\"https:\/\/filatelia.cuentista.es\/en\/product\/sello-argentina-1961-llama-20c-marron-nuevo\"> <span class=\"screen-reader-text\">Sello Argentina 1961 &#8211; Llama &#8211; 20c Marr\u00f3n Nuevo<\/span>Read More<\/a><\/p>","protected":false},"featured_media":6616,"comment_status":"open","ping_status":"closed","template":"","meta":{"_acf_changed":false},"product_brand":[],"product_cat":[1568,21],"product_tag":[],"class_list":{"0":"post-6617","1":"product","2":"type-product","3":"status-publish","4":"has-post-thumbnail","6":"product_cat-argentina","7":"product_cat-sellos-nuevos","8":"thunk-woo-product-list","9":"opn-qv-enable","10":"open-woo-hover-zoom","11":"open-single-product-tab-horizontal","12":"open-shadow-","13":"open-shadow-hover-","15":"first","16":"instock","17":"shipping-taxable","18":"purchasable","19":"product-type-simple"},"acf":[],"jetpack_sharing_enabled":true,"_links":{"self":[{"href":"https:\/\/filatelia.cuentista.es\/en\/wp-json\/wp\/v2\/product\/6617","targetHints":{"allow":["GET"]}}],"collection":[{"href":"https:\/\/filatelia.cuentista.es\/en\/wp-json\/wp\/v2\/product"}],"about":[{"href":"https:\/\/filatelia.cuentista.es\/en\/wp-json\/wp\/v2\/types\/product"}],"replies":[{"embeddable":true,"href":"https:\/\/filatelia.cuentista.es\/en\/wp-json\/wp\/v2\/comments?post=6617"}],"wp:featuredmedia":[{"embeddable":true,"href":"https:\/\/filatelia.cuentista.es\/en\/wp-json\/wp\/v2\/media\/6616"}],"wp:attachment":[{"href":"https:\/\/filatelia.cuentista.es\/en\/wp-json\/wp\/v2\/media?parent=6617"}],"wp:term":[{"taxonomy":"product_brand","embeddable":true,"href":"https:\/\/filatelia.cuentista.es\/en\/wp-json\/wp\/v2\/product_brand?post=6617"},{"taxonomy":"product_cat","embeddable":true,"href":"https:\/\/filatelia.cuentista.es\/en\/wp-json\/wp\/v2\/product_cat?post=6617"},{"taxonomy":"product_tag","embeddable":true,"href":"https:\/\/filatelia.cuentista.es\/en\/wp-json\/wp\/v2\/product_tag?post=6617"}],"curies":[{"name":"wp","href":"https:\/\/api.w.org\/{rel}","templated":true}]}}