{"id":6609,"date":"2024-11-17T18:30:55","date_gmt":"2024-11-17T18:30:55","guid":{"rendered":"https:\/\/filatelia.cuentista.es\/product\/sello-argentina-1929-12-de-octubre-5-centavos-rojo-usado"},"modified":"2024-11-17T18:30:59","modified_gmt":"2024-11-17T18:30:59","slug":"sello-argentina-1929-12-de-octubre-5-centavos-rojo-usado","status":"publish","type":"product","link":"https:\/\/filatelia.cuentista.es\/en\/product\/sello-argentina-1929-12-de-octubre-5-centavos-rojo-usado","title":{"rendered":"Sello Argentina 1929 &#8211; 12 de Octubre &#8211; 5 Centavos Rojo Usado"},"content":{"rendered":"<p>D\u00eda de la Raza<\/p>\n<p><img class=\"size-full\"><img class=\"size-full\"><\/p>\n<p>Pa\u00eds:<\/p>\n<p>Argentina<\/p>\n<p>Serie:<\/p>\n<p>Discovery of America, 437th anniversary<\/p>\n<p>C\u00f3digo de cat\u00e1logo:<\/p>\n<p>Michel AR 335<\/p>\n<p>Stamp Number AR 372<\/p>\n<p>Yvert et Tellier AR 324<\/p>\n<p>Stanley Gibbons AR 580<\/p>\n<p>Gz (Cefiloza) AR 433<\/p>\n<p>G\u00f6tig and Jalil AR 658<\/p>\n<p>Temas:<\/p>\n<p>Aniversarios y Jubileos<\/p>\n<p>Fecha emisi\u00f3n:<\/p>\n<p>1929-10-12<\/p>\n<p>Tama\u00f1o:<\/p>\n<p>30 x 24 mm<\/p>\n<p>Colores:<\/p>\n<p>Rojo<\/p>\n<p>Marca de agua:<\/p>\n<p>Sol redondo RA (9,5 mm) de lado a izquierda\/derecha. Letras RA unidas<\/p>\n<p>Formato:<\/p>\n<p>Sello<\/p>\n<p>Emisi\u00f3n:<\/p>\n<p>Conmemorativo<\/p>\n<p>Perforaci\u00f3n:<\/p>\n<p>13\u00bc<\/p>\n<p>Impresi\u00f3n:<\/p>\n<p>Litograf\u00eda offset<\/p>\n<p>Papel:<\/p>\n<p>English, vertically grained<\/p>\n<p>Valor facial:<\/p>\n<p>5 \u00a2 &#8211; Centavo Argentino<\/p>\n<p>Tiraje:<\/p>\n<p>10.000.000<\/p>\n<p><a href=\"https:\/\/colnect.com\/stamps\/stamp\/398584\">https:\/\/colnect.com\/stamps\/stamp\/398584<\/a><\/p>","protected":false},"excerpt":{"rendered":"<p>D\u00eda de la Raza Pa\u00eds: Argentina Serie: Discovery of America, 437th anniversary C\u00f3digo de cat\u00e1logo: Michel AR 335 Stamp Number AR 372 Yvert et Tellier AR 324 Stanley Gibbons AR 580 Gz (Cefiloza) AR 433 G\u00f6tig and Jalil AR 658 Temas: Aniversarios y Jubileos Fecha emisi\u00f3n: 1929-10-12 Tama\u00f1o: 30 x 24 mm Colores: Rojo Marca &hellip;<\/p>\n<p class=\"read-more\"> <a class=\"thunk-readmore button\" href=\"https:\/\/filatelia.cuentista.es\/en\/product\/sello-argentina-1929-12-de-octubre-5-centavos-rojo-usado\"> <span class=\"screen-reader-text\">Sello Argentina 1929 &#8211; 12 de Octubre &#8211; 5 Centavos Rojo Usado<\/span>Read More<\/a><\/p>","protected":false},"featured_media":6608,"comment_status":"open","ping_status":"closed","template":"","meta":{"_acf_changed":false},"product_brand":[],"product_cat":[1568,20],"product_tag":[],"class_list":{"0":"post-6609","1":"product","2":"type-product","3":"status-publish","4":"has-post-thumbnail","6":"product_cat-argentina","7":"product_cat-sellos-usados","8":"thunk-woo-product-list","9":"opn-qv-enable","10":"open-woo-hover-zoom","11":"open-single-product-tab-horizontal","12":"open-shadow-","13":"open-shadow-hover-","15":"first","16":"instock","17":"shipping-taxable","18":"purchasable","19":"product-type-simple"},"acf":[],"jetpack_sharing_enabled":true,"_links":{"self":[{"href":"https:\/\/filatelia.cuentista.es\/en\/wp-json\/wp\/v2\/product\/6609","targetHints":{"allow":["GET"]}}],"collection":[{"href":"https:\/\/filatelia.cuentista.es\/en\/wp-json\/wp\/v2\/product"}],"about":[{"href":"https:\/\/filatelia.cuentista.es\/en\/wp-json\/wp\/v2\/types\/product"}],"replies":[{"embeddable":true,"href":"https:\/\/filatelia.cuentista.es\/en\/wp-json\/wp\/v2\/comments?post=6609"}],"wp:featuredmedia":[{"embeddable":true,"href":"https:\/\/filatelia.cuentista.es\/en\/wp-json\/wp\/v2\/media\/6608"}],"wp:attachment":[{"href":"https:\/\/filatelia.cuentista.es\/en\/wp-json\/wp\/v2\/media?parent=6609"}],"wp:term":[{"taxonomy":"product_brand","embeddable":true,"href":"https:\/\/filatelia.cuentista.es\/en\/wp-json\/wp\/v2\/product_brand?post=6609"},{"taxonomy":"product_cat","embeddable":true,"href":"https:\/\/filatelia.cuentista.es\/en\/wp-json\/wp\/v2\/product_cat?post=6609"},{"taxonomy":"product_tag","embeddable":true,"href":"https:\/\/filatelia.cuentista.es\/en\/wp-json\/wp\/v2\/product_tag?post=6609"}],"curies":[{"name":"wp","href":"https:\/\/api.w.org\/{rel}","templated":true}]}}