{"id":6593,"date":"2024-11-17T18:00:52","date_gmt":"2024-11-17T18:00:52","guid":{"rendered":"https:\/\/filatelia.cuentista.es\/product\/sello-argentina-1980-navidad-medalla-milagrosa-700-pesos-usado"},"modified":"2024-11-17T18:00:55","modified_gmt":"2024-11-17T18:00:55","slug":"sello-argentina-1980-navidad-medalla-milagrosa-700-pesos-usado","status":"publish","type":"product","link":"https:\/\/filatelia.cuentista.es\/en\/product\/sello-argentina-1980-navidad-medalla-milagrosa-700-pesos-usado","title":{"rendered":"Sello Argentina 1980 &#8211; Navidad &#8211; Medalla Milagrosa &#8211; 700 Pesos Usado"},"content":{"rendered":"<p>Christmas &#8211; 250th anniversary of Miracle of Lujan<\/p>\n<p><img class=\"size-full\"><\/p>\n<p>Pa\u00eds:<\/p>\n<p>Argentina<\/p>\n<p>Serie:<\/p>\n<p>Christmas 1980<\/p>\n<p>C\u00f3digo de cat\u00e1logo:<\/p>\n<p>Gz (Cefiloza) AR 1500A<\/p>\n<p>Variante menor de #284888<\/p>\n<p>Temas:<\/p>\n<p>Aniversarios y Jubileos | Medallas y Condecoraciones de Honor | Navidad | Religi\u00f3n<\/p>\n<p>Fecha emisi\u00f3n:<\/p>\n<p>1980-11-29<\/p>\n<p>Tama\u00f1o:<\/p>\n<p>34 x 45 mm<\/p>\n<p>Colores:<\/p>\n<p>Gris | Lila<\/p>\n<p>Impresores\/Imprentas:<\/p>\n<p>Casa de Moneda S.E., Buenos Aires<\/p>\n<p>Formato:<\/p>\n<p>Sello<\/p>\n<p>Emisi\u00f3n:<\/p>\n<p>Conmemorativo<\/p>\n<p>Perforaci\u00f3n:<\/p>\n<p>peine13\u00bd<\/p>\n<p>Impresi\u00f3n:<\/p>\n<p>Litograf\u00eda offset<\/p>\n<p>Papel:<\/p>\n<p>fluorescent Ff (strong at front, weak at back)<\/p>\n<p>Valor facial:<\/p>\n<p>700 $L &#8211; Peso Ley Argentino<\/p>\n<p>Descripci\u00f3n:<\/p>\n<p>La parte trasera es oscura bajo la l\u00e1mpara UV<\/p>\n<p><a href=\"https:\/\/colnect.com\/stamps\/stamp\/1310318\">https:\/\/colnect.com\/stamps\/stamp\/1310318<\/a><\/p>","protected":false},"excerpt":{"rendered":"<p>Christmas &#8211; 250th anniversary of Miracle of Lujan Pa\u00eds: Argentina Serie: Christmas 1980 C\u00f3digo de cat\u00e1logo: Gz (Cefiloza) AR 1500A Variante menor de #284888 Temas: Aniversarios y Jubileos | Medallas y Condecoraciones de Honor | Navidad | Religi\u00f3n Fecha emisi\u00f3n: 1980-11-29 Tama\u00f1o: 34 x 45 mm Colores: Gris | Lila Impresores\/Imprentas: Casa de Moneda S.E., &hellip;<\/p>\n<p class=\"read-more\"> <a class=\"thunk-readmore button\" href=\"https:\/\/filatelia.cuentista.es\/en\/product\/sello-argentina-1980-navidad-medalla-milagrosa-700-pesos-usado\"> <span class=\"screen-reader-text\">Sello Argentina 1980 &#8211; Navidad &#8211; Medalla Milagrosa &#8211; 700 Pesos Usado<\/span>Read More<\/a><\/p>","protected":false},"featured_media":6592,"comment_status":"open","ping_status":"closed","template":"","meta":{"_acf_changed":false},"product_brand":[],"product_cat":[1568,20],"product_tag":[1572],"class_list":{"0":"post-6593","1":"product","2":"type-product","3":"status-publish","4":"has-post-thumbnail","6":"product_cat-argentina","7":"product_cat-sellos-usados","8":"product_tag-lujan","9":"thunk-woo-product-list","10":"opn-qv-enable","11":"open-woo-hover-zoom","12":"open-single-product-tab-horizontal","13":"open-shadow-","14":"open-shadow-hover-","16":"first","17":"instock","18":"shipping-taxable","19":"purchasable","20":"product-type-simple"},"acf":[],"jetpack_sharing_enabled":true,"_links":{"self":[{"href":"https:\/\/filatelia.cuentista.es\/en\/wp-json\/wp\/v2\/product\/6593","targetHints":{"allow":["GET"]}}],"collection":[{"href":"https:\/\/filatelia.cuentista.es\/en\/wp-json\/wp\/v2\/product"}],"about":[{"href":"https:\/\/filatelia.cuentista.es\/en\/wp-json\/wp\/v2\/types\/product"}],"replies":[{"embeddable":true,"href":"https:\/\/filatelia.cuentista.es\/en\/wp-json\/wp\/v2\/comments?post=6593"}],"wp:featuredmedia":[{"embeddable":true,"href":"https:\/\/filatelia.cuentista.es\/en\/wp-json\/wp\/v2\/media\/6592"}],"wp:attachment":[{"href":"https:\/\/filatelia.cuentista.es\/en\/wp-json\/wp\/v2\/media?parent=6593"}],"wp:term":[{"taxonomy":"product_brand","embeddable":true,"href":"https:\/\/filatelia.cuentista.es\/en\/wp-json\/wp\/v2\/product_brand?post=6593"},{"taxonomy":"product_cat","embeddable":true,"href":"https:\/\/filatelia.cuentista.es\/en\/wp-json\/wp\/v2\/product_cat?post=6593"},{"taxonomy":"product_tag","embeddable":true,"href":"https:\/\/filatelia.cuentista.es\/en\/wp-json\/wp\/v2\/product_tag?post=6593"}],"curies":[{"name":"wp","href":"https:\/\/api.w.org\/{rel}","templated":true}]}}