{"id":6558,"date":"2024-11-14T19:23:00","date_gmt":"2024-11-14T19:23:00","guid":{"rendered":"https:\/\/filatelia.cuentista.es\/?post_type=product&#038;p=6558"},"modified":"2024-11-14T19:24:28","modified_gmt":"2024-11-14T19:24:28","slug":"lamina-litografia-del-grabado-el-profeta-de-bethel-gustav-dore-2-2","status":"publish","type":"product","link":"https:\/\/filatelia.cuentista.es\/en\/product\/lamina-litografia-del-grabado-el-profeta-de-bethel-gustav-dore-2-2","title":{"rendered":"L\u00e1mina Litograf\u00eda del Grabado La Anunciaci\u00f3n &#8211; Gustav Dore"},"content":{"rendered":"<p>Litograf\u00eda 39 x 28 con grabado de Gustav Dore<\/p>\n<p>La Anunciaci\u00f3n<\/p>\n<p>De la Biblia de Torres Amat de Gustavo Dore 1883<\/p>\n<p>Marcas de \u00d3xido<\/p>","protected":false},"excerpt":{"rendered":"<p>Litograf\u00eda 39 x 28 con grabado de Gustav Dore La Anunciaci\u00f3n De la Biblia de Torres Amat de Gustavo Dore 1883 Marcas de \u00d3xido<\/p>","protected":false},"featured_media":6560,"comment_status":"open","ping_status":"closed","template":"","meta":{"_acf_changed":false},"product_brand":[],"product_cat":[1383],"product_tag":[],"class_list":{"0":"post-6558","1":"product","2":"type-product","3":"status-publish","4":"has-post-thumbnail","6":"product_cat-laminas","7":"thunk-woo-product-list","8":"opn-qv-enable","9":"open-woo-hover-zoom","10":"open-single-product-tab-horizontal","11":"open-shadow-","12":"open-shadow-hover-","14":"first","15":"instock","16":"shipping-taxable","17":"purchasable","18":"product-type-simple"},"acf":[],"jetpack_sharing_enabled":true,"_links":{"self":[{"href":"https:\/\/filatelia.cuentista.es\/en\/wp-json\/wp\/v2\/product\/6558","targetHints":{"allow":["GET"]}}],"collection":[{"href":"https:\/\/filatelia.cuentista.es\/en\/wp-json\/wp\/v2\/product"}],"about":[{"href":"https:\/\/filatelia.cuentista.es\/en\/wp-json\/wp\/v2\/types\/product"}],"replies":[{"embeddable":true,"href":"https:\/\/filatelia.cuentista.es\/en\/wp-json\/wp\/v2\/comments?post=6558"}],"wp:featuredmedia":[{"embeddable":true,"href":"https:\/\/filatelia.cuentista.es\/en\/wp-json\/wp\/v2\/media\/6560"}],"wp:attachment":[{"href":"https:\/\/filatelia.cuentista.es\/en\/wp-json\/wp\/v2\/media?parent=6558"}],"wp:term":[{"taxonomy":"product_brand","embeddable":true,"href":"https:\/\/filatelia.cuentista.es\/en\/wp-json\/wp\/v2\/product_brand?post=6558"},{"taxonomy":"product_cat","embeddable":true,"href":"https:\/\/filatelia.cuentista.es\/en\/wp-json\/wp\/v2\/product_cat?post=6558"},{"taxonomy":"product_tag","embeddable":true,"href":"https:\/\/filatelia.cuentista.es\/en\/wp-json\/wp\/v2\/product_tag?post=6558"}],"curies":[{"name":"wp","href":"https:\/\/api.w.org\/{rel}","templated":true}]}}