{"id":6431,"date":"2024-11-10T16:34:08","date_gmt":"2024-11-10T16:34:08","guid":{"rendered":"https:\/\/filatelia.cuentista.es\/product\/sello-argentina-1980-homenaje-a-los-radioaficionados-700-usados"},"modified":"2024-11-10T16:34:12","modified_gmt":"2024-11-10T16:34:12","slug":"sello-argentina-1980-homenaje-a-los-radioaficionados-700-usados","status":"publish","type":"product","link":"https:\/\/filatelia.cuentista.es\/en\/product\/sello-argentina-1980-homenaje-a-los-radioaficionados-700-usados","title":{"rendered":"Sello Argentina 1980 &#8211; Homenaje a los Radioaficionados- $700 Usados"},"content":{"rendered":"<p>Amateur Radio<\/p>\n<p><img class=\"size-full\"><\/p>\n<p>Pa\u00eds:<\/p>\n<p>Argentina<\/p>\n<p>C\u00f3digo de cat\u00e1logo:<\/p>\n<p>Michel AR 1496<\/p>\n<p>Stamp Number AR 1287<\/p>\n<p>Yvert et Tellier AR 1233<\/p>\n<p>Stanley Gibbons AR 1691<\/p>\n<p>Gz (Cefiloza) AR 1497<\/p>\n<p>G\u00f6tig and Jalil AR 1970<\/p>\n<p>Tiene variantes menores: 1<\/p>\n<p>Temas:<\/p>\n<p>Radio<\/p>\n<p>Fecha emisi\u00f3n:<\/p>\n<p>1980-11-01<\/p>\n<p>Tama\u00f1o:<\/p>\n<p>34 x 45 mm<\/p>\n<p>Colores:<\/p>\n<p>Multicolor<\/p>\n<p>Dise\u00f1adores:<\/p>\n<p>Hector Viola<\/p>\n<p>Impresores\/Imprentas:<\/p>\n<p>Casa de Moneda S.E., Buenos Aires<\/p>\n<p>Formato:<\/p>\n<p>Sello<\/p>\n<p>Emisi\u00f3n:<\/p>\n<p>Conmemorativo<\/p>\n<p>Perforaci\u00f3n:<\/p>\n<p>peine13\u00bd<\/p>\n<p>Impresi\u00f3n:<\/p>\n<p>Litograf\u00eda offset<\/p>\n<p>Papel:<\/p>\n<p>fluorescent Ffo (strong at front, weak &amp; dark at back)<\/p>\n<p>Valor facial:<\/p>\n<p>700 $L &#8211; Peso Ley Argentino<\/p>\n<p>Tiraje:<\/p>\n<p>2.000.000<\/p>\n<p>Puntuaci\u00f3n:<\/p>\n<p>33% Precisi\u00f3n: Alta<\/p>\n<p>Descripci\u00f3n:<\/p>\n<p>La parte trasera es muy oscura bajo la l\u00e1mpara UV<\/p>\n<p><a href=\"https:\/\/colnect.com\/stamps\/stamp\/387534\">https:\/\/colnect.com\/stamps\/stamp\/387534<\/a><\/p>","protected":false},"excerpt":{"rendered":"<p>Amateur Radio Pa\u00eds: Argentina C\u00f3digo de cat\u00e1logo: Michel AR 1496 Stamp Number AR 1287 Yvert et Tellier AR 1233 Stanley Gibbons AR 1691 Gz (Cefiloza) AR 1497 G\u00f6tig and Jalil AR 1970 Tiene variantes menores: 1 Temas: Radio Fecha emisi\u00f3n: 1980-11-01 Tama\u00f1o: 34 x 45 mm Colores: Multicolor Dise\u00f1adores: Hector Viola Impresores\/Imprentas: Casa de Moneda &hellip;<\/p>\n<p class=\"read-more\"> <a class=\"thunk-readmore button\" href=\"https:\/\/filatelia.cuentista.es\/en\/product\/sello-argentina-1980-homenaje-a-los-radioaficionados-700-usados\"> <span class=\"screen-reader-text\">Sello Argentina 1980 &#8211; Homenaje a los Radioaficionados- $700 Usados<\/span>Read More<\/a><\/p>","protected":false},"featured_media":6430,"comment_status":"open","ping_status":"closed","template":"","meta":{"_acf_changed":false},"product_brand":[],"product_cat":[1568,20],"product_tag":[],"class_list":{"0":"post-6431","1":"product","2":"type-product","3":"status-publish","4":"has-post-thumbnail","6":"product_cat-argentina","7":"product_cat-sellos-usados","8":"thunk-woo-product-list","9":"opn-qv-enable","10":"open-woo-hover-zoom","11":"open-single-product-tab-horizontal","12":"open-shadow-","13":"open-shadow-hover-","15":"first","16":"instock","17":"shipping-taxable","18":"purchasable","19":"product-type-simple"},"acf":[],"jetpack_sharing_enabled":true,"_links":{"self":[{"href":"https:\/\/filatelia.cuentista.es\/en\/wp-json\/wp\/v2\/product\/6431","targetHints":{"allow":["GET"]}}],"collection":[{"href":"https:\/\/filatelia.cuentista.es\/en\/wp-json\/wp\/v2\/product"}],"about":[{"href":"https:\/\/filatelia.cuentista.es\/en\/wp-json\/wp\/v2\/types\/product"}],"replies":[{"embeddable":true,"href":"https:\/\/filatelia.cuentista.es\/en\/wp-json\/wp\/v2\/comments?post=6431"}],"wp:featuredmedia":[{"embeddable":true,"href":"https:\/\/filatelia.cuentista.es\/en\/wp-json\/wp\/v2\/media\/6430"}],"wp:attachment":[{"href":"https:\/\/filatelia.cuentista.es\/en\/wp-json\/wp\/v2\/media?parent=6431"}],"wp:term":[{"taxonomy":"product_brand","embeddable":true,"href":"https:\/\/filatelia.cuentista.es\/en\/wp-json\/wp\/v2\/product_brand?post=6431"},{"taxonomy":"product_cat","embeddable":true,"href":"https:\/\/filatelia.cuentista.es\/en\/wp-json\/wp\/v2\/product_cat?post=6431"},{"taxonomy":"product_tag","embeddable":true,"href":"https:\/\/filatelia.cuentista.es\/en\/wp-json\/wp\/v2\/product_tag?post=6431"}],"curies":[{"name":"wp","href":"https:\/\/api.w.org\/{rel}","templated":true}]}}