{"id":6429,"date":"2024-11-10T16:20:42","date_gmt":"2024-11-10T16:20:42","guid":{"rendered":"https:\/\/filatelia.cuentista.es\/product\/sello-argentina-1944-san-gabriel-3-centimos"},"modified":"2024-11-10T16:20:45","modified_gmt":"2024-11-10T16:20:45","slug":"sello-argentina-1944-san-gabriel-3-centimos","status":"publish","type":"product","link":"https:\/\/filatelia.cuentista.es\/en\/product\/sello-argentina-1944-san-gabriel-3-centimos","title":{"rendered":"Sello Argentina 1944 &#8211; San Gabriel &#8211; 3 C\u00e9ntimos"},"content":{"rendered":"<p>National Eucharistic Congress &#8211; Angel<\/p>\n<p><img class=\"size-full\"><img class=\"size-full\"><\/p>\n<p>Pa\u00eds:<\/p>\n<p>Argentina<\/p>\n<p>Serie:<\/p>\n<p>Eucharistic Congress &#8211; 1944<\/p>\n<p>C\u00f3digo de cat\u00e1logo:<\/p>\n<p>Michel AR 494<\/p>\n<p>Stamp Number AR 519<\/p>\n<p>Yvert et Tellier AR 443<\/p>\n<p>Stanley Gibbons AR 741<\/p>\n<p>Gz (Cefiloza) AR 588<\/p>\n<p>G\u00f6tig and Jalil AR 917<\/p>\n<p>Temas:<\/p>\n<p>Congresos | Religi\u00f3n | \u00c1ngeles<\/p>\n<p>Fecha emisi\u00f3n:<\/p>\n<p>1944-10-11<\/p>\n<p>Tama\u00f1o:<\/p>\n<p>24 x 30 mm<\/p>\n<p>Colores:<\/p>\n<p>Verde<\/p>\n<p>Marca de agua:<\/p>\n<p>Sol redondo RA (9,5 mm) de lado a izquierda\/derecha. Letras RA unidas<\/p>\n<p>Formato:<\/p>\n<p>Sello<\/p>\n<p>Emisi\u00f3n:<\/p>\n<p>Conmemorativo<\/p>\n<p>Perforaci\u00f3n:<\/p>\n<p>13\u00bc x 13<\/p>\n<p>Impresi\u00f3n:<\/p>\n<p>Litograf\u00eda offset<\/p>\n<p>Papel:<\/p>\n<p>English, horizontally &amp; vertically laid (\u00abtela\u00bb)<\/p>\n<p>Valor facial:<\/p>\n<p>3 \u00a2 &#8211; Centavo Argentino<\/p>\n<p>Tiraje:<\/p>\n<p>10.000.000<\/p>\n<p><a href=\"https:\/\/colnect.com\/stamps\/stamp\/397826\">https:\/\/colnect.com\/stamps\/stamp\/397826<\/a><\/p>","protected":false},"excerpt":{"rendered":"<p>National Eucharistic Congress &#8211; Angel Pa\u00eds: Argentina Serie: Eucharistic Congress &#8211; 1944 C\u00f3digo de cat\u00e1logo: Michel AR 494 Stamp Number AR 519 Yvert et Tellier AR 443 Stanley Gibbons AR 741 Gz (Cefiloza) AR 588 G\u00f6tig and Jalil AR 917 Temas: Congresos | Religi\u00f3n | \u00c1ngeles Fecha emisi\u00f3n: 1944-10-11 Tama\u00f1o: 24 x 30 mm Colores: &hellip;<\/p>\n<p class=\"read-more\"> <a class=\"thunk-readmore button\" href=\"https:\/\/filatelia.cuentista.es\/en\/product\/sello-argentina-1944-san-gabriel-3-centimos\"> <span class=\"screen-reader-text\">Sello Argentina 1944 &#8211; San Gabriel &#8211; 3 C\u00e9ntimos<\/span>Read More<\/a><\/p>","protected":false},"featured_media":6428,"comment_status":"open","ping_status":"closed","template":"","meta":{"_acf_changed":false},"product_brand":[],"product_cat":[1568,20],"product_tag":[],"class_list":{"0":"post-6429","1":"product","2":"type-product","3":"status-publish","4":"has-post-thumbnail","6":"product_cat-argentina","7":"product_cat-sellos-usados","8":"thunk-woo-product-list","9":"opn-qv-enable","10":"open-woo-hover-zoom","11":"open-single-product-tab-horizontal","12":"open-shadow-","13":"open-shadow-hover-","15":"first","16":"instock","17":"shipping-taxable","18":"purchasable","19":"product-type-simple"},"acf":[],"jetpack_sharing_enabled":true,"_links":{"self":[{"href":"https:\/\/filatelia.cuentista.es\/en\/wp-json\/wp\/v2\/product\/6429","targetHints":{"allow":["GET"]}}],"collection":[{"href":"https:\/\/filatelia.cuentista.es\/en\/wp-json\/wp\/v2\/product"}],"about":[{"href":"https:\/\/filatelia.cuentista.es\/en\/wp-json\/wp\/v2\/types\/product"}],"replies":[{"embeddable":true,"href":"https:\/\/filatelia.cuentista.es\/en\/wp-json\/wp\/v2\/comments?post=6429"}],"wp:featuredmedia":[{"embeddable":true,"href":"https:\/\/filatelia.cuentista.es\/en\/wp-json\/wp\/v2\/media\/6428"}],"wp:attachment":[{"href":"https:\/\/filatelia.cuentista.es\/en\/wp-json\/wp\/v2\/media?parent=6429"}],"wp:term":[{"taxonomy":"product_brand","embeddable":true,"href":"https:\/\/filatelia.cuentista.es\/en\/wp-json\/wp\/v2\/product_brand?post=6429"},{"taxonomy":"product_cat","embeddable":true,"href":"https:\/\/filatelia.cuentista.es\/en\/wp-json\/wp\/v2\/product_cat?post=6429"},{"taxonomy":"product_tag","embeddable":true,"href":"https:\/\/filatelia.cuentista.es\/en\/wp-json\/wp\/v2\/product_tag?post=6429"}],"curies":[{"name":"wp","href":"https:\/\/api.w.org\/{rel}","templated":true}]}}