{"id":6425,"date":"2024-11-10T16:09:52","date_gmt":"2024-11-10T16:09:52","guid":{"rendered":"https:\/\/filatelia.cuentista.es\/product\/sello-argentina-1998-fauna-tero-325-pesos-usado"},"modified":"2024-11-10T16:09:55","modified_gmt":"2024-11-10T16:09:55","slug":"sello-argentina-1998-fauna-tero-325-pesos-usado","status":"publish","type":"product","link":"https:\/\/filatelia.cuentista.es\/en\/product\/sello-argentina-1998-fauna-tero-325-pesos-usado","title":{"rendered":"Sello Argentina 1998 &#8211; Fauna : Tero &#8211; 3,25 Pesos Usado"},"content":{"rendered":"<p>Southern Lapwing (Vanellus chilensis)<\/p>\n<p><img class=\"size-full\"><\/p>\n<p>Pa\u00eds:<\/p>\n<p>Argentina<\/p>\n<p>Serie:<\/p>\n<p>Argentine fauna<\/p>\n<p>C\u00f3digo de cat\u00e1logo:<\/p>\n<p>Michel AR 2419<\/p>\n<p>Stamp Number AR 2004A<\/p>\n<p>Yvert et Tellier AR 2037<\/p>\n<p>Stanley Gibbons AR 2432<\/p>\n<p>Gz (Cefiloza) AR 2382<\/p>\n<p>G\u00f6tig and Jalil AR 2729<\/p>\n<p>Tiene variantes menores: 2<\/p>\n<p>Temas:<\/p>\n<p>Animales (Fauna) | Aves<\/p>\n<p>Fecha emisi\u00f3n:<\/p>\n<p>1998-07-22<\/p>\n<p>Tama\u00f1o:<\/p>\n<p>30.5 x 24 mm<\/p>\n<p>Colores:<\/p>\n<p>Multicolor<\/p>\n<p>Formato:<\/p>\n<p>Sello<\/p>\n<p>Emisi\u00f3n:<\/p>\n<p>Definitivo<\/p>\n<p>Perforaci\u00f3n:<\/p>\n<p>peine13\u00bc<\/p>\n<p>Impresi\u00f3n:<\/p>\n<p>Litograf\u00eda offset<\/p>\n<p>Papel:<\/p>\n<p>partially phosphorescent at front, semi-glossy<\/p>\n<p>Valor facial:<\/p>\n<p>3,25 $ &#8211; Peso Argentino<\/p>\n<p><a href=\"https:\/\/colnect.com\/stamps\/stamp\/431457\">https:\/\/colnect.com\/stamps\/stamp\/431457<\/a><\/p>","protected":false},"excerpt":{"rendered":"<p>Southern Lapwing (Vanellus chilensis) Pa\u00eds: Argentina Serie: Argentine fauna C\u00f3digo de cat\u00e1logo: Michel AR 2419 Stamp Number AR 2004A Yvert et Tellier AR 2037 Stanley Gibbons AR 2432 Gz (Cefiloza) AR 2382 G\u00f6tig and Jalil AR 2729 Tiene variantes menores: 2 Temas: Animales (Fauna) | Aves Fecha emisi\u00f3n: 1998-07-22 Tama\u00f1o: 30.5 x 24 mm Colores: &hellip;<\/p>\n<p class=\"read-more\"> <a class=\"thunk-readmore button\" href=\"https:\/\/filatelia.cuentista.es\/en\/product\/sello-argentina-1998-fauna-tero-325-pesos-usado\"> <span class=\"screen-reader-text\">Sello Argentina 1998 &#8211; Fauna : Tero &#8211; 3,25 Pesos Usado<\/span>Read More<\/a><\/p>","protected":false},"featured_media":6424,"comment_status":"open","ping_status":"closed","template":"","meta":{"_acf_changed":false},"product_brand":[],"product_cat":[1568,20],"product_tag":[],"class_list":{"0":"post-6425","1":"product","2":"type-product","3":"status-publish","4":"has-post-thumbnail","6":"product_cat-argentina","7":"product_cat-sellos-usados","8":"thunk-woo-product-list","9":"opn-qv-enable","10":"open-woo-hover-zoom","11":"open-single-product-tab-horizontal","12":"open-shadow-","13":"open-shadow-hover-","15":"first","16":"instock","17":"sale","18":"shipping-taxable","19":"purchasable","20":"product-type-simple"},"acf":[],"jetpack_sharing_enabled":true,"_links":{"self":[{"href":"https:\/\/filatelia.cuentista.es\/en\/wp-json\/wp\/v2\/product\/6425","targetHints":{"allow":["GET"]}}],"collection":[{"href":"https:\/\/filatelia.cuentista.es\/en\/wp-json\/wp\/v2\/product"}],"about":[{"href":"https:\/\/filatelia.cuentista.es\/en\/wp-json\/wp\/v2\/types\/product"}],"replies":[{"embeddable":true,"href":"https:\/\/filatelia.cuentista.es\/en\/wp-json\/wp\/v2\/comments?post=6425"}],"wp:featuredmedia":[{"embeddable":true,"href":"https:\/\/filatelia.cuentista.es\/en\/wp-json\/wp\/v2\/media\/6424"}],"wp:attachment":[{"href":"https:\/\/filatelia.cuentista.es\/en\/wp-json\/wp\/v2\/media?parent=6425"}],"wp:term":[{"taxonomy":"product_brand","embeddable":true,"href":"https:\/\/filatelia.cuentista.es\/en\/wp-json\/wp\/v2\/product_brand?post=6425"},{"taxonomy":"product_cat","embeddable":true,"href":"https:\/\/filatelia.cuentista.es\/en\/wp-json\/wp\/v2\/product_cat?post=6425"},{"taxonomy":"product_tag","embeddable":true,"href":"https:\/\/filatelia.cuentista.es\/en\/wp-json\/wp\/v2\/product_tag?post=6425"}],"curies":[{"name":"wp","href":"https:\/\/api.w.org\/{rel}","templated":true}]}}