{"id":6413,"date":"2024-11-10T15:24:17","date_gmt":"2024-11-10T15:24:17","guid":{"rendered":"https:\/\/filatelia.cuentista.es\/product\/sello-argentina-1995-condor-75c-usado"},"modified":"2024-11-10T15:24:20","modified_gmt":"2024-11-10T15:24:20","slug":"sello-argentina-1995-condor-75c-usado","status":"publish","type":"product","link":"https:\/\/filatelia.cuentista.es\/en\/product\/sello-argentina-1995-condor-75c-usado","title":{"rendered":"Sello Argentina 1995 &#8211; C\u00f3ndor &#8211; 75c Usado"},"content":{"rendered":"<p>Andean Condor (Vultur gryphus)<\/p>\n<p><img class=\"size-full\"><img class=\"size-full\"><\/p>\n<p>Pa\u00eds:<\/p>\n<p>Argentina<\/p>\n<p>Serie:<\/p>\n<p>Argentine fauna<\/p>\n<p>C\u00f3digo de cat\u00e1logo:<\/p>\n<p>Michel AR 2248A<\/p>\n<p>Stamp Number AR 1891<\/p>\n<p>Yvert et Tellier AR 1881<\/p>\n<p>Stanley Gibbons AR 2428<\/p>\n<p>Gz (Cefiloza) AR 2221<\/p>\n<p>G\u00f6tig and Jalil AR 2725<\/p>\n<p>Variantes:<\/p>\n<p>Click para ver variantes<\/p>\n<p>Tiene variantes menores: 4<\/p>\n<p>Temas:<\/p>\n<p>Animales (Fauna) | Animales Estilizados | Aves | Aves Rapaces | Buitres<\/p>\n<p>Fecha emisi\u00f3n:<\/p>\n<p>1995-09-01<\/p>\n<p>Tama\u00f1o:<\/p>\n<p>30.5 x 24 mm<\/p>\n<p>Colores:<\/p>\n<p>Multicolor<\/p>\n<p>Formato:<\/p>\n<p>Sello<\/p>\n<p>Emisi\u00f3n:<\/p>\n<p>Definitivo<\/p>\n<p>Perforaci\u00f3n:<\/p>\n<p>peine13\u00bc<\/p>\n<p>Impresi\u00f3n:<\/p>\n<p>Litograf\u00eda offset<\/p>\n<p>Papel:<\/p>\n<p>ordinary, horizontally laid, semi glossy<\/p>\n<p>Valor facial:<\/p>\n<p>75 \u00a2 &#8211; Centavo Argentino<\/p>\n<p>Tiraje:<\/p>\n<p>5.000.000<\/p>\n<p>Puntuaci\u00f3n:<\/p>\n<p>13% Precisi\u00f3n: Muy alto<\/p>\n<p>Art\u00edculos relacionados:<\/p>\n<p>Producto Filat\u00e9lico (relacionado): Vuelta Cicclista A la Argentina (Argentina, Argentina)<\/p>\n<p>Descripci\u00f3n:<\/p>\n<p>\u00ab75c\u00bb Canto grueso<\/p>","protected":false},"excerpt":{"rendered":"<p>Andean Condor (Vultur gryphus) Pa\u00eds: Argentina Serie: Argentine fauna C\u00f3digo de cat\u00e1logo: Michel AR 2248A Stamp Number AR 1891 Yvert et Tellier AR 1881 Stanley Gibbons AR 2428 Gz (Cefiloza) AR 2221 G\u00f6tig and Jalil AR 2725 Variantes: Click para ver variantes Tiene variantes menores: 4 Temas: Animales (Fauna) | Animales Estilizados | Aves | &hellip;<\/p>\n<p class=\"read-more\"> <a class=\"thunk-readmore button\" href=\"https:\/\/filatelia.cuentista.es\/en\/product\/sello-argentina-1995-condor-75c-usado\"> <span class=\"screen-reader-text\">Sello Argentina 1995 &#8211; C\u00f3ndor &#8211; 75c Usado<\/span>Read More<\/a><\/p>","protected":false},"featured_media":6412,"comment_status":"open","ping_status":"closed","template":"","meta":{"_acf_changed":false},"product_brand":[],"product_cat":[1568,20],"product_tag":[],"class_list":{"0":"post-6413","1":"product","2":"type-product","3":"status-publish","4":"has-post-thumbnail","6":"product_cat-argentina","7":"product_cat-sellos-usados","8":"thunk-woo-product-list","9":"opn-qv-enable","10":"open-woo-hover-zoom","11":"open-single-product-tab-horizontal","12":"open-shadow-","13":"open-shadow-hover-","15":"first","16":"instock","17":"shipping-taxable","18":"purchasable","19":"product-type-simple"},"acf":[],"jetpack_sharing_enabled":true,"_links":{"self":[{"href":"https:\/\/filatelia.cuentista.es\/en\/wp-json\/wp\/v2\/product\/6413","targetHints":{"allow":["GET"]}}],"collection":[{"href":"https:\/\/filatelia.cuentista.es\/en\/wp-json\/wp\/v2\/product"}],"about":[{"href":"https:\/\/filatelia.cuentista.es\/en\/wp-json\/wp\/v2\/types\/product"}],"replies":[{"embeddable":true,"href":"https:\/\/filatelia.cuentista.es\/en\/wp-json\/wp\/v2\/comments?post=6413"}],"wp:featuredmedia":[{"embeddable":true,"href":"https:\/\/filatelia.cuentista.es\/en\/wp-json\/wp\/v2\/media\/6412"}],"wp:attachment":[{"href":"https:\/\/filatelia.cuentista.es\/en\/wp-json\/wp\/v2\/media?parent=6413"}],"wp:term":[{"taxonomy":"product_brand","embeddable":true,"href":"https:\/\/filatelia.cuentista.es\/en\/wp-json\/wp\/v2\/product_brand?post=6413"},{"taxonomy":"product_cat","embeddable":true,"href":"https:\/\/filatelia.cuentista.es\/en\/wp-json\/wp\/v2\/product_cat?post=6413"},{"taxonomy":"product_tag","embeddable":true,"href":"https:\/\/filatelia.cuentista.es\/en\/wp-json\/wp\/v2\/product_tag?post=6413"}],"curies":[{"name":"wp","href":"https:\/\/api.w.org\/{rel}","templated":true}]}}