{"id":640,"date":"2024-07-20T06:40:25","date_gmt":"2024-07-20T06:40:25","guid":{"rendered":"https:\/\/filatelia.cuentista.es\/product\/utnie-van-utrecht"},"modified":"2024-08-02T19:34:08","modified_gmt":"2024-08-02T19:34:08","slug":"utnie-van-utrecht","status":"publish","type":"product","link":"https:\/\/filatelia.cuentista.es\/en\/product\/utnie-van-utrecht","title":{"rendered":"Utnie van Utrecht &#8211; Sobre primer dia de Holanda 1979"},"content":{"rendered":"<p data-sourcepos=\"1:1-1:204\">Sobre primer dia de Holanda 1979<\/p>\n<p class=\"first-token\" data-sourcepos=\"1:1-1:204\"><strong>\u00abUnie van Utrecht\u00bb<\/strong> es una frase neerlandesa que se traduce literalmente como \u00abUni\u00f3n de Utrecht\u00bb. Este t\u00e9rmino hist\u00f3rico hace referencia a un acontecimiento crucial en la formaci\u00f3n de los Pa\u00edses Bajos.<\/p>\n<h3 class=\"\" data-sourcepos=\"3:1-3:42\">La Uni\u00f3n de Utrecht: Un hito hist\u00f3rico<\/h3>\n<p data-sourcepos=\"5:1-5:372\">La Uni\u00f3n de Utrecht fue un acuerdo firmado el 23 de enero de 1579 entre siete provincias de los Pa\u00edses Bajos que se encontraban en rebeli\u00f3n contra el dominio espa\u00f1ol de Felipe II. Este tratado estableci\u00f3 una alianza militar y pol\u00edtica entre estas provincias, sentando las bases para la creaci\u00f3n de la Rep\u00fablica de los Siete Pa\u00edses Bajos Unidos, m\u00e1s conocida como Rep\u00fablica Holandesa.<\/p>\n<p data-sourcepos=\"7:1-7:43\"><strong>\u00bfPor qu\u00e9 fue tan importante esta uni\u00f3n?<\/strong><\/p>\n<ul data-sourcepos=\"9:1-12:0\">\n<li data-sourcepos=\"9:1-9:161\"><strong>Resistencia a la dominaci\u00f3n espa\u00f1ola:<\/strong> Las provincias unidas se unieron para resistir la opresi\u00f3n espa\u00f1ola y defender sus libertades religiosas y pol\u00edticas.<\/li>\n<li data-sourcepos=\"10:1-10:182\"><strong>Nacimiento de una nueva naci\u00f3n:<\/strong> La Uni\u00f3n de Utrecht marc\u00f3 el nacimiento de una nueva naci\u00f3n, independiente y tolerante, que se convertir\u00eda en una potencia comercial y mar\u00edtima.<\/li>\n<li data-sourcepos=\"11:1-12:0\"><strong>Modelo para otras revoluciones:<\/strong> La Uni\u00f3n de Utrecht se convirti\u00f3 en un modelo inspirador para otras revoluciones y luchas por la independencia en Europa.<\/li>\n<\/ul>\n<p data-sourcepos=\"13:1-13:62\"><strong>\u00bfCu\u00e1les eran las provincias que firmaron la Uni\u00f3n de Utrecht?<\/strong><\/p>\n<ul data-sourcepos=\"15:1-22:0\">\n<li data-sourcepos=\"15:1-15:9\">Holanda<\/li>\n<li data-sourcepos=\"16:1-16:9\">Zelanda<\/li>\n<li data-sourcepos=\"17:1-17:9\">Utrecht<\/li>\n<li data-sourcepos=\"18:1-18:10\">G\u00fceldres<\/li>\n<li data-sourcepos=\"19:1-19:55\">Groningen (aunque luego fue reconquistada por Espa\u00f1a)<\/li>\n<li data-sourcepos=\"20:1-20:8\">Frisia<\/li>\n<li data-sourcepos=\"21:1-22:0\">Drente<\/li>\n<\/ul>\n<p><img loading=\"lazy\" decoding=\"async\" class=\"alignnone size-medium wp-image-680\" src=\"https:\/\/filatelia.cuentista.es\/wp-content\/uploads\/2024\/07\/A5551979.Imagen.142200-300x225.jpg\" alt=\"Unie Van Utrecht\" width=\"300\" height=\"225\" srcset=\"https:\/\/filatelia.cuentista.es\/wp-content\/uploads\/2024\/07\/A5551979.Imagen.142200-300x225.jpg 300w, https:\/\/filatelia.cuentista.es\/wp-content\/uploads\/2024\/07\/A5551979.Imagen.142200-320x240.jpg 320w, https:\/\/filatelia.cuentista.es\/wp-content\/uploads\/2024\/07\/A5551979.Imagen.142200.jpg 600w\" sizes=\"auto, (max-width: 300px) 100vw, 300px\" \/><\/p>","protected":false},"excerpt":{"rendered":"<p>Sobre primer dia de Holanda 1979<\/p>","protected":false},"featured_media":680,"comment_status":"open","ping_status":"closed","template":"","meta":{"_acf_changed":false},"product_brand":[],"product_cat":[19],"product_tag":[52,182,195,189,197,196],"class_list":{"0":"post-640","1":"product","2":"type-product","3":"status-publish","4":"has-post-thumbnail","6":"product_cat-spd-sobres-primer-dia","7":"product_tag-52","8":"product_tag-holanda","9":"product_tag-nederland","10":"product_tag-spd","11":"product_tag-union","12":"product_tag-utrecht","13":"thunk-woo-product-list","14":"opn-qv-enable","15":"open-woo-hover-zoom","16":"open-single-product-tab-horizontal","17":"open-shadow-","18":"open-shadow-hover-","20":"first","21":"instock","22":"sale","23":"shipping-taxable","24":"purchasable","25":"product-type-simple"},"acf":[],"jetpack_sharing_enabled":true,"_links":{"self":[{"href":"https:\/\/filatelia.cuentista.es\/en\/wp-json\/wp\/v2\/product\/640","targetHints":{"allow":["GET"]}}],"collection":[{"href":"https:\/\/filatelia.cuentista.es\/en\/wp-json\/wp\/v2\/product"}],"about":[{"href":"https:\/\/filatelia.cuentista.es\/en\/wp-json\/wp\/v2\/types\/product"}],"replies":[{"embeddable":true,"href":"https:\/\/filatelia.cuentista.es\/en\/wp-json\/wp\/v2\/comments?post=640"}],"wp:featuredmedia":[{"embeddable":true,"href":"https:\/\/filatelia.cuentista.es\/en\/wp-json\/wp\/v2\/media\/680"}],"wp:attachment":[{"href":"https:\/\/filatelia.cuentista.es\/en\/wp-json\/wp\/v2\/media?parent=640"}],"wp:term":[{"taxonomy":"product_brand","embeddable":true,"href":"https:\/\/filatelia.cuentista.es\/en\/wp-json\/wp\/v2\/product_brand?post=640"},{"taxonomy":"product_cat","embeddable":true,"href":"https:\/\/filatelia.cuentista.es\/en\/wp-json\/wp\/v2\/product_cat?post=640"},{"taxonomy":"product_tag","embeddable":true,"href":"https:\/\/filatelia.cuentista.es\/en\/wp-json\/wp\/v2\/product_tag?post=640"}],"curies":[{"name":"wp","href":"https:\/\/api.w.org\/{rel}","templated":true}]}}