{"id":6390,"date":"2024-11-10T14:18:23","date_gmt":"2024-11-10T14:18:23","guid":{"rendered":"https:\/\/filatelia.cuentista.es\/product\/sello-argentina-1964-islas-orcadas-georgias-y-sandwich-del-sur-2-pesos-usado"},"modified":"2024-11-10T14:18:27","modified_gmt":"2024-11-10T14:18:27","slug":"sello-argentina-1964-islas-orcadas-georgias-y-sandwich-del-sur-2-pesos-usado","status":"publish","type":"product","link":"https:\/\/filatelia.cuentista.es\/en\/product\/sello-argentina-1964-islas-orcadas-georgias-y-sandwich-del-sur-2-pesos-usado","title":{"rendered":"Sello Argentina 1964 &#8211; Islas Orcadas, Georgias y S\u00e1ndwich del sur- 2 Pesos Usado"},"content":{"rendered":"<p>South Orkney Islands<\/p>\n<p><img class=\"size-full\"><img class=\"size-full\"><\/p>\n<p>Pa\u00eds:<\/p>\n<p>Argentina<\/p>\n<p>Serie:<\/p>\n<p>Argentina in the Antarctic &#8211; 1964<\/p>\n<p>C\u00f3digo de cat\u00e1logo:<\/p>\n<p>Michel AR 834<\/p>\n<p>Stamp Number AR 757<\/p>\n<p>Yvert et Tellier AR 682<\/p>\n<p>Stanley Gibbons AR 1105<\/p>\n<p>Gz (Cefiloza) AR 866<\/p>\n<p>G\u00f6tig and Jalil AR 1272<\/p>\n<p>Tiene variantes menores: 3<\/p>\n<p>Temas:<\/p>\n<p>Aniversarios y Jubileos | Islas | Mapas<\/p>\n<p>Fecha emisi\u00f3n:<\/p>\n<p>1964-02-22<\/p>\n<p>Tama\u00f1o:<\/p>\n<p>37 x 27 mm<\/p>\n<p>Colores:<\/p>\n<p>Multicolor<\/p>\n<p>Marca de agua:<\/p>\n<p>Sol redondo RA (9&#215;8,5 mm) normal\/invertido<\/p>\n<p>Impresores\/Imprentas:<\/p>\n<p>Casa de Moneda S.E., Buenos Aires<\/p>\n<p>Formato:<\/p>\n<p>Sello<\/p>\n<p>Emisi\u00f3n:<\/p>\n<p>Conmemorativo<\/p>\n<p>Perforaci\u00f3n:<\/p>\n<p>peine13\u00bd<\/p>\n<p>Impresi\u00f3n:<\/p>\n<p>Litograf\u00eda offset<\/p>\n<p>Papel:<\/p>\n<p>National, vertically grained<\/p>\n<p>Valor facial:<\/p>\n<p>2 m$n &#8211; Peso Moneda Nacional Argentino<\/p>\n<p>Tiraje:<\/p>\n<p>2.000.000<\/p>\n<p><a href=\"https:\/\/colnect.com\/stamps\/stamp\/658616\">https:\/\/colnect.com\/stamps\/stamp\/658616<\/a><\/p>","protected":false},"excerpt":{"rendered":"<p>South Orkney Islands Pa\u00eds: Argentina Serie: Argentina in the Antarctic &#8211; 1964 C\u00f3digo de cat\u00e1logo: Michel AR 834 Stamp Number AR 757 Yvert et Tellier AR 682 Stanley Gibbons AR 1105 Gz (Cefiloza) AR 866 G\u00f6tig and Jalil AR 1272 Tiene variantes menores: 3 Temas: Aniversarios y Jubileos | Islas | Mapas Fecha emisi\u00f3n: 1964-02-22 &hellip;<\/p>\n<p class=\"read-more\"> <a class=\"thunk-readmore button\" href=\"https:\/\/filatelia.cuentista.es\/en\/product\/sello-argentina-1964-islas-orcadas-georgias-y-sandwich-del-sur-2-pesos-usado\"> <span class=\"screen-reader-text\">Sello Argentina 1964 &#8211; Islas Orcadas, Georgias y S\u00e1ndwich del sur- 2 Pesos Usado<\/span>Read More<\/a><\/p>","protected":false},"featured_media":6389,"comment_status":"open","ping_status":"closed","template":"","meta":{"_acf_changed":false},"product_brand":[],"product_cat":[1568,20],"product_tag":[],"class_list":{"0":"post-6390","1":"product","2":"type-product","3":"status-publish","4":"has-post-thumbnail","6":"product_cat-argentina","7":"product_cat-sellos-usados","8":"thunk-woo-product-list","9":"opn-qv-enable","10":"open-woo-hover-zoom","11":"open-single-product-tab-horizontal","12":"open-shadow-","13":"open-shadow-hover-","15":"first","16":"instock","17":"shipping-taxable","18":"purchasable","19":"product-type-simple"},"acf":[],"jetpack_sharing_enabled":true,"_links":{"self":[{"href":"https:\/\/filatelia.cuentista.es\/en\/wp-json\/wp\/v2\/product\/6390","targetHints":{"allow":["GET"]}}],"collection":[{"href":"https:\/\/filatelia.cuentista.es\/en\/wp-json\/wp\/v2\/product"}],"about":[{"href":"https:\/\/filatelia.cuentista.es\/en\/wp-json\/wp\/v2\/types\/product"}],"replies":[{"embeddable":true,"href":"https:\/\/filatelia.cuentista.es\/en\/wp-json\/wp\/v2\/comments?post=6390"}],"wp:featuredmedia":[{"embeddable":true,"href":"https:\/\/filatelia.cuentista.es\/en\/wp-json\/wp\/v2\/media\/6389"}],"wp:attachment":[{"href":"https:\/\/filatelia.cuentista.es\/en\/wp-json\/wp\/v2\/media?parent=6390"}],"wp:term":[{"taxonomy":"product_brand","embeddable":true,"href":"https:\/\/filatelia.cuentista.es\/en\/wp-json\/wp\/v2\/product_brand?post=6390"},{"taxonomy":"product_cat","embeddable":true,"href":"https:\/\/filatelia.cuentista.es\/en\/wp-json\/wp\/v2\/product_cat?post=6390"},{"taxonomy":"product_tag","embeddable":true,"href":"https:\/\/filatelia.cuentista.es\/en\/wp-json\/wp\/v2\/product_tag?post=6390"}],"curies":[{"name":"wp","href":"https:\/\/api.w.org\/{rel}","templated":true}]}}