{"id":639,"date":"2024-07-20T06:40:25","date_gmt":"2024-07-20T06:40:25","guid":{"rendered":"https:\/\/filatelia.cuentista.es\/product\/voto-frmenino-y-futbol"},"modified":"2024-07-21T17:22:24","modified_gmt":"2024-07-21T17:22:24","slug":"voto-frmenino-y-futbol","status":"publish","type":"product","link":"https:\/\/filatelia.cuentista.es\/en\/product\/voto-frmenino-y-futbol","title":{"rendered":"SPD &#8211; Holanda : Voto Femenino y Futbol"},"content":{"rendered":"<p>Sobre primer dia de Holanda, Voto Femenino y Futbol, SPD<\/p>\n<p><strong>Holanda fue pionera en Europa en otorgar el derecho al voto a las mujeres.<\/strong> A principios del siglo XX, un creciente movimiento feminista luch\u00f3 incansablemente por la igualdad de derechos, incluyendo el sufragio universal. A pesar de enfrentar oposici\u00f3n, las activistas holandesas lograron avances significativos y, finalmente, en <strong>1919<\/strong>, el Parlamento neerland\u00e9s aprob\u00f3 una ley que conced\u00eda a las mujeres el derecho a votar y a ser elegidas para cargos p\u00fablicos. Figuras como Aletta Jacobs, la primera mujer m\u00e9dica de los Pa\u00edses Bajos, desempe\u00f1aron un papel crucial en esta lucha. Sin embargo, es importante destacar que aunque la ley se aprob\u00f3 en 1919, las mujeres holandesas no pudieron ejercer su derecho al voto hasta las elecciones de 1922.<\/p>\n<p><strong>Los sobres de primer d\u00eda son objetos de colecci\u00f3n muy valorados por los filat\u00e9licos.<\/strong> Estos sobres especiales se utilizan para enviar una carta el mismo d\u00eda en que se emite un nuevo sello postal. Al ser los primeros en utilizar ese sello en particular, adquieren un valor a\u00f1adido para los coleccionistas. Los sobres de primer d\u00eda suelen incluir un matasellos con la fecha de emisi\u00f3n y el nombre de la oficina de correos donde se expidi\u00f3 el sello, lo que los convierte en piezas \u00fanicas y aut\u00e9nticas. Adem\u00e1s de su valor filat\u00e9lico, estos sobres a menudo presentan dise\u00f1os atractivos y conmemorativos, relacionados con el tema del sello emitido, lo que los convierte en peque\u00f1os tesoros para los amantes de la historia y el arte postal.<\/p>","protected":false},"excerpt":{"rendered":"<p>Voto Femenino y Futbol, sobre primer dia 1979<\/p>","protected":false},"featured_media":683,"comment_status":"open","ping_status":"closed","template":"","meta":{"_acf_changed":false},"product_brand":[],"product_cat":[19],"product_tag":[189,198],"class_list":{"0":"post-639","1":"product","2":"type-product","3":"status-publish","4":"has-post-thumbnail","6":"product_cat-spd-sobres-primer-dia","7":"product_tag-spd","8":"product_tag-voto-femenino-futbol-holanda","9":"thunk-woo-product-list","10":"opn-qv-enable","11":"open-woo-hover-zoom","12":"open-single-product-tab-horizontal","13":"open-shadow-","14":"open-shadow-hover-","16":"first","17":"instock","18":"sale","19":"shipping-taxable","20":"purchasable","21":"product-type-simple"},"acf":[],"jetpack_sharing_enabled":true,"_links":{"self":[{"href":"https:\/\/filatelia.cuentista.es\/en\/wp-json\/wp\/v2\/product\/639","targetHints":{"allow":["GET"]}}],"collection":[{"href":"https:\/\/filatelia.cuentista.es\/en\/wp-json\/wp\/v2\/product"}],"about":[{"href":"https:\/\/filatelia.cuentista.es\/en\/wp-json\/wp\/v2\/types\/product"}],"replies":[{"embeddable":true,"href":"https:\/\/filatelia.cuentista.es\/en\/wp-json\/wp\/v2\/comments?post=639"}],"wp:featuredmedia":[{"embeddable":true,"href":"https:\/\/filatelia.cuentista.es\/en\/wp-json\/wp\/v2\/media\/683"}],"wp:attachment":[{"href":"https:\/\/filatelia.cuentista.es\/en\/wp-json\/wp\/v2\/media?parent=639"}],"wp:term":[{"taxonomy":"product_brand","embeddable":true,"href":"https:\/\/filatelia.cuentista.es\/en\/wp-json\/wp\/v2\/product_brand?post=639"},{"taxonomy":"product_cat","embeddable":true,"href":"https:\/\/filatelia.cuentista.es\/en\/wp-json\/wp\/v2\/product_cat?post=639"},{"taxonomy":"product_tag","embeddable":true,"href":"https:\/\/filatelia.cuentista.es\/en\/wp-json\/wp\/v2\/product_tag?post=639"}],"curies":[{"name":"wp","href":"https:\/\/api.w.org\/{rel}","templated":true}]}}