{"id":6388,"date":"2024-11-10T14:15:32","date_gmt":"2024-11-10T14:15:32","guid":{"rendered":"https:\/\/filatelia.cuentista.es\/product\/sello-argentina-1943-casa-de-lanineependencia-de-tucuman-5c-verde-usado"},"modified":"2024-11-10T14:15:35","modified_gmt":"2024-11-10T14:15:35","slug":"sello-argentina-1943-casa-de-lanineependencia-de-tucuman-5c-verde-usado","status":"publish","type":"product","link":"https:\/\/filatelia.cuentista.es\/en\/product\/sello-argentina-1943-casa-de-lanineependencia-de-tucuman-5c-verde-usado","title":{"rendered":"Sello Argentina 1943 &#8211; Casa de lanIneependencia de Tucum\u00e1n &#8211; 5C Verde Usado"},"content":{"rendered":"<p>Restoring of Tucum\u00e1n Museum<\/p>\n<p><img class=\"size-full\"><img class=\"size-full\"><\/p>\n<p>Pa\u00eds:<\/p>\n<p>Argentina<\/p>\n<p>Serie:<\/p>\n<p>Tucuman Museum<\/p>\n<p>C\u00f3digo de cat\u00e1logo:<\/p>\n<p>Michel AR 478Y<\/p>\n<p>Stamp Number AR 513<\/p>\n<p>Gz (Cefiloza) AR 573<\/p>\n<p>G\u00f6tig and Jalil AR 902<\/p>\n<p>Variantes:<\/p>\n<p>Click para ver variantes<\/p>\n<p>Temas:<\/p>\n<p>Arquitectura | Edificios | Museos<\/p>\n<p>Fecha emisi\u00f3n:<\/p>\n<p>1943-09-24<\/p>\n<p>Tama\u00f1o:<\/p>\n<p>24 x 30 mm<\/p>\n<p>Colores:<\/p>\n<p>Verde<\/p>\n<p>Marca de agua:<\/p>\n<p>Sol de rayos rectos RA normal\/invertido<\/p>\n<p>Formato:<\/p>\n<p>Sello<\/p>\n<p>Emisi\u00f3n:<\/p>\n<p>Conmemorativo<\/p>\n<p>Perforaci\u00f3n:<\/p>\n<p>13\u00bc x 13<\/p>\n<p>Impresi\u00f3n:<\/p>\n<p>Litograf\u00eda offset<\/p>\n<p>Papel:<\/p>\n<p>Italian, vertically grained<\/p>\n<p>Valor facial:<\/p>\n<p>5 \u00a2 &#8211; Centavo Argentino<\/p>\n<p><a href=\"https:\/\/colnect.com\/stamps\/stamp\/516779\">https:\/\/colnect.com\/stamps\/stamp\/516779<\/a><\/p>","protected":false},"excerpt":{"rendered":"<p>Restoring of Tucum\u00e1n Museum Pa\u00eds: Argentina Serie: Tucuman Museum C\u00f3digo de cat\u00e1logo: Michel AR 478Y Stamp Number AR 513 Gz (Cefiloza) AR 573 G\u00f6tig and Jalil AR 902 Variantes: Click para ver variantes Temas: Arquitectura | Edificios | Museos Fecha emisi\u00f3n: 1943-09-24 Tama\u00f1o: 24 x 30 mm Colores: Verde Marca de agua: Sol de rayos &hellip;<\/p>\n<p class=\"read-more\"> <a class=\"thunk-readmore button\" href=\"https:\/\/filatelia.cuentista.es\/en\/product\/sello-argentina-1943-casa-de-lanineependencia-de-tucuman-5c-verde-usado\"> <span class=\"screen-reader-text\">Sello Argentina 1943 &#8211; Casa de lanIneependencia de Tucum\u00e1n &#8211; 5C Verde Usado<\/span>Read More<\/a><\/p>","protected":false},"featured_media":6387,"comment_status":"open","ping_status":"closed","template":"","meta":{"_acf_changed":false},"product_brand":[],"product_cat":[1568,20],"product_tag":[],"class_list":{"0":"post-6388","1":"product","2":"type-product","3":"status-publish","4":"has-post-thumbnail","6":"product_cat-argentina","7":"product_cat-sellos-usados","8":"thunk-woo-product-list","9":"opn-qv-enable","10":"open-woo-hover-zoom","11":"open-single-product-tab-horizontal","12":"open-shadow-","13":"open-shadow-hover-","15":"first","16":"instock","17":"shipping-taxable","18":"purchasable","19":"product-type-simple"},"acf":[],"jetpack_sharing_enabled":true,"_links":{"self":[{"href":"https:\/\/filatelia.cuentista.es\/en\/wp-json\/wp\/v2\/product\/6388","targetHints":{"allow":["GET"]}}],"collection":[{"href":"https:\/\/filatelia.cuentista.es\/en\/wp-json\/wp\/v2\/product"}],"about":[{"href":"https:\/\/filatelia.cuentista.es\/en\/wp-json\/wp\/v2\/types\/product"}],"replies":[{"embeddable":true,"href":"https:\/\/filatelia.cuentista.es\/en\/wp-json\/wp\/v2\/comments?post=6388"}],"wp:featuredmedia":[{"embeddable":true,"href":"https:\/\/filatelia.cuentista.es\/en\/wp-json\/wp\/v2\/media\/6387"}],"wp:attachment":[{"href":"https:\/\/filatelia.cuentista.es\/en\/wp-json\/wp\/v2\/media?parent=6388"}],"wp:term":[{"taxonomy":"product_brand","embeddable":true,"href":"https:\/\/filatelia.cuentista.es\/en\/wp-json\/wp\/v2\/product_brand?post=6388"},{"taxonomy":"product_cat","embeddable":true,"href":"https:\/\/filatelia.cuentista.es\/en\/wp-json\/wp\/v2\/product_cat?post=6388"},{"taxonomy":"product_tag","embeddable":true,"href":"https:\/\/filatelia.cuentista.es\/en\/wp-json\/wp\/v2\/product_tag?post=6388"}],"curies":[{"name":"wp","href":"https:\/\/api.w.org\/{rel}","templated":true}]}}