{"id":6384,"date":"2024-11-10T14:08:24","date_gmt":"2024-11-10T14:08:24","guid":{"rendered":"https:\/\/filatelia.cuentista.es\/product\/sello-argentina-2002-50-anos-de-faef-75c-usado"},"modified":"2024-11-10T14:08:27","modified_gmt":"2024-11-10T14:08:27","slug":"sello-argentina-2002-50-anos-de-faef-75c-usado","status":"publish","type":"product","link":"https:\/\/filatelia.cuentista.es\/en\/product\/sello-argentina-2002-50-anos-de-faef-75c-usado","title":{"rendered":"Sello Argentina 2002 &#8211; 50 A\u00f1os de FAEF &#8211; 75c Usado"},"content":{"rendered":"<p>Head of Ceres<\/p>\n<p><img class=\"size-full\"><\/p>\n<p>Pa\u00eds:<\/p>\n<p>Argentina<\/p>\n<p>Serie:<\/p>\n<p>50th Anniv. Argentine Federation of Philatelic Entities<\/p>\n<p>C\u00f3digo de cat\u00e1logo:<\/p>\n<p>Michel AR 2785<\/p>\n<p>Stamp Number AR 2209<\/p>\n<p>Yvert et Tellier AR 2351<\/p>\n<p>Stanley Gibbons AR 2942<\/p>\n<p>Gz (Cefiloza) AR 2723<\/p>\n<p>G\u00f6tig and Jalil AR 3256<\/p>\n<p>WADP Numbering System &#8211; WNSAR064.02<\/p>\n<p>Temas:<\/p>\n<p>Asociaciones Filat\u00e9licas | Coleccionistas de Sellos | Filatelia<\/p>\n<p>Fecha emisi\u00f3n:<\/p>\n<p>2002-11-02<\/p>\n<p>Tama\u00f1o:<\/p>\n<p>44 x 34 mm<\/p>\n<p>Colores:<\/p>\n<p>Multicolor<\/p>\n<p>Formato:<\/p>\n<p>Sello<\/p>\n<p>Emisi\u00f3n:<\/p>\n<p>Conmemorativo<\/p>\n<p>Perforaci\u00f3n:<\/p>\n<p>peine13\u00be<\/p>\n<p>Impresi\u00f3n:<\/p>\n<p>Litograf\u00eda offset<\/p>\n<p>Valor facial:<\/p>\n<p>75 \u00a2 &#8211; Centavo Argentino<\/p>\n<p><a href=\"https:\/\/colnect.com\/stamps\/stamp\/312768\">https:\/\/colnect.com\/stamps\/stamp\/312768<\/a><\/p>","protected":false},"excerpt":{"rendered":"<p>Head of Ceres Pa\u00eds: Argentina Serie: 50th Anniv. Argentine Federation of Philatelic Entities C\u00f3digo de cat\u00e1logo: Michel AR 2785 Stamp Number AR 2209 Yvert et Tellier AR 2351 Stanley Gibbons AR 2942 Gz (Cefiloza) AR 2723 G\u00f6tig and Jalil AR 3256 WADP Numbering System &#8211; WNSAR064.02 Temas: Asociaciones Filat\u00e9licas | Coleccionistas de Sellos | Filatelia &hellip;<\/p>\n<p class=\"read-more\"> <a class=\"thunk-readmore button\" href=\"https:\/\/filatelia.cuentista.es\/en\/product\/sello-argentina-2002-50-anos-de-faef-75c-usado\"> <span class=\"screen-reader-text\">Sello Argentina 2002 &#8211; 50 A\u00f1os de FAEF &#8211; 75c Usado<\/span>Read More<\/a><\/p>","protected":false},"featured_media":6383,"comment_status":"open","ping_status":"closed","template":"","meta":{"_acf_changed":false},"product_brand":[],"product_cat":[1568,20],"product_tag":[],"class_list":{"0":"post-6384","1":"product","2":"type-product","3":"status-publish","4":"has-post-thumbnail","6":"product_cat-argentina","7":"product_cat-sellos-usados","8":"thunk-woo-product-list","9":"opn-qv-enable","10":"open-woo-hover-zoom","11":"open-single-product-tab-horizontal","12":"open-shadow-","13":"open-shadow-hover-","15":"first","16":"instock","17":"shipping-taxable","18":"purchasable","19":"product-type-simple"},"acf":[],"jetpack_sharing_enabled":true,"_links":{"self":[{"href":"https:\/\/filatelia.cuentista.es\/en\/wp-json\/wp\/v2\/product\/6384","targetHints":{"allow":["GET"]}}],"collection":[{"href":"https:\/\/filatelia.cuentista.es\/en\/wp-json\/wp\/v2\/product"}],"about":[{"href":"https:\/\/filatelia.cuentista.es\/en\/wp-json\/wp\/v2\/types\/product"}],"replies":[{"embeddable":true,"href":"https:\/\/filatelia.cuentista.es\/en\/wp-json\/wp\/v2\/comments?post=6384"}],"wp:featuredmedia":[{"embeddable":true,"href":"https:\/\/filatelia.cuentista.es\/en\/wp-json\/wp\/v2\/media\/6383"}],"wp:attachment":[{"href":"https:\/\/filatelia.cuentista.es\/en\/wp-json\/wp\/v2\/media?parent=6384"}],"wp:term":[{"taxonomy":"product_brand","embeddable":true,"href":"https:\/\/filatelia.cuentista.es\/en\/wp-json\/wp\/v2\/product_brand?post=6384"},{"taxonomy":"product_cat","embeddable":true,"href":"https:\/\/filatelia.cuentista.es\/en\/wp-json\/wp\/v2\/product_cat?post=6384"},{"taxonomy":"product_tag","embeddable":true,"href":"https:\/\/filatelia.cuentista.es\/en\/wp-json\/wp\/v2\/product_tag?post=6384"}],"curies":[{"name":"wp","href":"https:\/\/api.w.org\/{rel}","templated":true}]}}