{"id":6380,"date":"2024-11-10T13:44:03","date_gmt":"2024-11-10T13:44:03","guid":{"rendered":"https:\/\/filatelia.cuentista.es\/product\/sello-argentina-1946-5c-lila-usado"},"modified":"2024-11-10T13:44:34","modified_gmt":"2024-11-10T13:44:34","slug":"sello-argentina-1946-5c-lila-usado","status":"publish","type":"product","link":"https:\/\/filatelia.cuentista.es\/en\/product\/sello-argentina-1946-5c-lila-usado","title":{"rendered":"Sello Argentina 1946 &#8211; Aniversario de la Revoluci\u00f3n &#8211; 5c Lila Usado"},"content":{"rendered":"<p>1st anniversary of Revolution of October 17th, 1945<\/p>\n<p><img class=\"size-full\"><img class=\"size-full\"><\/p>\n<p>Pa\u00eds:<\/p>\n<p>Argentina<\/p>\n<p>Serie:<\/p>\n<p>Revolution of October 17th, 1945<\/p>\n<p>C\u00f3digo de cat\u00e1logo:<\/p>\n<p>Gz (Cefiloza) AR 627A<\/p>\n<p>Variante menor de #212293<\/p>\n<p>Temas:<\/p>\n<p>Personas<\/p>\n<p>Fecha emisi\u00f3n:<\/p>\n<p>1946-10-17<\/p>\n<p>Tama\u00f1o:<\/p>\n<p>37.5 x 26 mm<\/p>\n<p>Colores:<\/p>\n<p>Violeta<\/p>\n<p>Marca de agua:<\/p>\n<p>Sin Marca de agua<\/p>\n<p>Formato:<\/p>\n<p>Sello<\/p>\n<p>Emisi\u00f3n:<\/p>\n<p>Conmemorativo<\/p>\n<p>Perforaci\u00f3n:<\/p>\n<p>13\u00bc x 13<\/p>\n<p>Impresi\u00f3n:<\/p>\n<p>Litograf\u00eda offset<\/p>\n<p>Papel:<\/p>\n<p>National, horizontally grained<\/p>\n<p>Valor facial:<\/p>\n<p>5 \u00a2 &#8211; Centavo Argentino<\/p>\n<p><a href=\"https:\/\/colnect.com\/stamps\/stamp\/627318\">https:\/\/colnect.com\/stamps\/stamp\/627318<\/a><\/p>","protected":false},"excerpt":{"rendered":"<p>1st anniversary of Revolution of October 17th, 1945 Pa\u00eds: Argentina Serie: Revolution of October 17th, 1945 C\u00f3digo de cat\u00e1logo: Gz (Cefiloza) AR 627A Variante menor de #212293 Temas: Personas Fecha emisi\u00f3n: 1946-10-17 Tama\u00f1o: 37.5 x 26 mm Colores: Violeta Marca de agua: Sin Marca de agua Formato: Sello Emisi\u00f3n: Conmemorativo Perforaci\u00f3n: 13\u00bc x 13 Impresi\u00f3n: &hellip;<\/p>\n<p class=\"read-more\"> <a class=\"thunk-readmore button\" href=\"https:\/\/filatelia.cuentista.es\/en\/product\/sello-argentina-1946-5c-lila-usado\"> <span class=\"screen-reader-text\">Sello Argentina 1946 &#8211; Aniversario de la Revoluci\u00f3n &#8211; 5c Lila Usado<\/span>Read More<\/a><\/p>","protected":false},"featured_media":6379,"comment_status":"open","ping_status":"closed","template":"","meta":{"_acf_changed":false},"product_brand":[],"product_cat":[1568,20],"product_tag":[],"class_list":{"0":"post-6380","1":"product","2":"type-product","3":"status-publish","4":"has-post-thumbnail","6":"product_cat-argentina","7":"product_cat-sellos-usados","8":"thunk-woo-product-list","9":"opn-qv-enable","10":"open-woo-hover-zoom","11":"open-single-product-tab-horizontal","12":"open-shadow-","13":"open-shadow-hover-","15":"first","16":"instock","17":"shipping-taxable","18":"purchasable","19":"product-type-simple"},"acf":[],"jetpack_sharing_enabled":true,"_links":{"self":[{"href":"https:\/\/filatelia.cuentista.es\/en\/wp-json\/wp\/v2\/product\/6380","targetHints":{"allow":["GET"]}}],"collection":[{"href":"https:\/\/filatelia.cuentista.es\/en\/wp-json\/wp\/v2\/product"}],"about":[{"href":"https:\/\/filatelia.cuentista.es\/en\/wp-json\/wp\/v2\/types\/product"}],"replies":[{"embeddable":true,"href":"https:\/\/filatelia.cuentista.es\/en\/wp-json\/wp\/v2\/comments?post=6380"}],"wp:featuredmedia":[{"embeddable":true,"href":"https:\/\/filatelia.cuentista.es\/en\/wp-json\/wp\/v2\/media\/6379"}],"wp:attachment":[{"href":"https:\/\/filatelia.cuentista.es\/en\/wp-json\/wp\/v2\/media?parent=6380"}],"wp:term":[{"taxonomy":"product_brand","embeddable":true,"href":"https:\/\/filatelia.cuentista.es\/en\/wp-json\/wp\/v2\/product_brand?post=6380"},{"taxonomy":"product_cat","embeddable":true,"href":"https:\/\/filatelia.cuentista.es\/en\/wp-json\/wp\/v2\/product_cat?post=6380"},{"taxonomy":"product_tag","embeddable":true,"href":"https:\/\/filatelia.cuentista.es\/en\/wp-json\/wp\/v2\/product_tag?post=6380"}],"curies":[{"name":"wp","href":"https:\/\/api.w.org\/{rel}","templated":true}]}}