{"id":6378,"date":"2024-11-10T13:40:28","date_gmt":"2024-11-10T13:40:28","guid":{"rendered":"https:\/\/filatelia.cuentista.es\/product\/sello-argentina-1910-centenario-de-la-republica-2-centavos-marron-usado"},"modified":"2024-11-10T13:40:31","modified_gmt":"2024-11-10T13:40:31","slug":"sello-argentina-1910-centenario-de-la-republica-2-centavos-marron-usado","status":"publish","type":"product","link":"https:\/\/filatelia.cuentista.es\/en\/product\/sello-argentina-1910-centenario-de-la-republica-2-centavos-marron-usado","title":{"rendered":"Sello Argentina 1910 &#8211; Centenario de la Rep\u00fablica- 2 Centavos Marr\u00f3n Usado"},"content":{"rendered":"<p>Meeting in the House of Rodriguez Pe\u00f1a<\/p>\n<p><img class=\"size-full\"><img class=\"size-full\"><\/p>\n<p>Pa\u00eds:<\/p>\n<p>Argentina<\/p>\n<p>Serie:<\/p>\n<p>Centenary of the Republic<\/p>\n<p>C\u00f3digo de cat\u00e1logo:<\/p>\n<p>Michel AR 139<\/p>\n<p>Stamp Number AR 162<\/p>\n<p>Yvert et Tellier AR 150<\/p>\n<p>Stanley Gibbons AR 368<\/p>\n<p>Gz (Cefiloza) AR 190<\/p>\n<p>G\u00f6tig and Jalil AR 302<\/p>\n<p>Temas:<\/p>\n<p>Aniversarios y Jubileos | Pinturas | Revoluciones<\/p>\n<p>Fecha emisi\u00f3n:<\/p>\n<p>1910-05-12<\/p>\n<p>Tama\u00f1o:<\/p>\n<p>35 x 24 mm<\/p>\n<p>Colores:<\/p>\n<p>Oliva<\/p>\n<p>Marca de agua:<\/p>\n<p>Sol de rayos rectos, normal\/invertido<\/p>\n<p>Impresores\/Imprentas:<\/p>\n<p>Compa\u00f1\u00eda Sudamericana de Billetes de Banco, Buenos Aires<\/p>\n<p>Formato:<\/p>\n<p>Sello<\/p>\n<p>Emisi\u00f3n:<\/p>\n<p>Conmemorativo<\/p>\n<p>Perforaci\u00f3n:<\/p>\n<p>11\u00bd<\/p>\n<p>Impresi\u00f3n:<\/p>\n<p>Rebaje<\/p>\n<p>Valor facial:<\/p>\n<p>2 \u00a2 &#8211; Centavo Argentino<\/p>\n<p>Tiraje:<\/p>\n<p>30.350.000<\/p>\n<p><a href=\"https:\/\/colnect.com\/stamps\/stamp\/479357\">https:\/\/colnect.com\/stamps\/stamp\/479357<\/a><\/p>","protected":false},"excerpt":{"rendered":"<p>Meeting in the House of Rodriguez Pe\u00f1a Pa\u00eds: Argentina Serie: Centenary of the Republic C\u00f3digo de cat\u00e1logo: Michel AR 139 Stamp Number AR 162 Yvert et Tellier AR 150 Stanley Gibbons AR 368 Gz (Cefiloza) AR 190 G\u00f6tig and Jalil AR 302 Temas: Aniversarios y Jubileos | Pinturas | Revoluciones Fecha emisi\u00f3n: 1910-05-12 Tama\u00f1o: 35 &hellip;<\/p>\n<p class=\"read-more\"> <a class=\"thunk-readmore button\" href=\"https:\/\/filatelia.cuentista.es\/en\/product\/sello-argentina-1910-centenario-de-la-republica-2-centavos-marron-usado\"> <span class=\"screen-reader-text\">Sello Argentina 1910 &#8211; Centenario de la Rep\u00fablica- 2 Centavos Marr\u00f3n Usado<\/span>Read More<\/a><\/p>","protected":false},"featured_media":6377,"comment_status":"open","ping_status":"closed","template":"","meta":{"_acf_changed":false},"product_brand":[],"product_cat":[1568,20],"product_tag":[],"class_list":{"0":"post-6378","1":"product","2":"type-product","3":"status-publish","4":"has-post-thumbnail","6":"product_cat-argentina","7":"product_cat-sellos-usados","8":"thunk-woo-product-list","9":"opn-qv-enable","10":"open-woo-hover-zoom","11":"open-single-product-tab-horizontal","12":"open-shadow-","13":"open-shadow-hover-","15":"first","16":"instock","17":"shipping-taxable","18":"purchasable","19":"product-type-simple"},"acf":[],"jetpack_sharing_enabled":true,"_links":{"self":[{"href":"https:\/\/filatelia.cuentista.es\/en\/wp-json\/wp\/v2\/product\/6378","targetHints":{"allow":["GET"]}}],"collection":[{"href":"https:\/\/filatelia.cuentista.es\/en\/wp-json\/wp\/v2\/product"}],"about":[{"href":"https:\/\/filatelia.cuentista.es\/en\/wp-json\/wp\/v2\/types\/product"}],"replies":[{"embeddable":true,"href":"https:\/\/filatelia.cuentista.es\/en\/wp-json\/wp\/v2\/comments?post=6378"}],"wp:featuredmedia":[{"embeddable":true,"href":"https:\/\/filatelia.cuentista.es\/en\/wp-json\/wp\/v2\/media\/6377"}],"wp:attachment":[{"href":"https:\/\/filatelia.cuentista.es\/en\/wp-json\/wp\/v2\/media?parent=6378"}],"wp:term":[{"taxonomy":"product_brand","embeddable":true,"href":"https:\/\/filatelia.cuentista.es\/en\/wp-json\/wp\/v2\/product_brand?post=6378"},{"taxonomy":"product_cat","embeddable":true,"href":"https:\/\/filatelia.cuentista.es\/en\/wp-json\/wp\/v2\/product_cat?post=6378"},{"taxonomy":"product_tag","embeddable":true,"href":"https:\/\/filatelia.cuentista.es\/en\/wp-json\/wp\/v2\/product_tag?post=6378"}],"curies":[{"name":"wp","href":"https:\/\/api.w.org\/{rel}","templated":true}]}}