{"id":6376,"date":"2024-11-10T13:35:32","date_gmt":"2024-11-10T13:35:32","guid":{"rendered":"https:\/\/filatelia.cuentista.es\/product\/sello-argentina-1985-santa-rosade-lima-050-australes-nuevo"},"modified":"2024-11-10T13:35:35","modified_gmt":"2024-11-10T13:35:35","slug":"sello-argentina-1985-santa-rosade-lima-050-australes-nuevo","status":"publish","type":"product","link":"https:\/\/filatelia.cuentista.es\/en\/product\/sello-argentina-1985-santa-rosade-lima-050-australes-nuevo","title":{"rendered":"Sello Argentina 1985 &#8211; Santa Rosa\nDe Lima &#8211; 0,50 Australes Nuevo"},"content":{"rendered":"<p>4th Birth Centenary of Santa Rosa de Lima (1586-1617)<\/p>\n<p><img class=\"size-full\"><\/p>\n<p>Pa\u00eds:<\/p>\n<p>Argentina<\/p>\n<p>C\u00f3digo de cat\u00e1logo:<\/p>\n<p>Michel AR 1846<\/p>\n<p>Stamp Number AR 1576<\/p>\n<p>Yvert et Tellier AR 1554<\/p>\n<p>Stanley Gibbons AR 2027<\/p>\n<p>Gz (Cefiloza) AR 1838<\/p>\n<p>G\u00f6tig and Jalil AR 2321<\/p>\n<p>Temas:<\/p>\n<p>Aniversarios y Jubileos | Personajes Famosos | Religi\u00f3n | Santos<\/p>\n<p>Fecha emisi\u00f3n:<\/p>\n<p>1986-12-13<\/p>\n<p>Tama\u00f1o:<\/p>\n<p>34 x 45 mm<\/p>\n<p>Colores:<\/p>\n<p>Multicolor<\/p>\n<p>Formato:<\/p>\n<p>Sello<\/p>\n<p>Emisi\u00f3n:<\/p>\n<p>Conmemorativo<\/p>\n<p>Perforaci\u00f3n:<\/p>\n<p>peine13\u00bd<\/p>\n<p>Impresi\u00f3n:<\/p>\n<p>Litograf\u00eda offset<\/p>\n<p>Valor facial:<\/p>\n<p>0,50 \u20b3 &#8211; Austral Argentino<\/p>\n<p>Tiraje:<\/p>\n<p>304.000<\/p>\n<p><a href=\"https:\/\/colnect.com\/stamps\/stamp\/396825\">https:\/\/colnect.com\/stamps\/stamp\/396825<\/a><\/p>","protected":false},"excerpt":{"rendered":"<p>4th Birth Centenary of Santa Rosa de Lima (1586-1617) Pa\u00eds: Argentina C\u00f3digo de cat\u00e1logo: Michel AR 1846 Stamp Number AR 1576 Yvert et Tellier AR 1554 Stanley Gibbons AR 2027 Gz (Cefiloza) AR 1838 G\u00f6tig and Jalil AR 2321 Temas: Aniversarios y Jubileos | Personajes Famosos | Religi\u00f3n | Santos Fecha emisi\u00f3n: 1986-12-13 Tama\u00f1o: 34 &hellip;<\/p>\n<p class=\"read-more\"> <a class=\"thunk-readmore button\" href=\"https:\/\/filatelia.cuentista.es\/en\/product\/sello-argentina-1985-santa-rosade-lima-050-australes-nuevo\"> <span class=\"screen-reader-text\">Sello Argentina 1985 &#8211; Santa Rosa<br \/>\nDe Lima &#8211; 0,50 Australes Nuevo<\/span>Read More<\/a><\/p>","protected":false},"featured_media":6375,"comment_status":"open","ping_status":"closed","template":"","meta":{"_acf_changed":false},"product_brand":[],"product_cat":[1568,21],"product_tag":[],"class_list":{"0":"post-6376","1":"product","2":"type-product","3":"status-publish","4":"has-post-thumbnail","6":"product_cat-argentina","7":"product_cat-sellos-nuevos","8":"thunk-woo-product-list","9":"opn-qv-enable","10":"open-woo-hover-zoom","11":"open-single-product-tab-horizontal","12":"open-shadow-","13":"open-shadow-hover-","15":"first","16":"instock","17":"shipping-taxable","18":"purchasable","19":"product-type-simple"},"acf":[],"jetpack_sharing_enabled":true,"_links":{"self":[{"href":"https:\/\/filatelia.cuentista.es\/en\/wp-json\/wp\/v2\/product\/6376","targetHints":{"allow":["GET"]}}],"collection":[{"href":"https:\/\/filatelia.cuentista.es\/en\/wp-json\/wp\/v2\/product"}],"about":[{"href":"https:\/\/filatelia.cuentista.es\/en\/wp-json\/wp\/v2\/types\/product"}],"replies":[{"embeddable":true,"href":"https:\/\/filatelia.cuentista.es\/en\/wp-json\/wp\/v2\/comments?post=6376"}],"wp:featuredmedia":[{"embeddable":true,"href":"https:\/\/filatelia.cuentista.es\/en\/wp-json\/wp\/v2\/media\/6375"}],"wp:attachment":[{"href":"https:\/\/filatelia.cuentista.es\/en\/wp-json\/wp\/v2\/media?parent=6376"}],"wp:term":[{"taxonomy":"product_brand","embeddable":true,"href":"https:\/\/filatelia.cuentista.es\/en\/wp-json\/wp\/v2\/product_brand?post=6376"},{"taxonomy":"product_cat","embeddable":true,"href":"https:\/\/filatelia.cuentista.es\/en\/wp-json\/wp\/v2\/product_cat?post=6376"},{"taxonomy":"product_tag","embeddable":true,"href":"https:\/\/filatelia.cuentista.es\/en\/wp-json\/wp\/v2\/product_tag?post=6376"}],"curies":[{"name":"wp","href":"https:\/\/api.w.org\/{rel}","templated":true}]}}