{"id":6372,"date":"2024-11-10T13:27:37","date_gmt":"2024-11-10T13:27:37","guid":{"rendered":"https:\/\/filatelia.cuentista.es\/product\/sello-argentina-1974-cuenca-del-plata-138-pesos-nuevo"},"modified":"2024-11-10T17:31:02","modified_gmt":"2024-11-10T17:31:02","slug":"sello-argentina-1974-cuenca-del-plata-138-pesos-nuevo","status":"publish","type":"product","link":"https:\/\/filatelia.cuentista.es\/en\/product\/sello-argentina-1974-cuenca-del-plata-138-pesos-nuevo","title":{"rendered":"Sello Argentina 1974 &#8211; Cuenca del Plata &#8211; 1,38 Pesos"},"content":{"rendered":"<p>Meeting of foreign ministers of the La Plata Basin<\/p>\n<p><img class=\"size-full\"><\/p>\n<p>Pa\u00eds:<\/p>\n<p>Argentina<\/p>\n<p>C\u00f3digo de cat\u00e1logo:<\/p>\n<p>Michel AR 1184<\/p>\n<p>Stamp Number AR 1022<\/p>\n<p>Yvert et Tellier AR 981<\/p>\n<p>Stanley Gibbons AR 1446<\/p>\n<p>Gz (Cefiloza) AR 1178<\/p>\n<p>G\u00f6tig and Jalil AR 1657<\/p>\n<p>Tiene variantes menores: 1<\/p>\n<p>Temas:<\/p>\n<p>Diplomacia<\/p>\n<p>Fecha emisi\u00f3n:<\/p>\n<p>1974-08-10<\/p>\n<p>Tama\u00f1o:<\/p>\n<p>34 x 45 mm<\/p>\n<p>Colores:<\/p>\n<p>Multicolor<\/p>\n<p>Formato:<\/p>\n<p>Sello<\/p>\n<p>Emisi\u00f3n:<\/p>\n<p>Conmemorativo<\/p>\n<p>Perforaci\u00f3n:<\/p>\n<p>peine13 x 13\u00bc<\/p>\n<p>Impresi\u00f3n:<\/p>\n<p>Litograf\u00eda offset<\/p>\n<p>Papel:<\/p>\n<p>phosphorescent, front side horizontally laid<\/p>\n<p>Valor facial:<\/p>\n<p>1,38 \u00a2 &#8211; Centavo Argentino<\/p>\n<p>Tiraje:<\/p>\n<p>1.000.000<\/p>\n<p><a href=\"https:\/\/colnect.com\/stamps\/stamp\/740110\">https:\/\/colnect.com\/stamps\/stamp\/740110<\/a><\/p>","protected":false},"excerpt":{"rendered":"<p>Meeting of foreign ministers of the La Plata Basin Pa\u00eds: Argentina C\u00f3digo de cat\u00e1logo: Michel AR 1184 Stamp Number AR 1022 Yvert et Tellier AR 981 Stanley Gibbons AR 1446 Gz (Cefiloza) AR 1178 G\u00f6tig and Jalil AR 1657 Tiene variantes menores: 1 Temas: Diplomacia Fecha emisi\u00f3n: 1974-08-10 Tama\u00f1o: 34 x 45 mm Colores: Multicolor &hellip;<\/p>\n<p class=\"read-more\"> <a class=\"thunk-readmore button\" href=\"https:\/\/filatelia.cuentista.es\/en\/product\/sello-argentina-1974-cuenca-del-plata-138-pesos-nuevo\"> <span class=\"screen-reader-text\">Sello Argentina 1974 &#8211; Cuenca del Plata &#8211; 1,38 Pesos<\/span>Read More<\/a><\/p>","protected":false},"featured_media":6371,"comment_status":"open","ping_status":"closed","template":"","meta":{"_acf_changed":false},"product_brand":[],"product_cat":[1568,20],"product_tag":[],"class_list":{"0":"post-6372","1":"product","2":"type-product","3":"status-publish","4":"has-post-thumbnail","6":"product_cat-argentina","7":"product_cat-sellos-usados","8":"thunk-woo-product-list","9":"opn-qv-enable","10":"open-woo-hover-zoom","11":"open-single-product-tab-horizontal","12":"open-shadow-","13":"open-shadow-hover-","15":"first","16":"instock","17":"shipping-taxable","18":"purchasable","19":"product-type-simple"},"acf":[],"jetpack_sharing_enabled":true,"_links":{"self":[{"href":"https:\/\/filatelia.cuentista.es\/en\/wp-json\/wp\/v2\/product\/6372","targetHints":{"allow":["GET"]}}],"collection":[{"href":"https:\/\/filatelia.cuentista.es\/en\/wp-json\/wp\/v2\/product"}],"about":[{"href":"https:\/\/filatelia.cuentista.es\/en\/wp-json\/wp\/v2\/types\/product"}],"replies":[{"embeddable":true,"href":"https:\/\/filatelia.cuentista.es\/en\/wp-json\/wp\/v2\/comments?post=6372"}],"wp:featuredmedia":[{"embeddable":true,"href":"https:\/\/filatelia.cuentista.es\/en\/wp-json\/wp\/v2\/media\/6371"}],"wp:attachment":[{"href":"https:\/\/filatelia.cuentista.es\/en\/wp-json\/wp\/v2\/media?parent=6372"}],"wp:term":[{"taxonomy":"product_brand","embeddable":true,"href":"https:\/\/filatelia.cuentista.es\/en\/wp-json\/wp\/v2\/product_brand?post=6372"},{"taxonomy":"product_cat","embeddable":true,"href":"https:\/\/filatelia.cuentista.es\/en\/wp-json\/wp\/v2\/product_cat?post=6372"},{"taxonomy":"product_tag","embeddable":true,"href":"https:\/\/filatelia.cuentista.es\/en\/wp-json\/wp\/v2\/product_tag?post=6372"}],"curies":[{"name":"wp","href":"https:\/\/api.w.org\/{rel}","templated":true}]}}