{"id":6354,"date":"2024-11-09T17:56:27","date_gmt":"2024-11-09T17:56:27","guid":{"rendered":"https:\/\/filatelia.cuentista.es\/product\/sello-argentina-1968-centenario-hospital-rawson-6-pesos-marron-usado"},"modified":"2024-11-09T17:56:30","modified_gmt":"2024-11-09T17:56:30","slug":"sello-argentina-1968-centenario-hospital-rawson-6-pesos-marron-usado","status":"publish","type":"product","link":"https:\/\/filatelia.cuentista.es\/en\/product\/sello-argentina-1968-centenario-hospital-rawson-6-pesos-marron-usado","title":{"rendered":"Sello Argentina 1968 &#8211; Centenario Hospital Rawson &#8211; 6 Pesos Marr\u00f3n Usado"},"content":{"rendered":"<p>Centenary of G. Rawson (1821-1890) Hospital<\/p>\n<p><img class=\"size-full\"><img class=\"size-full\"><\/p>\n<p>Pa\u00eds:<\/p>\n<p>Argentina<\/p>\n<p>C\u00f3digo de cat\u00e1logo:<\/p>\n<p>Michel AR 996<\/p>\n<p>Stamp Number AR 859<\/p>\n<p>Yvert et Tellier AR 814<\/p>\n<p>Stanley Gibbons AR 1225<\/p>\n<p>Gz (Cefiloza) AR 1004<\/p>\n<p>G\u00f6tig and Jalil AR 1446<\/p>\n<p>Temas:<\/p>\n<p>Aniversarios y Jubileos | Edificios | Hospitales | Personajes Famosos | Sanidad<\/p>\n<p>Fecha emisi\u00f3n:<\/p>\n<p>1968-07-20<\/p>\n<p>Tama\u00f1o:<\/p>\n<p>37 x 27 mm<\/p>\n<p>Colores:<\/p>\n<p>Pardo Oliva<\/p>\n<p>Marca de agua:<\/p>\n<p>Sol redondo RA (9&#215;8,5 mm) de lado a izquierda\/derecha<\/p>\n<p>Dise\u00f1adores:<\/p>\n<p>P. Mettke<\/p>\n<p>Impresores\/Imprentas:<\/p>\n<p>Casa de Moneda S.E., Buenos Aires<\/p>\n<p>Formato:<\/p>\n<p>Sello<\/p>\n<p>Emisi\u00f3n:<\/p>\n<p>Conmemorativo<\/p>\n<p>Perforaci\u00f3n:<\/p>\n<p>peine13\u00bd<\/p>\n<p>Impresi\u00f3n:<\/p>\n<p>Fotograbado<\/p>\n<p>Papel:<\/p>\n<p>National, fluorescent, horizontally grained &amp; vertically laid<\/p>\n<p>Valor facial:<\/p>\n<p>6 m$n &#8211; Peso Moneda Nacional Argentino<\/p>\n<p>Puntuaci\u00f3n:<\/p>\n<p>32% Precisi\u00f3n: Alta<\/p>\n<p>Descripci\u00f3n:<\/p>\n<p>Fluorescent Ffo (fuerte delante, d\u00e9bil y oscuro atr\u00e1s). La parte trasera es muy oscura bajo la l\u00e1mpara UV<\/p>\n<p><a href=\"https:\/\/colnect.com\/stamps\/stamp\/176083\">https:\/\/colnect.com\/stamps\/stamp\/176083<\/a><\/p>","protected":false},"excerpt":{"rendered":"<p>Centenary of G. Rawson (1821-1890) Hospital Pa\u00eds: Argentina C\u00f3digo de cat\u00e1logo: Michel AR 996 Stamp Number AR 859 Yvert et Tellier AR 814 Stanley Gibbons AR 1225 Gz (Cefiloza) AR 1004 G\u00f6tig and Jalil AR 1446 Temas: Aniversarios y Jubileos | Edificios | Hospitales | Personajes Famosos | Sanidad Fecha emisi\u00f3n: 1968-07-20 Tama\u00f1o: 37 x &hellip;<\/p>\n<p class=\"read-more\"> <a class=\"thunk-readmore button\" href=\"https:\/\/filatelia.cuentista.es\/en\/product\/sello-argentina-1968-centenario-hospital-rawson-6-pesos-marron-usado\"> <span class=\"screen-reader-text\">Sello Argentina 1968 &#8211; Centenario Hospital Rawson &#8211; 6 Pesos Marr\u00f3n Usado<\/span>Read More<\/a><\/p>","protected":false},"featured_media":6353,"comment_status":"open","ping_status":"closed","template":"","meta":{"_acf_changed":false},"product_brand":[],"product_cat":[1568,20],"product_tag":[],"class_list":{"0":"post-6354","1":"product","2":"type-product","3":"status-publish","4":"has-post-thumbnail","6":"product_cat-argentina","7":"product_cat-sellos-usados","8":"thunk-woo-product-list","9":"opn-qv-enable","10":"open-woo-hover-zoom","11":"open-single-product-tab-horizontal","12":"open-shadow-","13":"open-shadow-hover-","15":"first","16":"instock","17":"shipping-taxable","18":"purchasable","19":"product-type-simple"},"acf":[],"jetpack_sharing_enabled":true,"_links":{"self":[{"href":"https:\/\/filatelia.cuentista.es\/en\/wp-json\/wp\/v2\/product\/6354","targetHints":{"allow":["GET"]}}],"collection":[{"href":"https:\/\/filatelia.cuentista.es\/en\/wp-json\/wp\/v2\/product"}],"about":[{"href":"https:\/\/filatelia.cuentista.es\/en\/wp-json\/wp\/v2\/types\/product"}],"replies":[{"embeddable":true,"href":"https:\/\/filatelia.cuentista.es\/en\/wp-json\/wp\/v2\/comments?post=6354"}],"wp:featuredmedia":[{"embeddable":true,"href":"https:\/\/filatelia.cuentista.es\/en\/wp-json\/wp\/v2\/media\/6353"}],"wp:attachment":[{"href":"https:\/\/filatelia.cuentista.es\/en\/wp-json\/wp\/v2\/media?parent=6354"}],"wp:term":[{"taxonomy":"product_brand","embeddable":true,"href":"https:\/\/filatelia.cuentista.es\/en\/wp-json\/wp\/v2\/product_brand?post=6354"},{"taxonomy":"product_cat","embeddable":true,"href":"https:\/\/filatelia.cuentista.es\/en\/wp-json\/wp\/v2\/product_cat?post=6354"},{"taxonomy":"product_tag","embeddable":true,"href":"https:\/\/filatelia.cuentista.es\/en\/wp-json\/wp\/v2\/product_tag?post=6354"}],"curies":[{"name":"wp","href":"https:\/\/api.w.org\/{rel}","templated":true}]}}