{"id":6344,"date":"2024-11-09T10:13:18","date_gmt":"2024-11-09T10:13:18","guid":{"rendered":"https:\/\/filatelia.cuentista.es\/product\/sello-argentina-1958-consejo-nacional-del-menor-1-050-correo-aereo-usado"},"modified":"2024-11-09T10:13:21","modified_gmt":"2024-11-09T10:13:21","slug":"sello-argentina-1958-consejo-nacional-del-menor-1-050-correo-aereo-usado","status":"publish","type":"product","link":"https:\/\/filatelia.cuentista.es\/en\/product\/sello-argentina-1958-consejo-nacional-del-menor-1-050-correo-aereo-usado","title":{"rendered":"Sello Argentina 1958 &#8211; Consejo Nacional del Menor- 1 + 0,50 Correo A\u00e9reo Usado"},"content":{"rendered":"<p>National Council of the child<\/p>\n<p><img class=\"size-full\"><img class=\"size-full\"><\/p>\n<p>Pa\u00eds:<\/p>\n<p>Argentina<\/p>\n<p>C\u00f3digo de cat\u00e1logo:<\/p>\n<p>Michel AR 668<\/p>\n<p>Stamp Number AR CB7<\/p>\n<p>Yvert et Tellier AR PA51<\/p>\n<p>Stanley Gibbons AR 915<\/p>\n<p>Gz (Cefiloza) AR Ae77<\/p>\n<p>G\u00f6tig and Jalil AR 1092<\/p>\n<p>Temas:<\/p>\n<p>Ni\u00f1os<\/p>\n<p>Fecha emisi\u00f3n:<\/p>\n<p>1958-03-15<\/p>\n<p>Tama\u00f1o:<\/p>\n<p>37 x 27 mm<\/p>\n<p>Colores:<\/p>\n<p>Lila Marr\u00f3n<\/p>\n<p>Marca de agua:<\/p>\n<p>Sol ovalado RA (10&#215;10,5 mm) normal\/invertida, \u201cA\u201d de RA c\u00f3nica<\/p>\n<p>Formato:<\/p>\n<p>Sello<\/p>\n<p>Emisi\u00f3n:<\/p>\n<p>Correo A\u00e9reo Semi-Postal<\/p>\n<p>Perforaci\u00f3n:<\/p>\n<p>13\u00bd<\/p>\n<p>Impresi\u00f3n:<\/p>\n<p>Fotograbado<\/p>\n<p>Papel:<\/p>\n<p>English, chalky, horizontally laid<\/p>\n<p>Valor facial:<\/p>\n<p>1+0.50 m$n &#8211; Peso Moneda Nacional Argentino<\/p>\n<p>Tiraje:<\/p>\n<p>500.000<\/p>\n<p>Puntuaci\u00f3n:<\/p>\n<p>39% Precisi\u00f3n: Alta<\/p>\n<p>Art\u00edculos relacionados:<\/p>\n<p>Producto Filat\u00e9lico (relacionado): Flower and Child\u2019s Head (Argentina, Argentina)<\/p>\n<p><a href=\"https:\/\/colnect.com\/stamps\/stamp\/378815\">https:\/\/colnect.com\/stamps\/stamp\/378815<\/a><\/p>","protected":false},"excerpt":{"rendered":"<p>National Council of the child Pa\u00eds: Argentina C\u00f3digo de cat\u00e1logo: Michel AR 668 Stamp Number AR CB7 Yvert et Tellier AR PA51 Stanley Gibbons AR 915 Gz (Cefiloza) AR Ae77 G\u00f6tig and Jalil AR 1092 Temas: Ni\u00f1os Fecha emisi\u00f3n: 1958-03-15 Tama\u00f1o: 37 x 27 mm Colores: Lila Marr\u00f3n Marca de agua: Sol ovalado RA (10&#215;10,5 &hellip;<\/p>\n<p class=\"read-more\"> <a class=\"thunk-readmore button\" href=\"https:\/\/filatelia.cuentista.es\/en\/product\/sello-argentina-1958-consejo-nacional-del-menor-1-050-correo-aereo-usado\"> <span class=\"screen-reader-text\">Sello Argentina 1958 &#8211; Consejo Nacional del Menor- 1 + 0,50 Correo A\u00e9reo Usado<\/span>Read More<\/a><\/p>","protected":false},"featured_media":6343,"comment_status":"open","ping_status":"closed","template":"","meta":{"_acf_changed":false},"product_brand":[],"product_cat":[1568,815,20],"product_tag":[],"class_list":{"0":"post-6344","1":"product","2":"type-product","3":"status-publish","4":"has-post-thumbnail","6":"product_cat-argentina","7":"product_cat-correo-aereo","8":"product_cat-sellos-usados","9":"thunk-woo-product-list","10":"opn-qv-enable","11":"open-woo-hover-zoom","12":"open-single-product-tab-horizontal","13":"open-shadow-","14":"open-shadow-hover-","16":"first","17":"instock","18":"shipping-taxable","19":"purchasable","20":"product-type-simple"},"acf":[],"jetpack_sharing_enabled":true,"_links":{"self":[{"href":"https:\/\/filatelia.cuentista.es\/en\/wp-json\/wp\/v2\/product\/6344","targetHints":{"allow":["GET"]}}],"collection":[{"href":"https:\/\/filatelia.cuentista.es\/en\/wp-json\/wp\/v2\/product"}],"about":[{"href":"https:\/\/filatelia.cuentista.es\/en\/wp-json\/wp\/v2\/types\/product"}],"replies":[{"embeddable":true,"href":"https:\/\/filatelia.cuentista.es\/en\/wp-json\/wp\/v2\/comments?post=6344"}],"wp:featuredmedia":[{"embeddable":true,"href":"https:\/\/filatelia.cuentista.es\/en\/wp-json\/wp\/v2\/media\/6343"}],"wp:attachment":[{"href":"https:\/\/filatelia.cuentista.es\/en\/wp-json\/wp\/v2\/media?parent=6344"}],"wp:term":[{"taxonomy":"product_brand","embeddable":true,"href":"https:\/\/filatelia.cuentista.es\/en\/wp-json\/wp\/v2\/product_brand?post=6344"},{"taxonomy":"product_cat","embeddable":true,"href":"https:\/\/filatelia.cuentista.es\/en\/wp-json\/wp\/v2\/product_cat?post=6344"},{"taxonomy":"product_tag","embeddable":true,"href":"https:\/\/filatelia.cuentista.es\/en\/wp-json\/wp\/v2\/product_tag?post=6344"}],"curies":[{"name":"wp","href":"https:\/\/api.w.org\/{rel}","templated":true}]}}