{"id":6318,"date":"2024-11-09T03:56:18","date_gmt":"2024-11-09T03:56:18","guid":{"rendered":"https:\/\/filatelia.cuentista.es\/product\/sello-argentina-1935-justo-jose-de-urquiza-2c-usado-marron"},"modified":"2024-11-09T03:56:31","modified_gmt":"2024-11-09T03:56:31","slug":"sello-argentina-1935-justo-jose-de-urquiza-2c-usado-marron","status":"publish","type":"product","link":"https:\/\/filatelia.cuentista.es\/en\/product\/sello-argentina-1935-justo-jose-de-urquiza-2c-usado-marron","title":{"rendered":"Sello Argentina 1935 &#8211; Justo Jos\u00e9 de Urquiza &#8211; 2c Usado Marr\u00f3n"},"content":{"rendered":"<p>Justo Jos\u00e9 de Urquiza (1801-1870), General<\/p>\n<p><img class=\"size-full\"><img class=\"size-full\"><\/p>\n<p>Pa\u00eds:<\/p>\n<p>Argentina<\/p>\n<p>Serie:<\/p>\n<p>Famous Argentinians &#8211; Wmk round sun RA<\/p>\n<p>C\u00f3digo de cat\u00e1logo:<\/p>\n<p>Michel AR 401X<\/p>\n<p>Stamp Number AR 420<\/p>\n<p>Yvert et Tellier AR 365<\/p>\n<p>Stanley Gibbons AR 646<\/p>\n<p>Gz (Cefiloza) AR 488<\/p>\n<p>G\u00f6tig and Jalil AR 738<\/p>\n<p>Variantes:<\/p>\n<p>Click para ver variantes<\/p>\n<p>Sobreimpreso:<\/p>\n<p>Click para ver sobreimpresiones y recargos<\/p>\n<p>Tiene variantes menores: 4<\/p>\n<p>Temas:<\/p>\n<p>Generales | Hombres | Jefes de Estado | Personajes Famosos<\/p>\n<p>Fecha emisi\u00f3n:<\/p>\n<p>1935-10-01<\/p>\n<p>Fecha de caducidad:<\/p>\n<p>1957-08-31<\/p>\n<p>Tama\u00f1o:<\/p>\n<p>24 x 30 mm<\/p>\n<p>Colores:<\/p>\n<p>Marr\u00f3n<\/p>\n<p>Marca de agua:<\/p>\n<p>Sol redondo RA (9,5 mm) de lado a izquierda\/derecha. Letras RA unidas<\/p>\n<p>Formato:<\/p>\n<p>Sello<\/p>\n<p>Emisi\u00f3n:<\/p>\n<p>Definitivo<\/p>\n<p>Perforaci\u00f3n:<\/p>\n<p>13\u00bc x 13<\/p>\n<p>Impresi\u00f3n:<\/p>\n<p>Litograf\u00eda offset<\/p>\n<p>Papel:<\/p>\n<p>English, vertically grained<\/p>\n<p>Valor facial:<\/p>\n<p>2 \u00a2 &#8211; Centavo Argentino<\/p>\n<p>Puntuaci\u00f3n:<\/p>\n<p>9% Precisi\u00f3n: Muy alto<\/p>\n<p>Descripci\u00f3n:<\/p>\n<p>Tonos de color: Grey brown<\/p>\n<p>Urquiza was also President of Argentina from 1854-1860<\/p>\n<p><a href=\"https:\/\/colnect.com\/stamps\/stamp\/128839\">https:\/\/colnect.com\/stamps\/stamp\/128839<\/a><\/p>","protected":false},"excerpt":{"rendered":"<p>Justo Jos\u00e9 de Urquiza (1801-1870), General Pa\u00eds: Argentina Serie: Famous Argentinians &#8211; Wmk round sun RA C\u00f3digo de cat\u00e1logo: Michel AR 401X Stamp Number AR 420 Yvert et Tellier AR 365 Stanley Gibbons AR 646 Gz (Cefiloza) AR 488 G\u00f6tig and Jalil AR 738 Variantes: Click para ver variantes Sobreimpreso: Click para ver sobreimpresiones y &hellip;<\/p>\n<p class=\"read-more\"> <a class=\"thunk-readmore button\" href=\"https:\/\/filatelia.cuentista.es\/en\/product\/sello-argentina-1935-justo-jose-de-urquiza-2c-usado-marron\"> <span class=\"screen-reader-text\">Sello Argentina 1935 &#8211; Justo Jos\u00e9 de Urquiza &#8211; 2c Usado Marr\u00f3n<\/span>Read More<\/a><\/p>","protected":false},"featured_media":6317,"comment_status":"open","ping_status":"closed","template":"","meta":{"_acf_changed":false},"product_brand":[],"product_cat":[1568,20],"product_tag":[],"class_list":{"0":"post-6318","1":"product","2":"type-product","3":"status-publish","4":"has-post-thumbnail","6":"product_cat-argentina","7":"product_cat-sellos-usados","8":"thunk-woo-product-list","9":"opn-qv-enable","10":"open-woo-hover-zoom","11":"open-single-product-tab-horizontal","12":"open-shadow-","13":"open-shadow-hover-","15":"first","16":"instock","17":"shipping-taxable","18":"purchasable","19":"product-type-simple"},"acf":[],"jetpack_sharing_enabled":true,"_links":{"self":[{"href":"https:\/\/filatelia.cuentista.es\/en\/wp-json\/wp\/v2\/product\/6318","targetHints":{"allow":["GET"]}}],"collection":[{"href":"https:\/\/filatelia.cuentista.es\/en\/wp-json\/wp\/v2\/product"}],"about":[{"href":"https:\/\/filatelia.cuentista.es\/en\/wp-json\/wp\/v2\/types\/product"}],"replies":[{"embeddable":true,"href":"https:\/\/filatelia.cuentista.es\/en\/wp-json\/wp\/v2\/comments?post=6318"}],"wp:featuredmedia":[{"embeddable":true,"href":"https:\/\/filatelia.cuentista.es\/en\/wp-json\/wp\/v2\/media\/6317"}],"wp:attachment":[{"href":"https:\/\/filatelia.cuentista.es\/en\/wp-json\/wp\/v2\/media?parent=6318"}],"wp:term":[{"taxonomy":"product_brand","embeddable":true,"href":"https:\/\/filatelia.cuentista.es\/en\/wp-json\/wp\/v2\/product_brand?post=6318"},{"taxonomy":"product_cat","embeddable":true,"href":"https:\/\/filatelia.cuentista.es\/en\/wp-json\/wp\/v2\/product_cat?post=6318"},{"taxonomy":"product_tag","embeddable":true,"href":"https:\/\/filatelia.cuentista.es\/en\/wp-json\/wp\/v2\/product_tag?post=6318"}],"curies":[{"name":"wp","href":"https:\/\/api.w.org\/{rel}","templated":true}]}}