{"id":6314,"date":"2024-11-09T03:47:47","date_gmt":"2024-11-09T03:47:47","guid":{"rendered":"https:\/\/filatelia.cuentista.es\/product\/sello-argentina-1877-vicente-lopez-y-planes-2-centavos-usado-verde"},"modified":"2024-11-09T03:48:00","modified_gmt":"2024-11-09T03:48:00","slug":"sello-argentina-1877-vicente-lopez-y-planes-2-centavos-usado-verde","status":"publish","type":"product","link":"https:\/\/filatelia.cuentista.es\/en\/product\/sello-argentina-1877-vicente-lopez-y-planes-2-centavos-usado-verde","title":{"rendered":"Sello Argentina 1877 &#8211; Vicente. L\u00f3pez y Planes &#8211; 2 Centavos Usado Verde"},"content":{"rendered":"<p>Vicente L\u00f3pez y Planes (1785-1856)<\/p>\n<p><img class=\"size-full\"><\/p>\n<p>Pa\u00eds:<\/p>\n<p>Argentina<\/p>\n<p>Serie:<\/p>\n<p>Personalities &#8211; Inscr. \u00abRep\u00fablica Argentina\u00bb<\/p>\n<p>C\u00f3digo de cat\u00e1logo:<\/p>\n<p>Michel AR 30<\/p>\n<p>Stamp Number AR 38<\/p>\n<p>Yvert et Tellier AR 37<\/p>\n<p>Stanley Gibbons AR 46<\/p>\n<p>Gz (Cefiloza) AR 53<\/p>\n<p>G\u00f6tig and Jalil AR 53<\/p>\n<p>Variantes:<\/p>\n<p>Click para ver variantes<\/p>\n<p>Sobreimpreso:<\/p>\n<p>Click para ver sobreimpresiones y recargos<\/p>\n<p>Temas:<\/p>\n<p>Himnos Nacionales | Hombres | Personajes Famosos | Pol\u00edticos<\/p>\n<p>Fecha emisi\u00f3n:<\/p>\n<p>1877-06-13<\/p>\n<p>Tama\u00f1o:<\/p>\n<p>23 x 27 mm<\/p>\n<p>Colores:<\/p>\n<p>Verde<\/p>\n<p>Impresores\/Imprentas:<\/p>\n<p>National Bank Note Company<\/p>\n<p>Formato:<\/p>\n<p>Sello<\/p>\n<p>Emisi\u00f3n:<\/p>\n<p>Definitivo<\/p>\n<p>Perforaci\u00f3n:<\/p>\n<p>12<\/p>\n<p>Impresi\u00f3n:<\/p>\n<p>Rebaje<\/p>\n<p>Valor facial:<\/p>\n<p>2 \u00a2 &#8211; Centavo Argentino<\/p>\n<p>Tiraje:<\/p>\n<p>5.000.000<\/p>\n<p><a href=\"https:\/\/colnect.com\/stamps\/stamp\/472518\">https:\/\/colnect.com\/stamps\/stamp\/472518<\/a><\/p>","protected":false},"excerpt":{"rendered":"<p>Vicente L\u00f3pez y Planes (1785-1856) Pa\u00eds: Argentina Serie: Personalities &#8211; Inscr. \u00abRep\u00fablica Argentina\u00bb C\u00f3digo de cat\u00e1logo: Michel AR 30 Stamp Number AR 38 Yvert et Tellier AR 37 Stanley Gibbons AR 46 Gz (Cefiloza) AR 53 G\u00f6tig and Jalil AR 53 Variantes: Click para ver variantes Sobreimpreso: Click para ver sobreimpresiones y recargos Temas: Himnos &hellip;<\/p>\n<p class=\"read-more\"> <a class=\"thunk-readmore button\" href=\"https:\/\/filatelia.cuentista.es\/en\/product\/sello-argentina-1877-vicente-lopez-y-planes-2-centavos-usado-verde\"> <span class=\"screen-reader-text\">Sello Argentina 1877 &#8211; Vicente. L\u00f3pez y Planes &#8211; 2 Centavos Usado Verde<\/span>Read More<\/a><\/p>","protected":false},"featured_media":6313,"comment_status":"open","ping_status":"closed","template":"","meta":{"_acf_changed":false},"product_brand":[],"product_cat":[1568,20],"product_tag":[],"class_list":{"0":"post-6314","1":"product","2":"type-product","3":"status-publish","4":"has-post-thumbnail","6":"product_cat-argentina","7":"product_cat-sellos-usados","8":"thunk-woo-product-list","9":"opn-qv-enable","10":"open-woo-hover-zoom","11":"open-single-product-tab-horizontal","12":"open-shadow-","13":"open-shadow-hover-","15":"first","16":"instock","17":"shipping-taxable","18":"purchasable","19":"product-type-simple"},"acf":[],"jetpack_sharing_enabled":true,"_links":{"self":[{"href":"https:\/\/filatelia.cuentista.es\/en\/wp-json\/wp\/v2\/product\/6314","targetHints":{"allow":["GET"]}}],"collection":[{"href":"https:\/\/filatelia.cuentista.es\/en\/wp-json\/wp\/v2\/product"}],"about":[{"href":"https:\/\/filatelia.cuentista.es\/en\/wp-json\/wp\/v2\/types\/product"}],"replies":[{"embeddable":true,"href":"https:\/\/filatelia.cuentista.es\/en\/wp-json\/wp\/v2\/comments?post=6314"}],"wp:featuredmedia":[{"embeddable":true,"href":"https:\/\/filatelia.cuentista.es\/en\/wp-json\/wp\/v2\/media\/6313"}],"wp:attachment":[{"href":"https:\/\/filatelia.cuentista.es\/en\/wp-json\/wp\/v2\/media?parent=6314"}],"wp:term":[{"taxonomy":"product_brand","embeddable":true,"href":"https:\/\/filatelia.cuentista.es\/en\/wp-json\/wp\/v2\/product_brand?post=6314"},{"taxonomy":"product_cat","embeddable":true,"href":"https:\/\/filatelia.cuentista.es\/en\/wp-json\/wp\/v2\/product_cat?post=6314"},{"taxonomy":"product_tag","embeddable":true,"href":"https:\/\/filatelia.cuentista.es\/en\/wp-json\/wp\/v2\/product_tag?post=6314"}],"curies":[{"name":"wp","href":"https:\/\/api.w.org\/{rel}","templated":true}]}}