{"id":6312,"date":"2024-11-09T03:42:48","date_gmt":"2024-11-09T03:42:48","guid":{"rendered":"https:\/\/filatelia.cuentista.es\/product\/sello-argentina-1997-vicente-lopez-y-planes-a-40-usado"},"modified":"2024-11-09T03:43:28","modified_gmt":"2024-11-09T03:43:28","slug":"sello-argentina-1997-vicente-lopez-y-planes-a-40-usado","status":"publish","type":"product","link":"https:\/\/filatelia.cuentista.es\/en\/product\/sello-argentina-1997-vicente-lopez-y-planes-a-40-usado","title":{"rendered":"Sello Argentina 1985 &#8211; Vicente L\u00f3pez y Planes &#8211; $a 40 Usado"},"content":{"rendered":"<p>Vicente L\u00f3pez y Planes (1785~1856)<\/p>\n<p><img class=\"size-full\"><\/p>\n<p>Pa\u00eds:<\/p>\n<p>Argentina<\/p>\n<p>Serie:<\/p>\n<p>Personalities &#8211; 1985<\/p>\n<p>C\u00f3digo de cat\u00e1logo:<\/p>\n<p>Michel AR 1729<\/p>\n<p>Stamp Number AR 1461<\/p>\n<p>Yvert et Tellier AR 1455<\/p>\n<p>Stanley Gibbons AR 1904<\/p>\n<p>Gz (Cefiloza) AR 1724<\/p>\n<p>G\u00f6tig and Jalil AR 2196<\/p>\n<p>Temas:<\/p>\n<p>Personajes Famosos | Pol\u00edticos<\/p>\n<p>Fecha emisi\u00f3n:<\/p>\n<p>1985-03-23<\/p>\n<p>Tama\u00f1o:<\/p>\n<p>34 x 45 mm<\/p>\n<p>Colores:<\/p>\n<p>Gris<\/p>\n<p>Formato:<\/p>\n<p>Sello<\/p>\n<p>Emisi\u00f3n:<\/p>\n<p>Conmemorativo<\/p>\n<p>Perforaci\u00f3n:<\/p>\n<p>peine13\u00bd<\/p>\n<p>Impresi\u00f3n:<\/p>\n<p>Litograf\u00eda offset y Rebaje<\/p>\n<p>Valor facial:<\/p>\n<p>40 $a &#8211; Peso Argentino<\/p>\n<p>Tiraje:<\/p>\n<p>500.000<\/p>\n<p><a href=\"https:\/\/colnect.com\/stamps\/stamp\/391624\">https:\/\/colnect.com\/stamps\/stamp\/391624<\/a><\/p>","protected":false},"excerpt":{"rendered":"<p>Vicente L\u00f3pez y Planes (1785~1856) Pa\u00eds: Argentina Serie: Personalities &#8211; 1985 C\u00f3digo de cat\u00e1logo: Michel AR 1729 Stamp Number AR 1461 Yvert et Tellier AR 1455 Stanley Gibbons AR 1904 Gz (Cefiloza) AR 1724 G\u00f6tig and Jalil AR 2196 Temas: Personajes Famosos | Pol\u00edticos Fecha emisi\u00f3n: 1985-03-23 Tama\u00f1o: 34 x 45 mm Colores: Gris Formato: &hellip;<\/p>\n<p class=\"read-more\"> <a class=\"thunk-readmore button\" href=\"https:\/\/filatelia.cuentista.es\/en\/product\/sello-argentina-1997-vicente-lopez-y-planes-a-40-usado\"> <span class=\"screen-reader-text\">Sello Argentina 1985 &#8211; Vicente L\u00f3pez y Planes &#8211; $a 40 Usado<\/span>Read More<\/a><\/p>","protected":false},"featured_media":6311,"comment_status":"open","ping_status":"closed","template":"","meta":{"_acf_changed":false},"product_brand":[],"product_cat":[1568,20],"product_tag":[],"class_list":{"0":"post-6312","1":"product","2":"type-product","3":"status-publish","4":"has-post-thumbnail","6":"product_cat-argentina","7":"product_cat-sellos-usados","8":"thunk-woo-product-list","9":"opn-qv-enable","10":"open-woo-hover-zoom","11":"open-single-product-tab-horizontal","12":"open-shadow-","13":"open-shadow-hover-","15":"first","16":"instock","17":"shipping-taxable","18":"purchasable","19":"product-type-simple"},"acf":[],"jetpack_sharing_enabled":true,"_links":{"self":[{"href":"https:\/\/filatelia.cuentista.es\/en\/wp-json\/wp\/v2\/product\/6312","targetHints":{"allow":["GET"]}}],"collection":[{"href":"https:\/\/filatelia.cuentista.es\/en\/wp-json\/wp\/v2\/product"}],"about":[{"href":"https:\/\/filatelia.cuentista.es\/en\/wp-json\/wp\/v2\/types\/product"}],"replies":[{"embeddable":true,"href":"https:\/\/filatelia.cuentista.es\/en\/wp-json\/wp\/v2\/comments?post=6312"}],"wp:featuredmedia":[{"embeddable":true,"href":"https:\/\/filatelia.cuentista.es\/en\/wp-json\/wp\/v2\/media\/6311"}],"wp:attachment":[{"href":"https:\/\/filatelia.cuentista.es\/en\/wp-json\/wp\/v2\/media?parent=6312"}],"wp:term":[{"taxonomy":"product_brand","embeddable":true,"href":"https:\/\/filatelia.cuentista.es\/en\/wp-json\/wp\/v2\/product_brand?post=6312"},{"taxonomy":"product_cat","embeddable":true,"href":"https:\/\/filatelia.cuentista.es\/en\/wp-json\/wp\/v2\/product_cat?post=6312"},{"taxonomy":"product_tag","embeddable":true,"href":"https:\/\/filatelia.cuentista.es\/en\/wp-json\/wp\/v2\/product_tag?post=6312"}],"curies":[{"name":"wp","href":"https:\/\/api.w.org\/{rel}","templated":true}]}}