{"id":6310,"date":"2024-11-09T03:35:02","date_gmt":"2024-11-09T03:35:02","guid":{"rendered":"https:\/\/filatelia.cuentista.es\/product\/sello-argentina-1987-50-aniversario-radio-nacional-050-australes-usado"},"modified":"2024-11-09T03:35:15","modified_gmt":"2024-11-09T03:35:15","slug":"sello-argentina-1987-50-aniversario-radio-nacional-050-australes-usado","status":"publish","type":"product","link":"https:\/\/filatelia.cuentista.es\/en\/product\/sello-argentina-1987-50-aniversario-radio-nacional-050-australes-usado","title":{"rendered":"Sello Argentina 1987 &#8211; 50 Aniversario Radio Nacional &#8211; 0,50 Australes Usado"},"content":{"rendered":"<p>50 years LRA Radio Nacional<\/p>\n<p><img class=\"size-full\"><\/p>\n<p>Pa\u00eds:<\/p>\n<p>Argentina<\/p>\n<p>C\u00f3digo de cat\u00e1logo:<\/p>\n<p>Michel AR 1902<\/p>\n<p>Stamp Number AR 1608<\/p>\n<p>Yvert et Tellier AR 1607<\/p>\n<p>Stanley Gibbons AR 2081<\/p>\n<p>Gz (Cefiloza) AR 1890<\/p>\n<p>G\u00f6tig and Jalil AR 2375<\/p>\n<p>Temas:<\/p>\n<p>Aniversarios y Jubileos | Radio<\/p>\n<p>Fecha emisi\u00f3n:<\/p>\n<p>1987-11-21<\/p>\n<p>Tama\u00f1o:<\/p>\n<p>34 x 45 mm<\/p>\n<p>Colores:<\/p>\n<p>Multicolor<\/p>\n<p>Formato:<\/p>\n<p>Sello<\/p>\n<p>Emisi\u00f3n:<\/p>\n<p>Conmemorativo<\/p>\n<p>Perforaci\u00f3n:<\/p>\n<p>peine13\u00bc<\/p>\n<p>Impresi\u00f3n:<\/p>\n<p>Litograf\u00eda offset<\/p>\n<p>Valor facial:<\/p>\n<p>0,50 \u20b3 &#8211; Austral Argentino<\/p>\n<p>Tiraje:<\/p>\n<p>304.000<\/p>\n<p><a href=\"https:\/\/colnect.com\/stamps\/stamp\/397012\">https:\/\/colnect.com\/stamps\/stamp\/397012<\/a><\/p>","protected":false},"excerpt":{"rendered":"<p>50 years LRA Radio Nacional Pa\u00eds: Argentina C\u00f3digo de cat\u00e1logo: Michel AR 1902 Stamp Number AR 1608 Yvert et Tellier AR 1607 Stanley Gibbons AR 2081 Gz (Cefiloza) AR 1890 G\u00f6tig and Jalil AR 2375 Temas: Aniversarios y Jubileos | Radio Fecha emisi\u00f3n: 1987-11-21 Tama\u00f1o: 34 x 45 mm Colores: Multicolor Formato: Sello Emisi\u00f3n: Conmemorativo &hellip;<\/p>\n<p class=\"read-more\"> <a class=\"thunk-readmore button\" href=\"https:\/\/filatelia.cuentista.es\/en\/product\/sello-argentina-1987-50-aniversario-radio-nacional-050-australes-usado\"> <span class=\"screen-reader-text\">Sello Argentina 1987 &#8211; 50 Aniversario Radio Nacional &#8211; 0,50 Australes Usado<\/span>Read More<\/a><\/p>","protected":false},"featured_media":6309,"comment_status":"open","ping_status":"closed","template":"","meta":{"_acf_changed":false},"product_brand":[],"product_cat":[1568,20],"product_tag":[],"class_list":{"0":"post-6310","1":"product","2":"type-product","3":"status-publish","4":"has-post-thumbnail","6":"product_cat-argentina","7":"product_cat-sellos-usados","8":"thunk-woo-product-list","9":"opn-qv-enable","10":"open-woo-hover-zoom","11":"open-single-product-tab-horizontal","12":"open-shadow-","13":"open-shadow-hover-","15":"first","16":"instock","17":"shipping-taxable","18":"purchasable","19":"product-type-simple"},"acf":[],"jetpack_sharing_enabled":true,"_links":{"self":[{"href":"https:\/\/filatelia.cuentista.es\/en\/wp-json\/wp\/v2\/product\/6310","targetHints":{"allow":["GET"]}}],"collection":[{"href":"https:\/\/filatelia.cuentista.es\/en\/wp-json\/wp\/v2\/product"}],"about":[{"href":"https:\/\/filatelia.cuentista.es\/en\/wp-json\/wp\/v2\/types\/product"}],"replies":[{"embeddable":true,"href":"https:\/\/filatelia.cuentista.es\/en\/wp-json\/wp\/v2\/comments?post=6310"}],"wp:featuredmedia":[{"embeddable":true,"href":"https:\/\/filatelia.cuentista.es\/en\/wp-json\/wp\/v2\/media\/6309"}],"wp:attachment":[{"href":"https:\/\/filatelia.cuentista.es\/en\/wp-json\/wp\/v2\/media?parent=6310"}],"wp:term":[{"taxonomy":"product_brand","embeddable":true,"href":"https:\/\/filatelia.cuentista.es\/en\/wp-json\/wp\/v2\/product_brand?post=6310"},{"taxonomy":"product_cat","embeddable":true,"href":"https:\/\/filatelia.cuentista.es\/en\/wp-json\/wp\/v2\/product_cat?post=6310"},{"taxonomy":"product_tag","embeddable":true,"href":"https:\/\/filatelia.cuentista.es\/en\/wp-json\/wp\/v2\/product_tag?post=6310"}],"curies":[{"name":"wp","href":"https:\/\/api.w.org\/{rel}","templated":true}]}}