{"id":630,"date":"2024-07-20T06:40:21","date_gmt":"2024-07-20T06:40:21","guid":{"rendered":"https:\/\/filatelia.cuentista.es\/product\/700-anos-de-amsterdam"},"modified":"2024-07-21T19:36:54","modified_gmt":"2024-07-21T19:36:54","slug":"700-anos-de-amsterdam","status":"publish","type":"product","link":"https:\/\/filatelia.cuentista.es\/en\/product\/700-anos-de-amsterdam","title":{"rendered":"Sobre Primer Dia &#8211; 700 A\u00f1os de amsterdam &#8211; 4 sellos"},"content":{"rendered":"<p>Sobre primer dia 700 a\u00f1os de amsterdam, 400 de la universidad de Lidse, 300 de la sinagoga Portuguesa. Con 4 sellos<\/p>\n<p>La\u00a0<b>Universidad de Leiden<\/b> (<i>Universiteit Leiden<\/i>) es la universidad m\u00e1s antigua de los Paises Bajos. La universidad est\u00e1 localizada en <a title=\"Leiden\" href=\"https:\/\/es.wikipedia.org\/wiki\/Leiden\">Leiden<\/a>, ciudad universitaria desde el 8 de febrero de 1575.<\/p>\n<p>La fecha tradicional de la fundaci\u00f3n de la ciudad de amsterdam es el d\u00eda <b>27 de octubre del a\u00f1o 1275<\/b>, cuando a sus habitantes se les retir\u00f3 la obligaci\u00f3n de pagar peajes, que por entonces estaban asociados con los puentes neerlandeses.<\/p>\n<p>La\u00a0<b>Sinagoga portuguesa de \u00c1msterdam<\/b>\u00a0o la\u00a0<b>Sinagoga Portuguesa Jud\u00eda<\/b>\u00a0(en\u00a0<a title=\"Idioma neerland\u00e9s\" href=\"https:\/\/es.wikipedia.org\/wiki\/Idioma_neerland%C3%A9s\">neerland\u00e9s<\/a>:\u00a0<i>Portugees-Isra\u00eblietische Synagoge<\/i>) es una sinagoga\u00a0<a title=\"Sefard\u00ed\" href=\"https:\/\/es.wikipedia.org\/wiki\/Sefard%C3%AD\">sefard\u00ed<\/a>\u00a0del siglo\u00a0xvii\u00a0en\u00a0<a title=\"\u00c1msterdam\" href=\"https:\/\/es.wikipedia.org\/wiki\/%C3%81msterdam\">\u00c1msterdam<\/a>, en los\u00a0<a title=\"Pa\u00edses Bajos\" href=\"https:\/\/es.wikipedia.org\/wiki\/Pa%C3%ADses_Bajos\">Pa\u00edses Bajos<\/a><\/p>","protected":false},"excerpt":{"rendered":"<p>Sobre primer dia 700 a\u00f1os de amsterdam, 400 de la universidad de Lidse, 300 de la sinagoga Portuguesa<\/p>\n<p>contiene 4 sellos<\/p>","protected":false},"featured_media":707,"comment_status":"open","ping_status":"closed","template":"","meta":{"_acf_changed":false},"product_brand":[],"product_cat":[19],"product_tag":[70,200,156,190,221,220,219,189,218],"class_list":{"0":"post-630","1":"product","2":"type-product","3":"status-publish","4":"has-post-thumbnail","6":"product_cat-spd-sobres-primer-dia","7":"product_tag-70","8":"product_tag-amsterdam","9":"product_tag-aniversario","10":"product_tag-fdc","11":"product_tag-fundacion","12":"product_tag-portuguesa","13":"product_tag-sinagoga","14":"product_tag-spd","15":"product_tag-universidad","16":"thunk-woo-product-list","17":"opn-qv-enable","18":"open-woo-hover-zoom","19":"open-single-product-tab-horizontal","20":"open-shadow-","21":"open-shadow-hover-","23":"first","24":"instock","25":"sale","26":"shipping-taxable","27":"purchasable","28":"product-type-simple"},"acf":[],"jetpack_sharing_enabled":true,"_links":{"self":[{"href":"https:\/\/filatelia.cuentista.es\/en\/wp-json\/wp\/v2\/product\/630","targetHints":{"allow":["GET"]}}],"collection":[{"href":"https:\/\/filatelia.cuentista.es\/en\/wp-json\/wp\/v2\/product"}],"about":[{"href":"https:\/\/filatelia.cuentista.es\/en\/wp-json\/wp\/v2\/types\/product"}],"replies":[{"embeddable":true,"href":"https:\/\/filatelia.cuentista.es\/en\/wp-json\/wp\/v2\/comments?post=630"}],"wp:featuredmedia":[{"embeddable":true,"href":"https:\/\/filatelia.cuentista.es\/en\/wp-json\/wp\/v2\/media\/707"}],"wp:attachment":[{"href":"https:\/\/filatelia.cuentista.es\/en\/wp-json\/wp\/v2\/media?parent=630"}],"wp:term":[{"taxonomy":"product_brand","embeddable":true,"href":"https:\/\/filatelia.cuentista.es\/en\/wp-json\/wp\/v2\/product_brand?post=630"},{"taxonomy":"product_cat","embeddable":true,"href":"https:\/\/filatelia.cuentista.es\/en\/wp-json\/wp\/v2\/product_cat?post=630"},{"taxonomy":"product_tag","embeddable":true,"href":"https:\/\/filatelia.cuentista.es\/en\/wp-json\/wp\/v2\/product_tag?post=630"}],"curies":[{"name":"wp","href":"https:\/\/api.w.org\/{rel}","templated":true}]}}