{"id":6294,"date":"2024-11-08T20:48:22","date_gmt":"2024-11-08T20:48:22","guid":{"rendered":"https:\/\/filatelia.cuentista.es\/product\/sello-argentina-1978-san-martin-chacabuco-500-pesos-usado"},"modified":"2024-11-08T20:48:25","modified_gmt":"2024-11-08T20:48:25","slug":"sello-argentina-1978-san-martin-chacabuco-500-pesos-usado","status":"publish","type":"product","link":"https:\/\/filatelia.cuentista.es\/en\/product\/sello-argentina-1978-san-martin-chacabuco-500-pesos-usado","title":{"rendered":"Sello Argentina 1978 &#8211; San Martin Chacabuco &#8211; 500 Pesos Usado"},"content":{"rendered":"<p>San Martin on the Hill of Chacabuco<\/p>\n<p><img class=\"size-full\"><\/p>\n<p>Pa\u00eds:<\/p>\n<p>Argentina<\/p>\n<p>Serie:<\/p>\n<p>200th Birth Anniversary of Jos\u00e9 de San Mart\u00edn (1778-1850)<\/p>\n<p>C\u00f3digo de cat\u00e1logo:<\/p>\n<p>Michel AR 1372<\/p>\n<p>Stamp Number AR 1227<\/p>\n<p>Yvert et Tellier AR 1158<\/p>\n<p>Stanley Gibbons AR 1616<\/p>\n<p>Gz (Cefiloza) AR 1380<\/p>\n<p>G\u00f6tig and Jalil AR 1836<\/p>\n<p>Temas:<\/p>\n<p>Aniversarios y Jubileos | Caballos | Edificios | Generales | Hombres | H\u00e9roes| Luchadores por la Libertad | Personajes Famosos<\/p>\n<p>Fecha emisi\u00f3n:<\/p>\n<p>1978-12-16<\/p>\n<p>Tama\u00f1o:<\/p>\n<p>45 x 34 mm<\/p>\n<p>Colores:<\/p>\n<p>Multicolor<\/p>\n<p>Formato:<\/p>\n<p>Sello<\/p>\n<p>Emisi\u00f3n:<\/p>\n<p>Conmemorativo<\/p>\n<p>Perforaci\u00f3n:<\/p>\n<p>peine13\u00bd<\/p>\n<p>Impresi\u00f3n:<\/p>\n<p>Litograf\u00eda offset<\/p>\n<p>Papel:<\/p>\n<p>phoshorescent, horizontally laid<\/p>\n<p>Valor facial:<\/p>\n<p>500 $L &#8211; Peso Ley Argentino<\/p>\n<p>Tiraje:<\/p>\n<p>500.000<\/p>\n<p><a href=\"https:\/\/colnect.com\/stamps\/stamp\/386919\">https:\/\/colnect.com\/stamps\/stamp\/386919<\/a><\/p>","protected":false},"excerpt":{"rendered":"<p>San Martin on the Hill of Chacabuco Pa\u00eds: Argentina Serie: 200th Birth Anniversary of Jos\u00e9 de San Mart\u00edn (1778-1850) C\u00f3digo de cat\u00e1logo: Michel AR 1372 Stamp Number AR 1227 Yvert et Tellier AR 1158 Stanley Gibbons AR 1616 Gz (Cefiloza) AR 1380 G\u00f6tig and Jalil AR 1836 Temas: Aniversarios y Jubileos | Caballos | Edificios &hellip;<\/p>\n<p class=\"read-more\"> <a class=\"thunk-readmore button\" href=\"https:\/\/filatelia.cuentista.es\/en\/product\/sello-argentina-1978-san-martin-chacabuco-500-pesos-usado\"> <span class=\"screen-reader-text\">Sello Argentina 1978 &#8211; San Martin Chacabuco &#8211; 500 Pesos Usado<\/span>Read More<\/a><\/p>","protected":false},"featured_media":6293,"comment_status":"open","ping_status":"closed","template":"","meta":{"_acf_changed":false},"product_brand":[],"product_cat":[1568,20],"product_tag":[],"class_list":{"0":"post-6294","1":"product","2":"type-product","3":"status-publish","4":"has-post-thumbnail","6":"product_cat-argentina","7":"product_cat-sellos-usados","8":"thunk-woo-product-list","9":"opn-qv-enable","10":"open-woo-hover-zoom","11":"open-single-product-tab-horizontal","12":"open-shadow-","13":"open-shadow-hover-","15":"first","16":"instock","17":"shipping-taxable","18":"purchasable","19":"product-type-simple"},"acf":[],"jetpack_sharing_enabled":true,"_links":{"self":[{"href":"https:\/\/filatelia.cuentista.es\/en\/wp-json\/wp\/v2\/product\/6294","targetHints":{"allow":["GET"]}}],"collection":[{"href":"https:\/\/filatelia.cuentista.es\/en\/wp-json\/wp\/v2\/product"}],"about":[{"href":"https:\/\/filatelia.cuentista.es\/en\/wp-json\/wp\/v2\/types\/product"}],"replies":[{"embeddable":true,"href":"https:\/\/filatelia.cuentista.es\/en\/wp-json\/wp\/v2\/comments?post=6294"}],"wp:featuredmedia":[{"embeddable":true,"href":"https:\/\/filatelia.cuentista.es\/en\/wp-json\/wp\/v2\/media\/6293"}],"wp:attachment":[{"href":"https:\/\/filatelia.cuentista.es\/en\/wp-json\/wp\/v2\/media?parent=6294"}],"wp:term":[{"taxonomy":"product_brand","embeddable":true,"href":"https:\/\/filatelia.cuentista.es\/en\/wp-json\/wp\/v2\/product_brand?post=6294"},{"taxonomy":"product_cat","embeddable":true,"href":"https:\/\/filatelia.cuentista.es\/en\/wp-json\/wp\/v2\/product_cat?post=6294"},{"taxonomy":"product_tag","embeddable":true,"href":"https:\/\/filatelia.cuentista.es\/en\/wp-json\/wp\/v2\/product_tag?post=6294"}],"curies":[{"name":"wp","href":"https:\/\/api.w.org\/{rel}","templated":true}]}}