{"id":6290,"date":"2024-11-08T18:23:34","date_gmt":"2024-11-08T18:23:34","guid":{"rendered":"https:\/\/filatelia.cuentista.es\/product\/sello-argentina-2006-tango-4-usado"},"modified":"2024-11-08T18:23:37","modified_gmt":"2024-11-08T18:23:37","slug":"sello-argentina-2006-tango-4-usado","status":"publish","type":"product","link":"https:\/\/filatelia.cuentista.es\/en\/product\/sello-argentina-2006-tango-4-usado","title":{"rendered":"Sello Argentina 2006 &#8211; Tango &#8211; $4 Usado"},"content":{"rendered":"<p>Tango<\/p>\n<p><img class=\"size-full\"><\/p>\n<p>Pa\u00eds:<\/p>\n<p>Argentina<\/p>\n<p>Serie:<\/p>\n<p>Music &amp; Dance<\/p>\n<p>C\u00f3digo de cat\u00e1logo:<\/p>\n<p>Michel AR 3072<\/p>\n<p>Stamp Number AR 2396<\/p>\n<p>Yvert et Tellier AR 2615<\/p>\n<p>Stanley Gibbons AR 3184<\/p>\n<p>Gz (Cefiloza) AR 2987<\/p>\n<p>G\u00f6tig and Jalil AR 3543<\/p>\n<p>WADP Numbering System &#8211; WNSAR051.06<\/p>\n<p>Temas:<\/p>\n<p>Danza | Emisiones Conjuntas | M\u00fasica<\/p>\n<p>Fecha emisi\u00f3n:<\/p>\n<p>2006-06-24<\/p>\n<p>Tama\u00f1o:<\/p>\n<p>44 x 34 mm<\/p>\n<p>Colores:<\/p>\n<p>Multicolor<\/p>\n<p>Formato:<\/p>\n<p>Sello<\/p>\n<p>Emisi\u00f3n:<\/p>\n<p>Conmemorativo<\/p>\n<p>Perforaci\u00f3n:<\/p>\n<p>peine13\u00be<\/p>\n<p>Impresi\u00f3n:<\/p>\n<p>Litograf\u00eda offset<\/p>\n<p>Valor facial:<\/p>\n<p>4 $ &#8211; Peso Argentino<\/p>\n<p>Tiraje:<\/p>\n<p>320.000<\/p>\n<p><a href=\"https:\/\/colnect.com\/stamps\/stamp\/316874\">https:\/\/colnect.com\/stamps\/stamp\/316874<\/a><\/p>","protected":false},"excerpt":{"rendered":"<p>Tango Pa\u00eds: Argentina Serie: Music &amp; Dance C\u00f3digo de cat\u00e1logo: Michel AR 3072 Stamp Number AR 2396 Yvert et Tellier AR 2615 Stanley Gibbons AR 3184 Gz (Cefiloza) AR 2987 G\u00f6tig and Jalil AR 3543 WADP Numbering System &#8211; WNSAR051.06 Temas: Danza | Emisiones Conjuntas | M\u00fasica Fecha emisi\u00f3n: 2006-06-24 Tama\u00f1o: 44 x 34 mm &hellip;<\/p>\n<p class=\"read-more\"> <a class=\"thunk-readmore button\" href=\"https:\/\/filatelia.cuentista.es\/en\/product\/sello-argentina-2006-tango-4-usado\"> <span class=\"screen-reader-text\">Sello Argentina 2006 &#8211; Tango &#8211; $4 Usado<\/span>Read More<\/a><\/p>","protected":false},"featured_media":6289,"comment_status":"open","ping_status":"closed","template":"","meta":{"_acf_changed":false},"product_brand":[],"product_cat":[1568,20],"product_tag":[],"class_list":{"0":"post-6290","1":"product","2":"type-product","3":"status-publish","4":"has-post-thumbnail","6":"product_cat-argentina","7":"product_cat-sellos-usados","8":"thunk-woo-product-list","9":"opn-qv-enable","10":"open-woo-hover-zoom","11":"open-single-product-tab-horizontal","12":"open-shadow-","13":"open-shadow-hover-","15":"first","16":"instock","17":"sale","18":"shipping-taxable","19":"purchasable","20":"product-type-simple"},"acf":[],"jetpack_sharing_enabled":true,"_links":{"self":[{"href":"https:\/\/filatelia.cuentista.es\/en\/wp-json\/wp\/v2\/product\/6290","targetHints":{"allow":["GET"]}}],"collection":[{"href":"https:\/\/filatelia.cuentista.es\/en\/wp-json\/wp\/v2\/product"}],"about":[{"href":"https:\/\/filatelia.cuentista.es\/en\/wp-json\/wp\/v2\/types\/product"}],"replies":[{"embeddable":true,"href":"https:\/\/filatelia.cuentista.es\/en\/wp-json\/wp\/v2\/comments?post=6290"}],"wp:featuredmedia":[{"embeddable":true,"href":"https:\/\/filatelia.cuentista.es\/en\/wp-json\/wp\/v2\/media\/6289"}],"wp:attachment":[{"href":"https:\/\/filatelia.cuentista.es\/en\/wp-json\/wp\/v2\/media?parent=6290"}],"wp:term":[{"taxonomy":"product_brand","embeddable":true,"href":"https:\/\/filatelia.cuentista.es\/en\/wp-json\/wp\/v2\/product_brand?post=6290"},{"taxonomy":"product_cat","embeddable":true,"href":"https:\/\/filatelia.cuentista.es\/en\/wp-json\/wp\/v2\/product_cat?post=6290"},{"taxonomy":"product_tag","embeddable":true,"href":"https:\/\/filatelia.cuentista.es\/en\/wp-json\/wp\/v2\/product_tag?post=6290"}],"curies":[{"name":"wp","href":"https:\/\/api.w.org\/{rel}","templated":true}]}}