{"id":6288,"date":"2024-11-08T18:20:32","date_gmt":"2024-11-08T18:20:32","guid":{"rendered":"https:\/\/filatelia.cuentista.es\/product\/sello-argentina-1985-exposicion-filatelica-010-australes-usado"},"modified":"2024-11-08T18:20:35","modified_gmt":"2024-11-08T18:20:35","slug":"sello-argentina-1985-exposicion-filatelica-010-australes-usado","status":"publish","type":"product","link":"https:\/\/filatelia.cuentista.es\/en\/product\/sello-argentina-1985-exposicion-filatelica-010-australes-usado","title":{"rendered":"Sello Argentina 1985 &#8211; Exposici\u00f3n Filat\u00e9lica &#8211; 0,10 Australes Usado"},"content":{"rendered":"<p>Buenos Aires to France, 1929 Saint Exup\u00e9ry Flight<\/p>\n<p><img class=\"size-full\"><\/p>\n<p>Pa\u00eds:<\/p>\n<p>Argentina<\/p>\n<p>Serie:<\/p>\n<p>Philatelic Expo Argentina &#8217;85<\/p>\n<p>C\u00f3digo de cat\u00e1logo:<\/p>\n<p>Michel AR 1760<\/p>\n<p>Stamp Number AR 1510<\/p>\n<p>Yvert et Tellier AR 1485<\/p>\n<p>Stanley Gibbons AR 1922<\/p>\n<p>Gz (Cefiloza) AR 1742<\/p>\n<p>G\u00f6tig and Jalil AR 2237<\/p>\n<p>Temas:<\/p>\n<p>Aviaci\u00f3n | Cartas (Correo) | Exposiciones Filat\u00e9licas | Sellos de Correos<\/p>\n<p>Fecha emisi\u00f3n:<\/p>\n<p>1985-08-10<\/p>\n<p>Tama\u00f1o:<\/p>\n<p>42 x 31 mm<\/p>\n<p>Colores:<\/p>\n<p>Multicolor<\/p>\n<p>Formato:<\/p>\n<p>Sello<\/p>\n<p>Emisi\u00f3n:<\/p>\n<p>Conmemorativo<\/p>\n<p>Perforaci\u00f3n:<\/p>\n<p>peine12 x 12\u00bd<\/p>\n<p>Impresi\u00f3n:<\/p>\n<p>Litograf\u00eda offset<\/p>\n<p>Valor facial:<\/p>\n<p>0,10 \u20b3 &#8211; Austral Argentino<\/p>\n<p>Tiraje:<\/p>\n<p>306.000<\/p>\n<p><a href=\"https:\/\/colnect.com\/stamps\/stamp\/391640\">https:\/\/colnect.com\/stamps\/stamp\/391640<\/a><\/p>","protected":false},"excerpt":{"rendered":"<p>Buenos Aires to France, 1929 Saint Exup\u00e9ry Flight Pa\u00eds: Argentina Serie: Philatelic Expo Argentina &#8217;85 C\u00f3digo de cat\u00e1logo: Michel AR 1760 Stamp Number AR 1510 Yvert et Tellier AR 1485 Stanley Gibbons AR 1922 Gz (Cefiloza) AR 1742 G\u00f6tig and Jalil AR 2237 Temas: Aviaci\u00f3n | Cartas (Correo) | Exposiciones Filat\u00e9licas | Sellos de Correos &hellip;<\/p>\n<p class=\"read-more\"> <a class=\"thunk-readmore button\" href=\"https:\/\/filatelia.cuentista.es\/en\/product\/sello-argentina-1985-exposicion-filatelica-010-australes-usado\"> <span class=\"screen-reader-text\">Sello Argentina 1985 &#8211; Exposici\u00f3n Filat\u00e9lica &#8211; 0,10 Australes Usado<\/span>Read More<\/a><\/p>","protected":false},"featured_media":6287,"comment_status":"open","ping_status":"closed","template":"","meta":{"_acf_changed":false},"product_brand":[],"product_cat":[1568,20],"product_tag":[],"class_list":{"0":"post-6288","1":"product","2":"type-product","3":"status-publish","4":"has-post-thumbnail","6":"product_cat-argentina","7":"product_cat-sellos-usados","8":"thunk-woo-product-list","9":"opn-qv-enable","10":"open-woo-hover-zoom","11":"open-single-product-tab-horizontal","12":"open-shadow-","13":"open-shadow-hover-","15":"first","16":"instock","17":"sale","18":"shipping-taxable","19":"purchasable","20":"product-type-simple"},"acf":[],"jetpack_sharing_enabled":true,"_links":{"self":[{"href":"https:\/\/filatelia.cuentista.es\/en\/wp-json\/wp\/v2\/product\/6288","targetHints":{"allow":["GET"]}}],"collection":[{"href":"https:\/\/filatelia.cuentista.es\/en\/wp-json\/wp\/v2\/product"}],"about":[{"href":"https:\/\/filatelia.cuentista.es\/en\/wp-json\/wp\/v2\/types\/product"}],"replies":[{"embeddable":true,"href":"https:\/\/filatelia.cuentista.es\/en\/wp-json\/wp\/v2\/comments?post=6288"}],"wp:featuredmedia":[{"embeddable":true,"href":"https:\/\/filatelia.cuentista.es\/en\/wp-json\/wp\/v2\/media\/6287"}],"wp:attachment":[{"href":"https:\/\/filatelia.cuentista.es\/en\/wp-json\/wp\/v2\/media?parent=6288"}],"wp:term":[{"taxonomy":"product_brand","embeddable":true,"href":"https:\/\/filatelia.cuentista.es\/en\/wp-json\/wp\/v2\/product_brand?post=6288"},{"taxonomy":"product_cat","embeddable":true,"href":"https:\/\/filatelia.cuentista.es\/en\/wp-json\/wp\/v2\/product_cat?post=6288"},{"taxonomy":"product_tag","embeddable":true,"href":"https:\/\/filatelia.cuentista.es\/en\/wp-json\/wp\/v2\/product_tag?post=6288"}],"curies":[{"name":"wp","href":"https:\/\/api.w.org\/{rel}","templated":true}]}}