{"id":6282,"date":"2024-11-08T06:51:05","date_gmt":"2024-11-08T06:51:05","guid":{"rendered":"https:\/\/filatelia.cuentista.es\/product\/sello-argentina-1986-francisco-ramirez-020-australes-usado"},"modified":"2024-11-08T06:51:08","modified_gmt":"2024-11-08T06:51:08","slug":"sello-argentina-1986-francisco-ramirez-020-australes-usado","status":"publish","type":"product","link":"https:\/\/filatelia.cuentista.es\/en\/product\/sello-argentina-1986-francisco-ramirez-020-australes-usado","title":{"rendered":"Sello Argentina 1986 &#8211; Francisco Ram\u00edrez &#8211; 0,20 Australes Usado"},"content":{"rendered":"<p>General Francisco Ram\u00edrez<\/p>\n<p><img class=\"size-full\"><\/p>\n<p>Pa\u00eds:<\/p>\n<p>Argentina<\/p>\n<p>Serie:<\/p>\n<p>Personalities &#8211; 1986<\/p>\n<p>C\u00f3digo de cat\u00e1logo:<\/p>\n<p>Michel AR 1817<\/p>\n<p>Stamp Number AR 1567<\/p>\n<p>Yvert et Tellier AR 1540<\/p>\n<p>Stanley Gibbons AR 1998<\/p>\n<p>Gz (Cefiloza) AR 1809<\/p>\n<p>G\u00f6tig and Jalil AR 2293<\/p>\n<p>Temas:<\/p>\n<p>Generales | Hombres | Oficiales Militares| Personajes Famosos<\/p>\n<p>Fecha emisi\u00f3n:<\/p>\n<p>1986-08-09<\/p>\n<p>Tama\u00f1o:<\/p>\n<p>34 x 45 mm<\/p>\n<p>Colores:<\/p>\n<p>Amarillo Marr\u00f3n<\/p>\n<p>Formato:<\/p>\n<p>Sello<\/p>\n<p>Emisi\u00f3n:<\/p>\n<p>Conmemorativo<\/p>\n<p>Perforaci\u00f3n:<\/p>\n<p>peine13\u00bd<\/p>\n<p>Impresi\u00f3n:<\/p>\n<p>Litograf\u00eda offset<\/p>\n<p>Valor facial:<\/p>\n<p>0,20 \u20b3 &#8211; Austral Argentino<\/p>\n<p>Tiraje:<\/p>\n<p>304.000<\/p>\n<p><a href=\"https:\/\/colnect.com\/stamps\/stamp\/396811\">https:\/\/colnect.com\/stamps\/stamp\/396811<\/a><\/p>","protected":false},"excerpt":{"rendered":"<p>General Francisco Ram\u00edrez Pa\u00eds: Argentina Serie: Personalities &#8211; 1986 C\u00f3digo de cat\u00e1logo: Michel AR 1817 Stamp Number AR 1567 Yvert et Tellier AR 1540 Stanley Gibbons AR 1998 Gz (Cefiloza) AR 1809 G\u00f6tig and Jalil AR 2293 Temas: Generales | Hombres | Oficiales Militares| Personajes Famosos Fecha emisi\u00f3n: 1986-08-09 Tama\u00f1o: 34 x 45 mm Colores: &hellip;<\/p>\n<p class=\"read-more\"> <a class=\"thunk-readmore button\" href=\"https:\/\/filatelia.cuentista.es\/en\/product\/sello-argentina-1986-francisco-ramirez-020-australes-usado\"> <span class=\"screen-reader-text\">Sello Argentina 1986 &#8211; Francisco Ram\u00edrez &#8211; 0,20 Australes Usado<\/span>Read More<\/a><\/p>","protected":false},"featured_media":6281,"comment_status":"open","ping_status":"closed","template":"","meta":{"_acf_changed":false},"product_brand":[],"product_cat":[1568,20],"product_tag":[],"class_list":{"0":"post-6282","1":"product","2":"type-product","3":"status-publish","4":"has-post-thumbnail","6":"product_cat-argentina","7":"product_cat-sellos-usados","8":"thunk-woo-product-list","9":"opn-qv-enable","10":"open-woo-hover-zoom","11":"open-single-product-tab-horizontal","12":"open-shadow-","13":"open-shadow-hover-","15":"first","16":"instock","17":"shipping-taxable","18":"purchasable","19":"product-type-simple"},"acf":[],"jetpack_sharing_enabled":true,"_links":{"self":[{"href":"https:\/\/filatelia.cuentista.es\/en\/wp-json\/wp\/v2\/product\/6282","targetHints":{"allow":["GET"]}}],"collection":[{"href":"https:\/\/filatelia.cuentista.es\/en\/wp-json\/wp\/v2\/product"}],"about":[{"href":"https:\/\/filatelia.cuentista.es\/en\/wp-json\/wp\/v2\/types\/product"}],"replies":[{"embeddable":true,"href":"https:\/\/filatelia.cuentista.es\/en\/wp-json\/wp\/v2\/comments?post=6282"}],"wp:featuredmedia":[{"embeddable":true,"href":"https:\/\/filatelia.cuentista.es\/en\/wp-json\/wp\/v2\/media\/6281"}],"wp:attachment":[{"href":"https:\/\/filatelia.cuentista.es\/en\/wp-json\/wp\/v2\/media?parent=6282"}],"wp:term":[{"taxonomy":"product_brand","embeddable":true,"href":"https:\/\/filatelia.cuentista.es\/en\/wp-json\/wp\/v2\/product_brand?post=6282"},{"taxonomy":"product_cat","embeddable":true,"href":"https:\/\/filatelia.cuentista.es\/en\/wp-json\/wp\/v2\/product_cat?post=6282"},{"taxonomy":"product_tag","embeddable":true,"href":"https:\/\/filatelia.cuentista.es\/en\/wp-json\/wp\/v2\/product_tag?post=6282"}],"curies":[{"name":"wp","href":"https:\/\/api.w.org\/{rel}","templated":true}]}}