{"id":628,"date":"2024-07-20T06:40:20","date_gmt":"2024-07-20T06:40:20","guid":{"rendered":"https:\/\/filatelia.cuentista.es\/product\/125-anos-th-delft"},"modified":"2024-07-21T19:51:37","modified_gmt":"2024-07-21T19:51:37","slug":"125-anos-th-delft","status":"publish","type":"product","link":"https:\/\/filatelia.cuentista.es\/en\/product\/125-anos-th-delft","title":{"rendered":"Sobre de Primer Dia: 125 a\u00f1os de la Universidad tecnica &#8211; TH Delft"},"content":{"rendered":"<p>125 a\u00f1os de la universidad tecnica de DELFT<\/p>\n<p>La\u00a0<b>Universidad Tecnol\u00f3gica de Delft<\/b>\u00a0(en\u00a0<a title=\"Idioma neerland\u00e9s\" href=\"https:\/\/es.wikipedia.org\/wiki\/Idioma_neerland%C3%A9s\">neerland\u00e9s<\/a>:\u00a0<b>Technische Universiteit Delft<\/b>) es uno de los centros de ense\u00f1anza superior m\u00e1s importantes de los\u00a0<a title=\"Pa\u00edses Bajos\" href=\"https:\/\/es.wikipedia.org\/wiki\/Pa%C3%ADses_Bajos\">Pa\u00edses Bajos<\/a>\u00a0y una de las universidades t\u00e9cnicas con m\u00e1s prestigio de\u00a0<a title=\"Europa\" href=\"https:\/\/es.wikipedia.org\/wiki\/Europa\">Europa<\/a>\u00a0y del mundo.<\/p>\n<p>Delft es una ciudad surcada por canales y situada en la Holanda Meridional. Es conocida por ser el n\u00facleo de producci\u00f3n de la alfarer\u00eda de Delft (cer\u00e1micas pintadas en blanco y azul). En el casco antiguo est\u00e1 la Iglesia Vieja, de estilo medieval, donde se encuentra el sepulcro del pintor Johannes Vermeer, oriundo de la ciudad. La Iglesia Nueva, del siglo XV, que tiene vistas a la animada plaza del mercado, fue en su d\u00eda la sede de la casa real de Orange y alberga el mausoleo de la familia.<\/p>\n<p class=\"p1\"><b>Los sobres de primer d\u00eda son objetos de colecci\u00f3n muy valorados por los filat\u00e9licos.<\/b> Estos sobres especiales se utilizan para enviar una carta el mismo d\u00eda en que se emite un nuevo sello postal. Al ser los primeros en utilizar ese sello en particular, adquieren un valor a\u00f1adido para los coleccionistas. Los sobres de primer d\u00eda suelen incluir un matasellos con la fecha de emisi\u00f3n y el nombre de la oficina de correos donde se expidi\u00f3 el sello, lo que los convierte en piezas \u00fanicas y aut\u00e9nticas. Adem\u00e1s de su valor filat\u00e9lico, estos sobres a menudo presentan dise\u00f1os atractivos y conmemorativos, relacionados con el tema del sello emitido, lo que los convierte en peque\u00f1os tesoros para los amantes de la historia y el arte postal.<\/p>","protected":false},"excerpt":{"rendered":"<p>125 a\u00f1os de la Universidad tecnica &#8211; TH Delft<\/p>","protected":false},"featured_media":716,"comment_status":"open","ping_status":"closed","template":"","meta":{"_acf_changed":false},"product_brand":[],"product_cat":[19],"product_tag":[164,156,223,189,224,225,218],"class_list":{"0":"post-628","1":"product","2":"type-product","3":"status-publish","4":"has-post-thumbnail","6":"product_cat-spd-sobres-primer-dia","7":"product_tag-164","8":"product_tag-aniversario","9":"product_tag-delft","10":"product_tag-spd","11":"product_tag-tecnica","12":"product_tag-tecnologia","13":"product_tag-universidad","14":"thunk-woo-product-list","15":"opn-qv-enable","16":"open-woo-hover-zoom","17":"open-single-product-tab-horizontal","18":"open-shadow-","19":"open-shadow-hover-","21":"first","22":"instock","23":"sale","24":"shipping-taxable","25":"purchasable","26":"product-type-simple"},"acf":[],"jetpack_sharing_enabled":true,"_links":{"self":[{"href":"https:\/\/filatelia.cuentista.es\/en\/wp-json\/wp\/v2\/product\/628","targetHints":{"allow":["GET"]}}],"collection":[{"href":"https:\/\/filatelia.cuentista.es\/en\/wp-json\/wp\/v2\/product"}],"about":[{"href":"https:\/\/filatelia.cuentista.es\/en\/wp-json\/wp\/v2\/types\/product"}],"replies":[{"embeddable":true,"href":"https:\/\/filatelia.cuentista.es\/en\/wp-json\/wp\/v2\/comments?post=628"}],"wp:featuredmedia":[{"embeddable":true,"href":"https:\/\/filatelia.cuentista.es\/en\/wp-json\/wp\/v2\/media\/716"}],"wp:attachment":[{"href":"https:\/\/filatelia.cuentista.es\/en\/wp-json\/wp\/v2\/media?parent=628"}],"wp:term":[{"taxonomy":"product_brand","embeddable":true,"href":"https:\/\/filatelia.cuentista.es\/en\/wp-json\/wp\/v2\/product_brand?post=628"},{"taxonomy":"product_cat","embeddable":true,"href":"https:\/\/filatelia.cuentista.es\/en\/wp-json\/wp\/v2\/product_cat?post=628"},{"taxonomy":"product_tag","embeddable":true,"href":"https:\/\/filatelia.cuentista.es\/en\/wp-json\/wp\/v2\/product_tag?post=628"}],"curies":[{"name":"wp","href":"https:\/\/api.w.org\/{rel}","templated":true}]}}