{"id":6274,"date":"2024-11-07T21:56:43","date_gmt":"2024-11-07T21:56:43","guid":{"rendered":"https:\/\/filatelia.cuentista.es\/product\/sello-argentina-1994-coprinus-atramentarius-25-c-usado"},"modified":"2024-11-07T21:57:07","modified_gmt":"2024-11-07T21:57:07","slug":"sello-argentina-1994-coprinus-atramentarius-25-c-usado","status":"publish","type":"product","link":"https:\/\/filatelia.cuentista.es\/en\/product\/sello-argentina-1994-coprinus-atramentarius-25-c-usado","title":{"rendered":"Sello Argentina 1994 &#8211; Coprinus Atramentarius &#8211; 25 C Usado"},"content":{"rendered":"<p>Coprinus atramentarius<\/p>\n<p><img class=\"size-full\"><\/p>\n<p>Pa\u00eds:<\/p>\n<p>Argentina<\/p>\n<p>Serie:<\/p>\n<p>Mushrooms &amp; Fungi &#8211; small size<\/p>\n<p>C\u00f3digo de cat\u00e1logo:<\/p>\n<p>Michel AR 2205<\/p>\n<p>Stamp Number AR 1820<\/p>\n<p>Yvert et Tellier AR 1837<\/p>\n<p>Stanley Gibbons AR 2366<\/p>\n<p>Gz (Cefiloza) AR 2177<\/p>\n<p>G\u00f6tig and Jalil AR 2670<\/p>\n<p>Temas:<\/p>\n<p>Setas<\/p>\n<p>Fecha emisi\u00f3n:<\/p>\n<p>1994-06-14<\/p>\n<p>Tama\u00f1o:<\/p>\n<p>24 x 30.5 mm<\/p>\n<p>Colores:<\/p>\n<p>Multicolor<\/p>\n<p>Marca de agua:<\/p>\n<p>Sin Marca de agua<\/p>\n<p>Dise\u00f1adores:<\/p>\n<p>Carlos A. Quaglia<\/p>\n<p>Impresores\/Imprentas:<\/p>\n<p>Casa de Moneda S.E., Buenos Aires<\/p>\n<p>Formato:<\/p>\n<p>Sello<\/p>\n<p>Emisi\u00f3n:<\/p>\n<p>Definitivo<\/p>\n<p>Perforaci\u00f3n:<\/p>\n<p>peine13\u00bd<\/p>\n<p>Impresi\u00f3n:<\/p>\n<p>Litograf\u00eda offset<\/p>\n<p>Papel:<\/p>\n<p>Unwatermarked<\/p>\n<p>Goma:<\/p>\n<p>Ordinaria<\/p>\n<p>Valor facial:<\/p>\n<p>25 \u00a2 &#8211; Centavo Argentino<\/p>\n<p>Tiraje:<\/p>\n<p>3.000.000<\/p>\n<p><a href=\"https:\/\/colnect.com\/stamps\/stamp\/176092\">https:\/\/colnect.com\/stamps\/stamp\/176092<\/a><\/p>","protected":false},"excerpt":{"rendered":"<p>Coprinus atramentarius Pa\u00eds: Argentina Serie: Mushrooms &amp; Fungi &#8211; small size C\u00f3digo de cat\u00e1logo: Michel AR 2205 Stamp Number AR 1820 Yvert et Tellier AR 1837 Stanley Gibbons AR 2366 Gz (Cefiloza) AR 2177 G\u00f6tig and Jalil AR 2670 Temas: Setas Fecha emisi\u00f3n: 1994-06-14 Tama\u00f1o: 24 x 30.5 mm Colores: Multicolor Marca de agua: Sin &hellip;<\/p>\n<p class=\"read-more\"> <a class=\"thunk-readmore button\" href=\"https:\/\/filatelia.cuentista.es\/en\/product\/sello-argentina-1994-coprinus-atramentarius-25-c-usado\"> <span class=\"screen-reader-text\">Sello Argentina 1994 &#8211; Coprinus Atramentarius &#8211; 25 C Usado<\/span>Read More<\/a><\/p>","protected":false},"featured_media":6273,"comment_status":"open","ping_status":"closed","template":"","meta":{"_acf_changed":false},"product_brand":[],"product_cat":[1568,20],"product_tag":[],"class_list":{"0":"post-6274","1":"product","2":"type-product","3":"status-publish","4":"has-post-thumbnail","6":"product_cat-argentina","7":"product_cat-sellos-usados","8":"thunk-woo-product-list","9":"opn-qv-enable","10":"open-woo-hover-zoom","11":"open-single-product-tab-horizontal","12":"open-shadow-","13":"open-shadow-hover-","15":"first","16":"instock","17":"sale","18":"shipping-taxable","19":"purchasable","20":"product-type-simple"},"acf":[],"jetpack_sharing_enabled":true,"_links":{"self":[{"href":"https:\/\/filatelia.cuentista.es\/en\/wp-json\/wp\/v2\/product\/6274","targetHints":{"allow":["GET"]}}],"collection":[{"href":"https:\/\/filatelia.cuentista.es\/en\/wp-json\/wp\/v2\/product"}],"about":[{"href":"https:\/\/filatelia.cuentista.es\/en\/wp-json\/wp\/v2\/types\/product"}],"replies":[{"embeddable":true,"href":"https:\/\/filatelia.cuentista.es\/en\/wp-json\/wp\/v2\/comments?post=6274"}],"wp:featuredmedia":[{"embeddable":true,"href":"https:\/\/filatelia.cuentista.es\/en\/wp-json\/wp\/v2\/media\/6273"}],"wp:attachment":[{"href":"https:\/\/filatelia.cuentista.es\/en\/wp-json\/wp\/v2\/media?parent=6274"}],"wp:term":[{"taxonomy":"product_brand","embeddable":true,"href":"https:\/\/filatelia.cuentista.es\/en\/wp-json\/wp\/v2\/product_brand?post=6274"},{"taxonomy":"product_cat","embeddable":true,"href":"https:\/\/filatelia.cuentista.es\/en\/wp-json\/wp\/v2\/product_cat?post=6274"},{"taxonomy":"product_tag","embeddable":true,"href":"https:\/\/filatelia.cuentista.es\/en\/wp-json\/wp\/v2\/product_tag?post=6274"}],"curies":[{"name":"wp","href":"https:\/\/api.w.org\/{rel}","templated":true}]}}