{"id":6266,"date":"2024-11-07T21:31:45","date_gmt":"2024-11-07T21:31:45","guid":{"rendered":"https:\/\/filatelia.cuentista.es\/product\/sello-brasil-1984-castana-de-para-8000cr"},"modified":"2024-11-07T21:31:48","modified_gmt":"2024-11-07T21:31:48","slug":"sello-brasil-1984-castana-de-para-8000cr","status":"publish","type":"product","link":"https:\/\/filatelia.cuentista.es\/en\/product\/sello-brasil-1984-castana-de-para-8000cr","title":{"rendered":"Sello Brasil 1984 &#8211; Casta\u00f1a de Para &#8211; 80,00Cr$"},"content":{"rendered":"<p>Brazil Nuts<\/p>\n<p><img class=\"size-full\"><\/p>\n<p>Pa\u00eds:<\/p>\n<p>Brasil<\/p>\n<p>Serie:<\/p>\n<p>Natural Economy Resources<\/p>\n<p>C\u00f3digo de cat\u00e1logo:<\/p>\n<p>Michel BR 2048<\/p>\n<p>Stamp Number BR 1935<\/p>\n<p>Yvert et Tellier BR 1661<\/p>\n<p>Stanley Gibbons BR 1827a<\/p>\n<p>RHM BR 622<\/p>\n<p>Temas:<\/p>\n<p>Frutas y bayas | Nueces | Plantas (Flora)| \u00c1rboles<\/p>\n<p>Fecha emisi\u00f3n:<\/p>\n<p>1984-06<\/p>\n<p>Fecha de caducidad:<\/p>\n<p>1986-04<\/p>\n<p>Tama\u00f1o:<\/p>\n<p>26 x 22 mm<\/p>\n<p>Colores:<\/p>\n<p>Carm\u00edn<\/p>\n<p>Marca de agua:<\/p>\n<p>Sin Marca de agua<\/p>\n<p>Impresores\/Imprentas:<\/p>\n<p>Casa da Moeda do Brasil<\/p>\n<p>Formato:<\/p>\n<p>Sello<\/p>\n<p>Emisi\u00f3n:<\/p>\n<p>Definitivo<\/p>\n<p>Perforaci\u00f3n:<\/p>\n<p>peine11\u00bd x 11<\/p>\n<p>Impresi\u00f3n:<\/p>\n<p>Fotograbado<\/p>\n<p>Papel:<\/p>\n<p>Couch\u00e9 phosphorescent<\/p>\n<p>Goma:<\/p>\n<p>Lustroso<\/p>\n<p>Valor facial:<\/p>\n<p>80 Cruzeiro de Brasil<\/p>\n<p><a href=\"https:\/\/colnect.com\/stamps\/stamp\/264836\">https:\/\/colnect.com\/stamps\/stamp\/264836<\/a><\/p>","protected":false},"excerpt":{"rendered":"<p>Brazil Nuts Pa\u00eds: Brasil Serie: Natural Economy Resources C\u00f3digo de cat\u00e1logo: Michel BR 2048 Stamp Number BR 1935 Yvert et Tellier BR 1661 Stanley Gibbons BR 1827a RHM BR 622 Temas: Frutas y bayas | Nueces | Plantas (Flora)| \u00c1rboles Fecha emisi\u00f3n: 1984-06 Fecha de caducidad: 1986-04 Tama\u00f1o: 26 x 22 mm Colores: Carm\u00edn Marca &hellip;<\/p>\n<p class=\"read-more\"> <a class=\"thunk-readmore button\" href=\"https:\/\/filatelia.cuentista.es\/en\/product\/sello-brasil-1984-castana-de-para-8000cr\"> <span class=\"screen-reader-text\">Sello Brasil 1984 &#8211; Casta\u00f1a de Para &#8211; 80,00Cr$<\/span>Read More<\/a><\/p>","protected":false},"featured_media":6265,"comment_status":"open","ping_status":"closed","template":"","meta":{"_acf_changed":false},"product_brand":[],"product_cat":[1294,20],"product_tag":[],"class_list":{"0":"post-6266","1":"product","2":"type-product","3":"status-publish","4":"has-post-thumbnail","6":"product_cat-brasil","7":"product_cat-sellos-usados","8":"thunk-woo-product-list","9":"opn-qv-enable","10":"open-woo-hover-zoom","11":"open-single-product-tab-horizontal","12":"open-shadow-","13":"open-shadow-hover-","15":"first","16":"instock","17":"shipping-taxable","18":"purchasable","19":"product-type-simple"},"acf":[],"jetpack_sharing_enabled":true,"_links":{"self":[{"href":"https:\/\/filatelia.cuentista.es\/en\/wp-json\/wp\/v2\/product\/6266","targetHints":{"allow":["GET"]}}],"collection":[{"href":"https:\/\/filatelia.cuentista.es\/en\/wp-json\/wp\/v2\/product"}],"about":[{"href":"https:\/\/filatelia.cuentista.es\/en\/wp-json\/wp\/v2\/types\/product"}],"replies":[{"embeddable":true,"href":"https:\/\/filatelia.cuentista.es\/en\/wp-json\/wp\/v2\/comments?post=6266"}],"wp:featuredmedia":[{"embeddable":true,"href":"https:\/\/filatelia.cuentista.es\/en\/wp-json\/wp\/v2\/media\/6265"}],"wp:attachment":[{"href":"https:\/\/filatelia.cuentista.es\/en\/wp-json\/wp\/v2\/media?parent=6266"}],"wp:term":[{"taxonomy":"product_brand","embeddable":true,"href":"https:\/\/filatelia.cuentista.es\/en\/wp-json\/wp\/v2\/product_brand?post=6266"},{"taxonomy":"product_cat","embeddable":true,"href":"https:\/\/filatelia.cuentista.es\/en\/wp-json\/wp\/v2\/product_cat?post=6266"},{"taxonomy":"product_tag","embeddable":true,"href":"https:\/\/filatelia.cuentista.es\/en\/wp-json\/wp\/v2\/product_tag?post=6266"}],"curies":[{"name":"wp","href":"https:\/\/api.w.org\/{rel}","templated":true}]}}