{"id":6264,"date":"2024-11-07T21:12:08","date_gmt":"2024-11-07T21:12:08","guid":{"rendered":"https:\/\/filatelia.cuentista.es\/product\/sello-argentina-1982-flores-palo-borracho-500-pesos-nuevo"},"modified":"2024-11-07T21:12:11","modified_gmt":"2024-11-07T21:12:11","slug":"sello-argentina-1982-flores-palo-borracho-500-pesos-nuevo","status":"publish","type":"product","link":"https:\/\/filatelia.cuentista.es\/en\/product\/sello-argentina-1982-flores-palo-borracho-500-pesos-nuevo","title":{"rendered":"Sello Argentina 1982 &#8211; Flores : Palo Borracho &#8211; 500 Pesos Nuevo"},"content":{"rendered":"<p>Palo Borracho (Chorisia speciosa) &#8211; Fluo<\/p>\n<p><img class=\"size-full\"><\/p>\n<p>Pa\u00eds:<\/p>\n<p>Argentina<\/p>\n<p>Serie:<\/p>\n<p>Flowers &#8211; Peso ley<\/p>\n<p>C\u00f3digo de cat\u00e1logo:<\/p>\n<p>Michel AR 1560x<\/p>\n<p>Stamp Number AR 1347<\/p>\n<p>Yvert et Tellier AR 1290<\/p>\n<p>Stanley Gibbons AR 1746<\/p>\n<p>Gz (Cefiloza) AR 1558<\/p>\n<p>G\u00f6tig and Jalil AR 2028<\/p>\n<p>Tiene variantes menores: 1<\/p>\n<p>Temas:<\/p>\n<p>Flores | Plantas (Flora)<\/p>\n<p>Fecha emisi\u00f3n:<\/p>\n<p>1982-05-22<\/p>\n<p>Tama\u00f1o:<\/p>\n<p>27 x 38.5 mm<\/p>\n<p>Colores:<\/p>\n<p>Multicolor<\/p>\n<p>Dise\u00f1adores:<\/p>\n<p>Julio Miguel Fouret<\/p>\n<p>Formato:<\/p>\n<p>Sello<\/p>\n<p>Emisi\u00f3n:<\/p>\n<p>Definitivo<\/p>\n<p>Perforaci\u00f3n:<\/p>\n<p>peine13\u00bd<\/p>\n<p>Impresi\u00f3n:<\/p>\n<p>Fotograbado<\/p>\n<p>Papel:<\/p>\n<p>fluorescent FN (strong at front, neutral at back), glossy<\/p>\n<p>Valor facial:<\/p>\n<p>500 $L &#8211; Peso Ley Argentino<\/p>\n<p><a href=\"https:\/\/colnect.com\/stamps\/stamp\/423023\">https:\/\/colnect.com\/stamps\/stamp\/423023<\/a><\/p>","protected":false},"excerpt":{"rendered":"<p>Palo Borracho (Chorisia speciosa) &#8211; Fluo Pa\u00eds: Argentina Serie: Flowers &#8211; Peso ley C\u00f3digo de cat\u00e1logo: Michel AR 1560x Stamp Number AR 1347 Yvert et Tellier AR 1290 Stanley Gibbons AR 1746 Gz (Cefiloza) AR 1558 G\u00f6tig and Jalil AR 2028 Tiene variantes menores: 1 Temas: Flores | Plantas (Flora) Fecha emisi\u00f3n: 1982-05-22 Tama\u00f1o: 27 &hellip;<\/p>\n<p class=\"read-more\"> <a class=\"thunk-readmore button\" href=\"https:\/\/filatelia.cuentista.es\/en\/product\/sello-argentina-1982-flores-palo-borracho-500-pesos-nuevo\"> <span class=\"screen-reader-text\">Sello Argentina 1982 &#8211; Flores : Palo Borracho &#8211; 500 Pesos Nuevo<\/span>Read More<\/a><\/p>","protected":false},"featured_media":6263,"comment_status":"open","ping_status":"closed","template":"","meta":{"_acf_changed":false},"product_brand":[],"product_cat":[1568,21],"product_tag":[],"class_list":{"0":"post-6264","1":"product","2":"type-product","3":"status-publish","4":"has-post-thumbnail","6":"product_cat-argentina","7":"product_cat-sellos-nuevos","8":"thunk-woo-product-list","9":"opn-qv-enable","10":"open-woo-hover-zoom","11":"open-single-product-tab-horizontal","12":"open-shadow-","13":"open-shadow-hover-","15":"first","16":"instock","17":"shipping-taxable","18":"purchasable","19":"product-type-simple"},"acf":[],"jetpack_sharing_enabled":true,"_links":{"self":[{"href":"https:\/\/filatelia.cuentista.es\/en\/wp-json\/wp\/v2\/product\/6264","targetHints":{"allow":["GET"]}}],"collection":[{"href":"https:\/\/filatelia.cuentista.es\/en\/wp-json\/wp\/v2\/product"}],"about":[{"href":"https:\/\/filatelia.cuentista.es\/en\/wp-json\/wp\/v2\/types\/product"}],"replies":[{"embeddable":true,"href":"https:\/\/filatelia.cuentista.es\/en\/wp-json\/wp\/v2\/comments?post=6264"}],"wp:featuredmedia":[{"embeddable":true,"href":"https:\/\/filatelia.cuentista.es\/en\/wp-json\/wp\/v2\/media\/6263"}],"wp:attachment":[{"href":"https:\/\/filatelia.cuentista.es\/en\/wp-json\/wp\/v2\/media?parent=6264"}],"wp:term":[{"taxonomy":"product_brand","embeddable":true,"href":"https:\/\/filatelia.cuentista.es\/en\/wp-json\/wp\/v2\/product_brand?post=6264"},{"taxonomy":"product_cat","embeddable":true,"href":"https:\/\/filatelia.cuentista.es\/en\/wp-json\/wp\/v2\/product_cat?post=6264"},{"taxonomy":"product_tag","embeddable":true,"href":"https:\/\/filatelia.cuentista.es\/en\/wp-json\/wp\/v2\/product_tag?post=6264"}],"curies":[{"name":"wp","href":"https:\/\/api.w.org\/{rel}","templated":true}]}}