{"id":6260,"date":"2024-11-07T21:02:43","date_gmt":"2024-11-07T21:02:43","guid":{"rendered":"https:\/\/filatelia.cuentista.es\/product\/sello-argentina-1940-mercurio-50c-correo-aereo-usado"},"modified":"2024-11-07T21:02:46","modified_gmt":"2024-11-07T21:02:46","slug":"sello-argentina-1940-mercurio-50c-correo-aereo-usado","status":"publish","type":"product","link":"https:\/\/filatelia.cuentista.es\/en\/product\/sello-argentina-1940-mercurio-50c-correo-aereo-usado","title":{"rendered":"Sello Argentina 1940 &#8211; Mercurio &#8211; 50c Correo A\u00e9reo Usado"},"content":{"rendered":"<p>Mercury<\/p>\n<p><img class=\"size-full\"><img class=\"size-full\"><\/p>\n<p>Pa\u00eds:<\/p>\n<p>Argentina<\/p>\n<p>Serie:<\/p>\n<p>Air Mail 1940<\/p>\n<p>C\u00f3digo de cat\u00e1logo:<\/p>\n<p>Michel AR 457<\/p>\n<p>Stamp Number AR C39<\/p>\n<p>Yvert et Tellier AR PA21<\/p>\n<p>Stanley Gibbons AR 690<\/p>\n<p>Gz (Cefiloza) AR Ae39<\/p>\n<p>G\u00f6tig and Jalil AR 846<\/p>\n<p>Variantes:<\/p>\n<p>Click para ver variantes<\/p>\n<p>Temas:<\/p>\n<p>Aviaci\u00f3n | Aviones | Dioses | Mitolog\u00eda<\/p>\n<p>Fecha emisi\u00f3n:<\/p>\n<p>1940-10-23<\/p>\n<p>Tama\u00f1o:<\/p>\n<p>26 x 37.5 mm<\/p>\n<p>Colores:<\/p>\n<p>Marr\u00f3n<\/p>\n<p>Marca de agua:<\/p>\n<p>Sol ovalado RA (10&#215;10,5 mm) normal\/invertida, \u201cA\u201d de RA c\u00f3nica<\/p>\n<p>Formato:<\/p>\n<p>Sello<\/p>\n<p>Emisi\u00f3n:<\/p>\n<p>Correo A\u00e9reo<\/p>\n<p>Perforaci\u00f3n:<\/p>\n<p>13\u00bd x 13<\/p>\n<p>Impresi\u00f3n:<\/p>\n<p>Fotograbado<\/p>\n<p>Papel:<\/p>\n<p>Dutch, vertically grained &amp; horizontally laid<\/p>\n<p>Valor facial:<\/p>\n<p>50 \u00a2 &#8211; Centavo Argentino<\/p>\n<p>Tiraje:<\/p>\n<p>300.000<\/p>\n<p><a href=\"https:\/\/colnect.com\/stamps\/stamp\/128880\">https:\/\/colnect.com\/stamps\/stamp\/128880<\/a><\/p>","protected":false},"excerpt":{"rendered":"<p>Mercury Pa\u00eds: Argentina Serie: Air Mail 1940 C\u00f3digo de cat\u00e1logo: Michel AR 457 Stamp Number AR C39 Yvert et Tellier AR PA21 Stanley Gibbons AR 690 Gz (Cefiloza) AR Ae39 G\u00f6tig and Jalil AR 846 Variantes: Click para ver variantes Temas: Aviaci\u00f3n | Aviones | Dioses | Mitolog\u00eda Fecha emisi\u00f3n: 1940-10-23 Tama\u00f1o: 26 x 37.5 &hellip;<\/p>\n<p class=\"read-more\"> <a class=\"thunk-readmore button\" href=\"https:\/\/filatelia.cuentista.es\/en\/product\/sello-argentina-1940-mercurio-50c-correo-aereo-usado\"> <span class=\"screen-reader-text\">Sello Argentina 1940 &#8211; Mercurio &#8211; 50c Correo A\u00e9reo Usado<\/span>Read More<\/a><\/p>","protected":false},"featured_media":6259,"comment_status":"open","ping_status":"closed","template":"","meta":{"_acf_changed":false},"product_brand":[],"product_cat":[1568,20],"product_tag":[],"class_list":{"0":"post-6260","1":"product","2":"type-product","3":"status-publish","4":"has-post-thumbnail","6":"product_cat-argentina","7":"product_cat-sellos-usados","8":"thunk-woo-product-list","9":"opn-qv-enable","10":"open-woo-hover-zoom","11":"open-single-product-tab-horizontal","12":"open-shadow-","13":"open-shadow-hover-","15":"first","16":"instock","17":"shipping-taxable","18":"purchasable","19":"product-type-simple"},"acf":[],"jetpack_sharing_enabled":true,"_links":{"self":[{"href":"https:\/\/filatelia.cuentista.es\/en\/wp-json\/wp\/v2\/product\/6260","targetHints":{"allow":["GET"]}}],"collection":[{"href":"https:\/\/filatelia.cuentista.es\/en\/wp-json\/wp\/v2\/product"}],"about":[{"href":"https:\/\/filatelia.cuentista.es\/en\/wp-json\/wp\/v2\/types\/product"}],"replies":[{"embeddable":true,"href":"https:\/\/filatelia.cuentista.es\/en\/wp-json\/wp\/v2\/comments?post=6260"}],"wp:featuredmedia":[{"embeddable":true,"href":"https:\/\/filatelia.cuentista.es\/en\/wp-json\/wp\/v2\/media\/6259"}],"wp:attachment":[{"href":"https:\/\/filatelia.cuentista.es\/en\/wp-json\/wp\/v2\/media?parent=6260"}],"wp:term":[{"taxonomy":"product_brand","embeddable":true,"href":"https:\/\/filatelia.cuentista.es\/en\/wp-json\/wp\/v2\/product_brand?post=6260"},{"taxonomy":"product_cat","embeddable":true,"href":"https:\/\/filatelia.cuentista.es\/en\/wp-json\/wp\/v2\/product_cat?post=6260"},{"taxonomy":"product_tag","embeddable":true,"href":"https:\/\/filatelia.cuentista.es\/en\/wp-json\/wp\/v2\/product_tag?post=6260"}],"curies":[{"name":"wp","href":"https:\/\/api.w.org\/{rel}","templated":true}]}}